{"id":47813,"date":"2023-06-26T16:15:01","date_gmt":"2023-06-26T16:15:01","guid":{"rendered":"https:\/\/dentafrica.com\/?product=lampe-led-light-pen-kent-dental"},"modified":"2024-04-25T17:52:27","modified_gmt":"2024-04-25T17:52:27","slug":"lampe-led-light-pen-kent-dental","status":"publish","type":"product","link":"https:\/\/dentafrica.com\/?product=lampe-led-light-pen-kent-dental","title":{"rendered":"Lampe LED Light Pen &#8211; Kent Dental"},"content":{"rendered":"<p><span data-mce-fragment=\"1\">Cette lampe \u00e0 photopolym\u00e9riser LED sans fil se caract\u00e9rise par une grande puissance et une manipulation ais\u00e9e. L\u00e9g\u00e8re et ergonomique, avec ses larges boutons plats, Light Pen est confortable d\u2019utilisation. Un \u00e9cran d&rsquo;affichage indique le temps \u00e9coul\u00e9 et l&rsquo;autonomie restante de la batterie. Temps de polym\u00e9risation pr\u00e9s\u00e9lectionn\u00e9s : 5, 10, 15 et 20 secondes. Mode \u00abFast curing\u00bb : d\u00e9marrage doux \u00ab Soft start \u00bb de 3 secondes suivi d\u2019une polym\u00e9risation \u00e0 pleine puissance continue. Le temps choisi n\u2019est d\u00e9compt\u00e9 qu\u2019\u00e0 puissance maximale. Light Pen \u00e9met un bip lorsque le temps est \u00e9coul\u00e9. Le nettoyage est facile et la fibre optique est autoclavable. <\/span><\/p>\n<p><span data-mce-fragment=\"1\">Dispositif me\u0301dical de classe I. Fabricant CFPM. <\/span><\/p>\n<p><span data-mce-fragment=\"1\">Couleur : Blanc Garantie : 1 an<br \/> Autonomie : 66 min<br \/> Alimentation : 100\/240 V 50\/60 Hz<br \/> Diam\u00e8tre interne : 145 mm<br \/> Intensit\u00e9 lumineuse : 1000 mw\/cm2<br \/> Longueur d&rsquo;ondes : 420-480 nm<br \/> Dimensions de la base L x l x H : 11,8 x 10,5 x 9,3 cm <br \/>Poids de la base : 89 gr<br \/>Temps de chargement : 4 \u00e0 5 h<br \/> Dimensions pi\u00e8ce \u00e0 main L x l x H : 34 x 31 x 260 cm<br \/> Puissance maximale : 1000 w<\/span><\/p>\n<p><span data-mce-fragment=\"1\">Le coffret comprend : 1 pi\u00e8ce \u00e0 main, 1 base, 1 fibre optique noire diam\u00e8tre : 8 mm, 1 protecteur ovale<\/span><\/p>\n<p><span data-mce-fragment=\"1\"><strong>Accessoires :<\/strong><br \/>La fibre optique : <br \/><\/span><\/p>\n<ul>\n<li><span data-mce-fragment=\"1\">Translucide<\/span><\/li>\n<li><span data-mce-fragment=\"1\">Noire<\/span><\/li>\n<\/ul>\n<p><span data-mce-fragment=\"1\"><span data-mce-fragment=\"1\"><span data-mce-fragment=\"1\">La batterie\u00a0<\/span><\/span><\/span><\/p>\n","protected":false},"excerpt":{"rendered":"<p>Cette lampe \u00e0 photopolym\u00e9riser LED sans fil se caract\u00e9rise par une grande puissance et une manipulation ais\u00e9e. L\u00e9g\u00e8re et ergonomique, avec ses larges boutons plats, Light Pen est confortable d\u2019utilisation. Un \u00e9cran d&rsquo;affichage indique le temps \u00e9coul\u00e9 et l&rsquo;autonomie restante de la batterie. Temps de polym\u00e9risation pr\u00e9s\u00e9lectionn\u00e9s : 5, 10, 15 et 20 secondes. Mode [&hellip;]<\/p>\n","protected":false},"featured_media":50392,"comment_status":"open","ping_status":"closed","template":"","meta":[],"product_cat":[1444],"product_tag":[577,1566,578,1483,1551,1452,1453,1468],"class_list":{"0":"post-47813","1":"product","2":"type-product","3":"status-publish","4":"has-post-thumbnail","6":"product_cat-non-classe","7":"product_tag-appareil_lampe-a-photopolymeriser","8":"product_tag-appareils","9":"product_tag-lampe-a-photopolymeriser","10":"product_tag-le-cabinet","11":"product_tag-marque_kent-dental","12":"product_tag-omnipratique","13":"product_tag-produits-annexes","14":"product_tag-safe-implant","16":"first","17":"instock","18":"shipping-taxable","19":"purchasable","20":"product-type-variable"},"_links":{"self":[{"href":"https:\/\/dentafrica.com\/index.php?rest_route=\/wp\/v2\/product\/47813","targetHints":{"allow":["GET"]}}],"collection":[{"href":"https:\/\/dentafrica.com\/index.php?rest_route=\/wp\/v2\/product"}],"about":[{"href":"https:\/\/dentafrica.com\/index.php?rest_route=\/wp\/v2\/types\/product"}],"replies":[{"embeddable":true,"href":"https:\/\/dentafrica.com\/index.php?rest_route=%2Fwp%2Fv2%2Fcomments&post=47813"}],"wp:featuredmedia":[{"embeddable":true,"href":"https:\/\/dentafrica.com\/index.php?rest_route=\/wp\/v2\/media\/50392"}],"wp:attachment":[{"href":"https:\/\/dentafrica.com\/index.php?rest_route=%2Fwp%2Fv2%2Fmedia&parent=47813"}],"wp:term":[{"taxonomy":"product_cat","embeddable":true,"href":"https:\/\/dentafrica.com\/index.php?rest_route=%2Fwp%2Fv2%2Fproduct_cat&post=47813"},{"taxonomy":"product_tag","embeddable":true,"href":"https:\/\/dentafrica.com\/index.php?rest_route=%2Fwp%2Fv2%2Fproduct_tag&post=47813"}],"curies":[{"name":"wp","href":"https:\/\/api.w.org\/{rel}","templated":true}]}}