{"id":47718,"date":"2023-06-26T16:14:12","date_gmt":"2023-06-26T16:14:12","guid":{"rendered":"https:\/\/dentafrica.com\/?product=kit-escom100-resine-composite-nano-hybride-restauratrice-photopolymerisable"},"modified":"2024-04-25T17:52:18","modified_gmt":"2024-04-25T17:52:18","slug":"kit-escom100-resine-composite-nano-hybride-restauratrice-photopolymerisable","status":"publish","type":"product","link":"https:\/\/dentafrica.com\/?product=kit-escom100-resine-composite-nano-hybride-restauratrice-photopolymerisable","title":{"rendered":"Kit EsCom100 R\u00e9sine composite nano-hybride restauratrice photopolym\u00e9risable"},"content":{"rendered":"<p><strong>Kit syst\u00e8me EsCom100<br \/>5 seringues de 4 g (A1, A2, A3, A3.5, B2), 1 EsBond, 1 FineEtch, accessoires<\/strong><\/p>\n<p>EsCom100 est une r\u00e9sine composite nano-hybride restauratrice photopolym\u00e9risable pour les restaurations post\u00e9rieures et ant\u00e9rieures. Elle dispose d&rsquo;un temps de travail de 90 secondes, ce qui laisse suffisamment de temps au dentiste pour la travailler. EsCom100 pr\u00e9sente une r\u00e9sistance \u00e0 la compression \u00e9lev\u00e9e et une excellente durabilit\u00e9.<\/p>\n","protected":false},"excerpt":{"rendered":"<p>Kit syst\u00e8me EsCom1005 seringues de 4 g (A1, A2, A3, A3.5, B2), 1 EsBond, 1 FineEtch, accessoires EsCom100 est une r\u00e9sine composite nano-hybride restauratrice photopolym\u00e9risable pour les restaurations post\u00e9rieures et ant\u00e9rieures. Elle dispose d&rsquo;un temps de travail de 90 secondes, ce qui laisse suffisamment de temps au dentiste pour la travailler. EsCom100 pr\u00e9sente une r\u00e9sistance [&hellip;]<\/p>\n","protected":false},"featured_media":50225,"comment_status":"open","ping_status":"closed","template":"","meta":[],"product_cat":[1444],"product_tag":[1447,1448,958,1451,1452,1453,1454,1455,1456,1468,1516,1512,1519],"class_list":{"0":"post-47718","1":"product","2":"type-product","3":"status-publish","4":"has-post-thumbnail","6":"product_cat-non-classe","7":"product_tag-composites","8":"product_tag-composites-en-seringue","9":"product_tag-marque_dental-advisor","10":"product_tag-materiaux","11":"product_tag-omnipratique","12":"product_tag-produits-annexes","13":"product_tag-produits-annexes-dentiste","14":"product_tag-produits-annexes-labo","15":"product_tag-restauration-ciments","16":"product_tag-safe-implant","17":"product_tag-seringue-composite","18":"product_tag-specialite_restauration","19":"product_tag-type_composite","21":"first","22":"instock","23":"shipping-taxable","24":"purchasable","25":"product-type-simple"},"_links":{"self":[{"href":"https:\/\/dentafrica.com\/index.php?rest_route=\/wp\/v2\/product\/47718","targetHints":{"allow":["GET"]}}],"collection":[{"href":"https:\/\/dentafrica.com\/index.php?rest_route=\/wp\/v2\/product"}],"about":[{"href":"https:\/\/dentafrica.com\/index.php?rest_route=\/wp\/v2\/types\/product"}],"replies":[{"embeddable":true,"href":"https:\/\/dentafrica.com\/index.php?rest_route=%2Fwp%2Fv2%2Fcomments&post=47718"}],"wp:featuredmedia":[{"embeddable":true,"href":"https:\/\/dentafrica.com\/index.php?rest_route=\/wp\/v2\/media\/50225"}],"wp:attachment":[{"href":"https:\/\/dentafrica.com\/index.php?rest_route=%2Fwp%2Fv2%2Fmedia&parent=47718"}],"wp:term":[{"taxonomy":"product_cat","embeddable":true,"href":"https:\/\/dentafrica.com\/index.php?rest_route=%2Fwp%2Fv2%2Fproduct_cat&post=47718"},{"taxonomy":"product_tag","embeddable":true,"href":"https:\/\/dentafrica.com\/index.php?rest_route=%2Fwp%2Fv2%2Fproduct_tag&post=47718"}],"curies":[{"name":"wp","href":"https:\/\/api.w.org\/{rel}","templated":true}]}}