{"id":47639,"date":"2023-06-26T16:13:23","date_gmt":"2023-06-26T16:13:23","guid":{"rendered":"https:\/\/dentafrica.com\/?product=kit-de-12-tournevis-universels-implantaires"},"modified":"2024-04-25T17:52:13","modified_gmt":"2024-04-25T17:52:13","slug":"kit-de-12-tournevis-universels-implantaires","status":"publish","type":"product","link":"https:\/\/dentafrica.com\/?product=kit-de-12-tournevis-universels-implantaires","title":{"rendered":"Kit de 12 tournevis universels implantaires"},"content":{"rendered":"<p><strong>Kit de tournevis universels<\/strong> pour implants adapt\u00e9s aux marques (Ankylos\u00a9, OSSTEM\u00a9, Dentium\u00a9, ICX\u00a9, Nobel BIOCARE \u00a9et ITI Straumann<span>\u00a9,<\/span>Zimmer\u00a9 , ETK \u00a9, DENTSPLY\u00a9, ASTRA , MIS \u00a9,Alpha BIO\u00a9)<\/p>\n<p>Livr\u00e9 avec une clef dyna r\u00e9glable en torque\u00a0<\/p>\n<p><span mce-data-marked=\"1\">Boite non autoclavable<\/span><\/p>\n<p>Toutes les marques cit\u00e9es appartiennent \u00e0 leurs propri\u00e9taires respectifs.<\/p>\n","protected":false},"excerpt":{"rendered":"<p>Kit de tournevis universels pour implants adapt\u00e9s aux marques (Ankylos\u00a9, OSSTEM\u00a9, Dentium\u00a9, ICX\u00a9, Nobel BIOCARE \u00a9et ITI Straumann\u00a9,Zimmer\u00a9 , ETK \u00a9, DENTSPLY\u00a9, ASTRA , MIS \u00a9,Alpha BIO\u00a9) Livr\u00e9 avec une clef dyna r\u00e9glable en torque\u00a0 Boite non autoclavable Toutes les marques cit\u00e9es appartiennent \u00e0 leurs propri\u00e9taires respectifs.<\/p>\n","protected":false},"featured_media":50032,"comment_status":"open","ping_status":"closed","template":"","meta":[],"product_cat":[1444],"product_tag":[1637,1581,1849,1539,1716,1495,1763,1661,1851,1541,1542,1452,1543,1468,1727,1544],"class_list":{"0":"post-47639","1":"product","2":"type-product","3":"status-publish","4":"has-post-thumbnail","6":"product_cat-non-classe","7":"product_tag-fournitures-laboratoire","8":"product_tag-implantologie","9":"product_tag-instrument_kit","10":"product_tag-instrument_tournevis","11":"product_tag-instrumentation-implantologie","12":"product_tag-instruments","13":"product_tag-kits-implantologie","14":"product_tag-les-instruments-chirurgicaux","15":"product_tag-les-trousses-implantaires","16":"product_tag-mandrins","17":"product_tag-marque_safe-implant","18":"product_tag-omnipratique","19":"product_tag-outils-implantologie","20":"product_tag-safe-implant","21":"product_tag-specialite_implantologie","22":"product_tag-tournevis","24":"first","25":"instock","26":"shipping-taxable","27":"purchasable","28":"product-type-simple"},"_links":{"self":[{"href":"https:\/\/dentafrica.com\/index.php?rest_route=\/wp\/v2\/product\/47639","targetHints":{"allow":["GET"]}}],"collection":[{"href":"https:\/\/dentafrica.com\/index.php?rest_route=\/wp\/v2\/product"}],"about":[{"href":"https:\/\/dentafrica.com\/index.php?rest_route=\/wp\/v2\/types\/product"}],"replies":[{"embeddable":true,"href":"https:\/\/dentafrica.com\/index.php?rest_route=%2Fwp%2Fv2%2Fcomments&post=47639"}],"wp:featuredmedia":[{"embeddable":true,"href":"https:\/\/dentafrica.com\/index.php?rest_route=\/wp\/v2\/media\/50032"}],"wp:attachment":[{"href":"https:\/\/dentafrica.com\/index.php?rest_route=%2Fwp%2Fv2%2Fmedia&parent=47639"}],"wp:term":[{"taxonomy":"product_cat","embeddable":true,"href":"https:\/\/dentafrica.com\/index.php?rest_route=%2Fwp%2Fv2%2Fproduct_cat&post=47639"},{"taxonomy":"product_tag","embeddable":true,"href":"https:\/\/dentafrica.com\/index.php?rest_route=%2Fwp%2Fv2%2Fproduct_tag&post=47639"}],"curies":[{"name":"wp","href":"https:\/\/api.w.org\/{rel}","templated":true}]}}