{"id":47452,"date":"2023-06-26T16:11:56","date_gmt":"2023-06-26T16:11:56","guid":{"rendered":"https:\/\/dentafrica.com\/?product=irace-21-mm-limes-rotatives-niti-fkg-acteon"},"modified":"2024-04-25T17:51:57","modified_gmt":"2024-04-25T17:51:57","slug":"irace-21-mm-limes-rotatives-niti-fkg-acteon","status":"publish","type":"product","link":"https:\/\/dentafrica.com\/?product=irace-21-mm-limes-rotatives-niti-fkg-acteon","title":{"rendered":"iRace 21 mm (limes rotatives NiTi) FKG &#8211; ACTEON"},"content":{"rendered":"<p>Gr\u00e2ce \u00e0 leurs caract\u00e9ristiques exclusives, seulement trois instruments NiTi rotatifs iRace sont n\u00e9cessaires pour traiter la plupart des cas (canaux droits, l\u00e9g\u00e8rement courbes ou larges). La s\u00e9quence iRace permet d\u2019atteindre une pr\u00e9paration jusqu\u2019au diam\u00e8tre ISO 30\/.04. Elle est tr\u00e8s facile \u00e0 appr\u00e9hender et simple \u00e0 utiliser, d&rsquo;o\u00f9 un gain de temps consid\u00e9rable.<br data-mce-fragment=\"1\"><\/p>\n<ul>\n<li>3 instruments: R1 15\/.06, R2 25\/.04 et R3 30\/.04<\/li>\n<li>Longueurs: 21 mm<\/li>\n<li>Vitesse optimale: 600 tr\/min (minimum 400 tr\/min)<\/li>\n<li>Couple: 1.5 Ncm<\/li>\n<\/ul>\n<p><strong>S\u00e9quence de iRace<\/strong> R1 15\/.06 + R2 25\/.04 + R3 30\/.04 \/ L 21 (blister de 3)<\/p>\n<p>Existe aussi en r\u00e9assort :<\/p>\n<ul>\n<li>iRace R1 N\u00b0 15\/.06 \/ L 21 &#8211; blister de 6<\/li>\n<li>iRace R2 N\u00b0 25\/.04 \/ L 21 &#8211; blister de 6<\/li>\n<li>iRace R3 N\u00b0 30\/.04 \/ L 21 &#8211; blister de 6<\/li>\n<\/ul>\n","protected":false},"excerpt":{"rendered":"<p>Gr\u00e2ce \u00e0 leurs caract\u00e9ristiques exclusives, seulement trois instruments NiTi rotatifs iRace sont n\u00e9cessaires pour traiter la plupart des cas (canaux droits, l\u00e9g\u00e8rement courbes ou larges). La s\u00e9quence iRace permet d\u2019atteindre une pr\u00e9paration jusqu\u2019au diam\u00e8tre ISO 30\/.04. Elle est tr\u00e8s facile \u00e0 appr\u00e9hender et simple \u00e0 utiliser, d&rsquo;o\u00f9 un gain de temps consid\u00e9rable. 3 instruments: R1 [&hellip;]<\/p>\n","protected":false},"featured_media":49588,"comment_status":"open","ping_status":"closed","template":"","meta":[],"product_cat":[1444],"product_tag":[1459,1490,593,515,1452,1453,1460,1646],"class_list":{"0":"post-47452","1":"product","2":"type-product","3":"status-publish","4":"has-post-thumbnail","6":"product_cat-non-classe","7":"product_tag-endodontie","8":"product_tag-lime","9":"product_tag-longueur-de-lime_21mm","10":"product_tag-marque_acteon","11":"product_tag-omnipratique","12":"product_tag-produits-annexes","13":"product_tag-specialite_endodontie","14":"product_tag-type_outils-dendodontie","16":"first","17":"instock","18":"shipping-taxable","19":"purchasable","20":"product-type-variable"},"_links":{"self":[{"href":"https:\/\/dentafrica.com\/index.php?rest_route=\/wp\/v2\/product\/47452","targetHints":{"allow":["GET"]}}],"collection":[{"href":"https:\/\/dentafrica.com\/index.php?rest_route=\/wp\/v2\/product"}],"about":[{"href":"https:\/\/dentafrica.com\/index.php?rest_route=\/wp\/v2\/types\/product"}],"replies":[{"embeddable":true,"href":"https:\/\/dentafrica.com\/index.php?rest_route=%2Fwp%2Fv2%2Fcomments&post=47452"}],"wp:featuredmedia":[{"embeddable":true,"href":"https:\/\/dentafrica.com\/index.php?rest_route=\/wp\/v2\/media\/49588"}],"wp:attachment":[{"href":"https:\/\/dentafrica.com\/index.php?rest_route=%2Fwp%2Fv2%2Fmedia&parent=47452"}],"wp:term":[{"taxonomy":"product_cat","embeddable":true,"href":"https:\/\/dentafrica.com\/index.php?rest_route=%2Fwp%2Fv2%2Fproduct_cat&post=47452"},{"taxonomy":"product_tag","embeddable":true,"href":"https:\/\/dentafrica.com\/index.php?rest_route=%2Fwp%2Fv2%2Fproduct_tag&post=47452"}],"curies":[{"name":"wp","href":"https:\/\/api.w.org\/{rel}","templated":true}]}}