{"id":47370,"date":"2023-06-26T16:11:32","date_gmt":"2023-06-26T16:11:32","guid":{"rendered":"https:\/\/dentafrica.com\/?product=interfaces-scannables-plateforme-conique"},"modified":"2024-04-25T17:51:48","modified_gmt":"2024-04-25T17:51:48","slug":"interfaces-scannables-plateforme-conique","status":"publish","type":"product","link":"https:\/\/dentafrica.com\/?product=interfaces-scannables-plateforme-conique","title":{"rendered":"Interfaces scannables plateforme conique"},"content":{"rendered":"<p>Interfaces scannables\u00a0en titane,\u00a0g\u00e9n\u00e9riques compatibles avec <strong>Safe Implant\u2122 (Safe Extra Morse\u2122)<\/strong><strong><strong><strong><strong><strong>.<\/p>\n<p>Ils se d\u00e9clinent en\u00a02\u00a0diam\u00e8tres\u00a0diff\u00e9rents :<\/strong><\/strong><\/strong><\/strong><\/strong><\/p>\n<ul>\n<li>Implants de diam\u00e8tre 3,50 et 4,00 mm\u00a0<\/li>\n<li>Implants de diam\u00e8tre 4,50 et 5,00 mm<\/li>\n<\/ul>\n<p>Nos interfaces scannables sont \u00e9galement compatibles \u00e0<strong>\u00a0<\/strong> <strong>Easy Implant\u2122, <strong>Dentsply\u2122<\/strong><\/strong>\u00a0sur les implants<strong> <strong>Astra Tech\u2122<\/strong>, Dentium\u2122\u00a0<\/strong>et \u00a0<strong>ETK\u2122<\/strong>\u00a0pour les implants\u00a0<strong>Natea+\u2122; Naturall+\u2122 ; Naturactis\u2122.<\/strong><\/p>\n","protected":false},"excerpt":{"rendered":"<p>Interfaces scannables\u00a0en titane,\u00a0g\u00e9n\u00e9riques compatibles avec Safe Implant\u2122 (Safe Extra Morse\u2122). Ils se d\u00e9clinent en\u00a02\u00a0diam\u00e8tres\u00a0diff\u00e9rents : Implants de diam\u00e8tre 3,50 et 4,00 mm\u00a0 Implants de diam\u00e8tre 4,50 et 5,00 mm Nos interfaces scannables sont \u00e9galement compatibles \u00e0\u00a0 Easy Implant\u2122, Dentsply\u2122\u00a0sur les implants Astra Tech\u2122, Dentium\u2122\u00a0et \u00a0ETK\u2122\u00a0pour les implants\u00a0Natea+\u2122; Naturall+\u2122 ; Naturactis\u2122.<\/p>\n","protected":false},"featured_media":49396,"comment_status":"open","ping_status":"closed","template":"","meta":[],"product_cat":[1444],"product_tag":[1579,1605,1606,1607,1609,1608,1603,1610,1688,1585,1611,1581,1594,1542,1596,1612,1613,1597,1582,1598,1468,1656],"class_list":{"0":"post-47370","1":"product","2":"type-product","3":"status-publish","4":"has-post-thumbnail","6":"product_cat-non-classe","7":"product_tag-accastillage","8":"product_tag-compatible_dentsply-astra-tech","9":"product_tag-compatible_etk-natea-naturall-naturactis","10":"product_tag-compatible_safe-implant-extra-morse-proposition","11":"product_tag-cone-morse","12":"product_tag-connexion_cone-morse","13":"product_tag-dentsply","14":"product_tag-dentsply-astra-tech","15":"product_tag-digital","16":"product_tag-etk","17":"product_tag-etk-natea","18":"product_tag-implantologie","19":"product_tag-les-interfaces-scannables","20":"product_tag-marque_safe-implant","21":"product_tag-modele_interfaces-scannables","22":"product_tag-naturactis","23":"product_tag-naturall","24":"product_tag-nos-interfaces-digitales","25":"product_tag-nos-solutions-generiques","26":"product_tag-nos-suprastructures","27":"product_tag-safe-implant","28":"product_tag-ti-base","30":"first","31":"instock","32":"shipping-taxable","33":"purchasable","34":"product-type-variable"},"_links":{"self":[{"href":"https:\/\/dentafrica.com\/index.php?rest_route=\/wp\/v2\/product\/47370","targetHints":{"allow":["GET"]}}],"collection":[{"href":"https:\/\/dentafrica.com\/index.php?rest_route=\/wp\/v2\/product"}],"about":[{"href":"https:\/\/dentafrica.com\/index.php?rest_route=\/wp\/v2\/types\/product"}],"replies":[{"embeddable":true,"href":"https:\/\/dentafrica.com\/index.php?rest_route=%2Fwp%2Fv2%2Fcomments&post=47370"}],"wp:featuredmedia":[{"embeddable":true,"href":"https:\/\/dentafrica.com\/index.php?rest_route=\/wp\/v2\/media\/49396"}],"wp:attachment":[{"href":"https:\/\/dentafrica.com\/index.php?rest_route=%2Fwp%2Fv2%2Fmedia&parent=47370"}],"wp:term":[{"taxonomy":"product_cat","embeddable":true,"href":"https:\/\/dentafrica.com\/index.php?rest_route=%2Fwp%2Fv2%2Fproduct_cat&post=47370"},{"taxonomy":"product_tag","embeddable":true,"href":"https:\/\/dentafrica.com\/index.php?rest_route=%2Fwp%2Fv2%2Fproduct_tag&post=47370"}],"curies":[{"name":"wp","href":"https:\/\/api.w.org\/{rel}","templated":true}]}}