{"id":47249,"date":"2023-06-26T16:10:27","date_gmt":"2023-06-26T16:10:27","guid":{"rendered":"https:\/\/dentafrica.com\/?product=insert-ed3-compatible-satelec"},"modified":"2024-04-25T17:51:38","modified_gmt":"2024-04-25T17:51:38","slug":"insert-ed3-compatible-satelec","status":"publish","type":"product","link":"https:\/\/dentafrica.com\/?product=insert-ed3-compatible-satelec","title":{"rendered":"Insert ED3 compatible Satelec"},"content":{"rendered":"<p><span style=\"font-size: 10pt;\">Insert pour la<span data-mce-fragment=\"1\">\u00a0<\/span><strong data-mce-fragment=\"1\">condensation lat\u00e9rale<\/strong>, sans irrigation (18,5 mm).<\/span><\/p>\n<p><span style=\"font-size: 10pt;\">Immerger l&rsquo;instrument dans de l&rsquo;eug\u00e9nol avant de l&rsquo;ins\u00e9rer dans le canal. Presser d\u00e9licatement l&rsquo;instrument contre le <\/span><span style=\"font-size: 13.3333px;\">c\u00f4ne<\/span><span style=\"font-size: 10pt;\">\u00a0de la gutta-percha et mettre en route le d\u00e9tartreur \u00e0 ultrason pour la condenser jusqu&rsquo;\u00e0 ce que le canal soit rempli<\/span><\/p>\n<p><\/p>\n","protected":false},"excerpt":{"rendered":"<p>Insert pour la\u00a0condensation lat\u00e9rale, sans irrigation (18,5 mm). Immerger l&rsquo;instrument dans de l&rsquo;eug\u00e9nol avant de l&rsquo;ins\u00e9rer dans le canal. Presser d\u00e9licatement l&rsquo;instrument contre le c\u00f4ne\u00a0de la gutta-percha et mettre en route le d\u00e9tartreur \u00e0 ultrason pour la condenser jusqu&rsquo;\u00e0 ce que le canal soit rempli<\/p>\n","protected":false},"featured_media":48857,"comment_status":"open","ping_status":"closed","template":"","meta":[],"product_cat":[1444],"product_tag":[1566,1663,1757,1522,1754,1483,1476,1452,1453,1468,1460,1845],"class_list":{"0":"post-47249","1":"product","2":"type-product","3":"status-publish","4":"has-post-thumbnail","6":"product_cat-non-classe","7":"product_tag-appareils","8":"product_tag-appareils-endodontie","9":"product_tag-compatible_satelec","10":"product_tag-fraises-inserts","11":"product_tag-inserts","12":"product_tag-le-cabinet","13":"product_tag-marque_sans-marque","14":"product_tag-omnipratique","15":"product_tag-produits-annexes","16":"product_tag-safe-implant","17":"product_tag-specialite_endodontie","18":"product_tag-type_insert","20":"first","21":"instock","22":"shipping-taxable","23":"purchasable","24":"product-type-simple"},"_links":{"self":[{"href":"https:\/\/dentafrica.com\/index.php?rest_route=\/wp\/v2\/product\/47249","targetHints":{"allow":["GET"]}}],"collection":[{"href":"https:\/\/dentafrica.com\/index.php?rest_route=\/wp\/v2\/product"}],"about":[{"href":"https:\/\/dentafrica.com\/index.php?rest_route=\/wp\/v2\/types\/product"}],"replies":[{"embeddable":true,"href":"https:\/\/dentafrica.com\/index.php?rest_route=%2Fwp%2Fv2%2Fcomments&post=47249"}],"wp:featuredmedia":[{"embeddable":true,"href":"https:\/\/dentafrica.com\/index.php?rest_route=\/wp\/v2\/media\/48857"}],"wp:attachment":[{"href":"https:\/\/dentafrica.com\/index.php?rest_route=%2Fwp%2Fv2%2Fmedia&parent=47249"}],"wp:term":[{"taxonomy":"product_cat","embeddable":true,"href":"https:\/\/dentafrica.com\/index.php?rest_route=%2Fwp%2Fv2%2Fproduct_cat&post=47249"},{"taxonomy":"product_tag","embeddable":true,"href":"https:\/\/dentafrica.com\/index.php?rest_route=%2Fwp%2Fv2%2Fproduct_tag&post=47249"}],"curies":[{"name":"wp","href":"https:\/\/api.w.org\/{rel}","templated":true}]}}