{"id":46945,"date":"2023-06-26T16:08:17","date_gmt":"2023-06-26T16:08:17","guid":{"rendered":"https:\/\/dentafrica.com\/?product=hemostop-tehnodent"},"modified":"2024-04-25T17:51:12","modified_gmt":"2024-04-25T17:51:12","slug":"hemostop-tehnodent","status":"publish","type":"product","link":"https:\/\/dentafrica.com\/?product=hemostop-tehnodent","title":{"rendered":"Hemostop &#8211; TehnoDent"},"content":{"rendered":"<p data-mce-fragment=\"1\">Liquide h\u00e9mostatique pour la r\u00e9tractation gingivale -15 ml<br \/>Gel h\u00e9mostatique pour la r\u00e9tractation gingivale &#8211; 5ml<\/p>\n<p>Propri\u00e9t\u00e9s :\u00a0 Le liquide h\u00e9mostatique HEMOSTOP contient 25% de chlorure d&rsquo;aluminium, ce qui assure une h\u00e9mostase efficace et rapide ne provoque pas de coloration des tissus dentaires.<\/p>\n<p>Indications :<br \/>-Lors du saignement capillaire des gencives<br \/>-Pour la r\u00e9tractation gingivale lors du moulage et traitement de la carie de la r\u00e9gion cervicale<\/p>\n<p>\u00a0Conditionnement :\u00a0<\/p>\n<ul>\n<li>Liquide<\/li>\n<li>Gel<\/li>\n<\/ul>\n<div class=\"mb-3\" data-mce-fragment=\"1\"><\/div>\n","protected":false},"excerpt":{"rendered":"<p>Liquide h\u00e9mostatique pour la r\u00e9tractation gingivale -15 mlGel h\u00e9mostatique pour la r\u00e9tractation gingivale &#8211; 5ml Propri\u00e9t\u00e9s :\u00a0 Le liquide h\u00e9mostatique HEMOSTOP contient 25% de chlorure d&rsquo;aluminium, ce qui assure une h\u00e9mostase efficace et rapide ne provoque pas de coloration des tissus dentaires. Indications :-Lors du saignement capillaire des gencives-Pour la r\u00e9tractation gingivale lors du moulage [&hellip;]<\/p>\n","protected":false},"featured_media":48402,"comment_status":"open","ping_status":"closed","template":"","meta":[],"product_cat":[1444],"product_tag":[1638,1509,1459,1842,1571,1453,1456,1639,1512],"class_list":{"0":"post-46945","1":"product","2":"type-product","3":"status-publish","4":"has-post-thumbnail","6":"product_cat-non-classe","7":"product_tag-accessoires-prise-dempreinte","8":"product_tag-accessoires-restauration","9":"product_tag-endodontie","10":"product_tag-marque_thenodent","11":"product_tag-prise-dempreinte","12":"product_tag-produits-annexes","13":"product_tag-restauration-ciments","14":"product_tag-retraction-gingivale","15":"product_tag-specialite_restauration","17":"first","18":"instock","19":"shipping-taxable","20":"purchasable","21":"product-type-variable"},"_links":{"self":[{"href":"https:\/\/dentafrica.com\/index.php?rest_route=\/wp\/v2\/product\/46945","targetHints":{"allow":["GET"]}}],"collection":[{"href":"https:\/\/dentafrica.com\/index.php?rest_route=\/wp\/v2\/product"}],"about":[{"href":"https:\/\/dentafrica.com\/index.php?rest_route=\/wp\/v2\/types\/product"}],"replies":[{"embeddable":true,"href":"https:\/\/dentafrica.com\/index.php?rest_route=%2Fwp%2Fv2%2Fcomments&post=46945"}],"wp:featuredmedia":[{"embeddable":true,"href":"https:\/\/dentafrica.com\/index.php?rest_route=\/wp\/v2\/media\/48402"}],"wp:attachment":[{"href":"https:\/\/dentafrica.com\/index.php?rest_route=%2Fwp%2Fv2%2Fmedia&parent=46945"}],"wp:term":[{"taxonomy":"product_cat","embeddable":true,"href":"https:\/\/dentafrica.com\/index.php?rest_route=%2Fwp%2Fv2%2Fproduct_cat&post=46945"},{"taxonomy":"product_tag","embeddable":true,"href":"https:\/\/dentafrica.com\/index.php?rest_route=%2Fwp%2Fv2%2Fproduct_tag&post=46945"}],"curies":[{"name":"wp","href":"https:\/\/api.w.org\/{rel}","templated":true}]}}