{"id":46772,"date":"2023-06-26T16:07:21","date_gmt":"2023-06-26T16:07:21","guid":{"rendered":"https:\/\/dentafrica.com\/?product=gradia-direct-composite-hybride-photopolymerisable-antero-posterieur-unitips-gc"},"modified":"2024-04-25T17:51:00","modified_gmt":"2024-04-25T17:51:00","slug":"gradia-direct-composite-hybride-photopolymerisable-antero-posterieur-unitips-gc","status":"publish","type":"product","link":"https:\/\/dentafrica.com\/?product=gradia-direct-composite-hybride-photopolymerisable-antero-posterieur-unitips-gc","title":{"rendered":"GRADIA DIRECT Composite hybride photopolym\u00e9risable ant\u00e9ro-post\u00e9rieur (unitips) &#8211; GC"},"content":{"rendered":"<p><strong>Composite de restauration ant\u00e9rieure et post\u00e9rieure photopolym\u00e9risable<\/strong><\/p>\n<p>Gr\u00e2ce \u00e0 GC Gradia Direct, vous pouvez effectuer tous types de restaurations esth\u00e9tiques avec un seul mat\u00e9riau facile \u00e0 utiliser. Quel que soit le type de proc\u00e9dure, \u00e0 une ou plusieurs teintes, GC Gradia Direct permet de r\u00e9aliser plus facilement et plus rapidement de superbes restaurations durables et d\u02bcaspect naturel.<br data-mce-fragment=\"1\"><br data-mce-fragment=\"1\">Gr\u00e2ce \u00e0 l\u02bcexcellente adaptabilit\u00e9 des teintes aux tissus dentaires environnants, une seule teinte suffit pour r\u00e9aliser simplement des restaurations esth\u00e9tiques.<br data-mce-fragment=\"1\">La combinaison de diff\u00e9rentes teintes permet d\u2019obtenir des r\u00e9sultats esth\u00e9tiques illimit\u00e9s, en utilisant un maximum de trois teintes pour les restaurations ant\u00e9rieures et seulement deux teintes pour les restaurations post\u00e9rieures.<\/p>\n<p><strong>Indications :<\/strong><\/p>\n<p><strong>Teintes standard<\/strong> : teintes \u00e0 effet \u00ab\u00a0cam\u00e9l\u00e9on \u00bb pour les restaurations ant\u00e9rieures et post\u00e9rieures.<br \/><strong>Outside Special<\/strong> : teintes translucides pour les restaurations ant\u00e9rieures et post\u00e9rieures.<br \/><strong>Inside Special<\/strong> : teintes opaques pour restaurations les ant\u00e9rieures uniquement.<\/p>\n<p><strong>Avantages :<\/strong><\/p>\n<p>Gr\u00e2ce \u00e0 GC Gradia Direct de GC, vous pouvez effectuer tout type de restauration esth\u00e9tique avec un seul mat\u00e9riau facile \u00e0 utiliser.<\/p>\n<ul>\n<li>R\u00e9sine composite hybride microcharg\u00e9e<\/li>\n<li>Concept de teinte unique pour des restaurations invisibles<\/li>\n<li>Temps de travail plus long gr\u00e2ce \u00e0 une faible sensibilit\u00e9 \u00e0 la lumi\u00e8re op\u00e9ratoire<\/li>\n<li>Viscosit\u00e9 bien \u00e9quilibr\u00e9e, permettant une meilleure manipulation<\/li>\n<\/ul>\n<p><strong>GC GRADIA Direct Anterior<\/strong> : excellente esth\u00e9tique et \u00ab\u00a0douceur \u00bb de surface<br \/><strong>GC GRADIA Direct Posterior<\/strong> : excellentes propri\u00e9t\u00e9s m\u00e9caniques et r\u00e9sistance \u00e0 la fracture pour r\u00e9sister aux contraintes occlusales<\/p>\n<p><strong>Le kit intro contient<\/strong> :\u00a035 unitips de 5 x (A2, A3, A3,5, AO3, CV, CT et P-A2) + teintier<\/p>\n<p>Existe aussi en\u00a0bo\u00eete de\u00a0unitips :<\/p>\n<ul>\n<li>Ant\u00e9rieur bo\u00eete de 20 ou 10 x 0,16 ml (0,24 g)<\/li>\n<li>Post\u00e9rieur bo\u00eete de 29 x 0,16 ml (0,28g)<\/li>\n<\/ul>\n","protected":false},"excerpt":{"rendered":"<p>Composite de restauration ant\u00e9rieure et post\u00e9rieure photopolym\u00e9risable Gr\u00e2ce \u00e0 GC Gradia Direct, vous pouvez effectuer tous types de restaurations esth\u00e9tiques avec un seul mat\u00e9riau facile \u00e0 utiliser. Quel que soit le type de proc\u00e9dure, \u00e0 une ou plusieurs teintes, GC Gradia Direct permet de r\u00e9aliser plus facilement et plus rapidement de superbes restaurations durables et [&hellip;]<\/p>\n","protected":false},"featured_media":48301,"comment_status":"open","ping_status":"closed","template":"","meta":[],"product_cat":[1444],"product_tag":[1565,1742,1451,1453,1557,1456,1512,1519],"class_list":{"0":"post-46772","1":"product","2":"type-product","3":"status-publish","4":"has-post-thumbnail","6":"product_cat-non-classe","7":"product_tag-composites-en-capsules","8":"product_tag-marque_gc","9":"product_tag-materiaux","10":"product_tag-produits-annexes","11":"product_tag-restauration","12":"product_tag-restauration-ciments","13":"product_tag-specialite_restauration","14":"product_tag-type_composite","16":"first","17":"instock","18":"shipping-taxable","19":"purchasable","20":"product-type-variable"},"_links":{"self":[{"href":"https:\/\/dentafrica.com\/index.php?rest_route=\/wp\/v2\/product\/46772","targetHints":{"allow":["GET"]}}],"collection":[{"href":"https:\/\/dentafrica.com\/index.php?rest_route=\/wp\/v2\/product"}],"about":[{"href":"https:\/\/dentafrica.com\/index.php?rest_route=\/wp\/v2\/types\/product"}],"replies":[{"embeddable":true,"href":"https:\/\/dentafrica.com\/index.php?rest_route=%2Fwp%2Fv2%2Fcomments&post=46772"}],"wp:featuredmedia":[{"embeddable":true,"href":"https:\/\/dentafrica.com\/index.php?rest_route=\/wp\/v2\/media\/48301"}],"wp:attachment":[{"href":"https:\/\/dentafrica.com\/index.php?rest_route=%2Fwp%2Fv2%2Fmedia&parent=46772"}],"wp:term":[{"taxonomy":"product_cat","embeddable":true,"href":"https:\/\/dentafrica.com\/index.php?rest_route=%2Fwp%2Fv2%2Fproduct_cat&post=46772"},{"taxonomy":"product_tag","embeddable":true,"href":"https:\/\/dentafrica.com\/index.php?rest_route=%2Fwp%2Fv2%2Fproduct_tag&post=46772"}],"curies":[{"name":"wp","href":"https:\/\/api.w.org\/{rel}","templated":true}]}}