{"id":46583,"date":"2023-06-26T16:05:45","date_gmt":"2023-06-26T16:05:45","guid":{"rendered":"https:\/\/dentafrica.com\/?product=gants-latex-sans-poudre-a-laloe-vera-cybertech"},"modified":"2024-04-25T17:50:37","modified_gmt":"2024-04-25T17:50:37","slug":"gants-latex-sans-poudre-a-laloe-vera-cybertech","status":"publish","type":"product","link":"https:\/\/dentafrica.com\/?product=gants-latex-sans-poudre-a-laloe-vera-cybertech","title":{"rendered":"Gants latex sans poudre \u00e0 l&rsquo;aloe vera &#8211; CYBERTECH"},"content":{"rendered":"<p>Gants de toute nouvelle technologie <strong>enduits \u00e0 l&rsquo;aloe vera<\/strong>. Plus facile \u00e0 enfiler, <strong>la peau est enrichie et adoucie<\/strong> gr\u00e2ce au pouvoir r\u00e9parateur de l&rsquo;aloe vera. Teneur en prot\u00e9ines faible limitant le risque de sensibilisation.<\/p>\n<p>Norme EN 455-1, EN 455-2, EN 455-3.<\/p>\n<p>Risque d&rsquo;allergie r\u00e9duit.<\/p>\n<p>Taux de prot\u00e9ines 80\u00b5\/g. Contiennent de la vitamine A, B, C et E.<\/p>\n<p>Bo\u00eete de 100.<\/p>\n<p><strong>Les bienfaits de l&rsquo;aloe vera :<\/strong><\/p>\n<ul>\n<li>Hydrate et nourrit en profondeur<\/li>\n<li>Calme et apaise les peaux sensibles<\/li>\n<li>R\u00e9\u00e9quilibre le pH de la peau<\/li>\n<li>Riche en vitamine A, B, C et E.<\/li>\n<li>Elimine les cellules mortes de l&rsquo;\u00e9piderme (meilleure respiration et irrigation sanguine)<\/li>\n<\/ul>\n<p><strong>Caract\u00e9ristiques techniques\u00a0<\/strong><\/p>\n<ul>\n<li>Couleur : cr\u00e8me<\/li>\n<li>Longueur : 240 mm<\/li>\n<li>Epaisseur paume : 0,16 \u00e0 0,20 mm<\/li>\n<li>Epaisseur doigt : 0,18 \u00e0 0,24 mm<\/li>\n<li>Mat\u00e9riau : latex<\/li>\n<\/ul>\n<p>\u00a0<\/p>\n","protected":false},"excerpt":{"rendered":"<p>Gants de toute nouvelle technologie enduits \u00e0 l&rsquo;aloe vera. Plus facile \u00e0 enfiler, la peau est enrichie et adoucie gr\u00e2ce au pouvoir r\u00e9parateur de l&rsquo;aloe vera. Teneur en prot\u00e9ines faible limitant le risque de sensibilisation. Norme EN 455-1, EN 455-2, EN 455-3. Risque d&rsquo;allergie r\u00e9duit. Taux de prot\u00e9ines 80\u00b5\/g. Contiennent de la vitamine A, B, [&hellip;]<\/p>\n","protected":false},"featured_media":48127,"comment_status":"open","ping_status":"closed","template":"","meta":[],"product_cat":[1444],"product_tag":[1805,1474,649,1452,1453,1488,1806,1468],"class_list":{"0":"post-46583","1":"product","2":"type-product","3":"status-publish","4":"has-post-thumbnail","6":"product_cat-non-classe","7":"product_tag-gants","8":"product_tag-hygiene-et-entretien","9":"product_tag-marque_cybertech","10":"product_tag-omnipratique","11":"product_tag-produits-annexes","12":"product_tag-protection","13":"product_tag-protection_gants","14":"product_tag-safe-implant","16":"first","17":"outofstock","18":"shipping-taxable","19":"purchasable","20":"product-type-variable"},"_links":{"self":[{"href":"https:\/\/dentafrica.com\/index.php?rest_route=\/wp\/v2\/product\/46583","targetHints":{"allow":["GET"]}}],"collection":[{"href":"https:\/\/dentafrica.com\/index.php?rest_route=\/wp\/v2\/product"}],"about":[{"href":"https:\/\/dentafrica.com\/index.php?rest_route=\/wp\/v2\/types\/product"}],"replies":[{"embeddable":true,"href":"https:\/\/dentafrica.com\/index.php?rest_route=%2Fwp%2Fv2%2Fcomments&post=46583"}],"wp:featuredmedia":[{"embeddable":true,"href":"https:\/\/dentafrica.com\/index.php?rest_route=\/wp\/v2\/media\/48127"}],"wp:attachment":[{"href":"https:\/\/dentafrica.com\/index.php?rest_route=%2Fwp%2Fv2%2Fmedia&parent=46583"}],"wp:term":[{"taxonomy":"product_cat","embeddable":true,"href":"https:\/\/dentafrica.com\/index.php?rest_route=%2Fwp%2Fv2%2Fproduct_cat&post=46583"},{"taxonomy":"product_tag","embeddable":true,"href":"https:\/\/dentafrica.com\/index.php?rest_route=%2Fwp%2Fv2%2Fproduct_tag&post=46583"}],"curies":[{"name":"wp","href":"https:\/\/api.w.org\/{rel}","templated":true}]}}