{"id":46536,"date":"2023-06-26T16:05:24","date_gmt":"2023-06-26T16:05:24","guid":{"rendered":"https:\/\/dentafrica.com\/?product=gants-dexamen-en-latex-medibase"},"modified":"2024-04-25T17:50:29","modified_gmt":"2024-04-25T17:50:29","slug":"gants-dexamen-en-latex-medibase","status":"publish","type":"product","link":"https:\/\/dentafrica.com\/?product=gants-dexamen-en-latex-medibase","title":{"rendered":"Gants d&rsquo;examen en latex &#8211; MEDIBASE"},"content":{"rendered":"<p><span data-mce-fragment=\"1\">Tr\u00e8s haute sensibilit\u00e9 tactile <\/span><\/p>\n<p><span data-mce-fragment=\"1\">Gants ambidextres en latex naturel non st\u00e9riles. <\/span><\/p>\n<p><span data-mce-fragment=\"1\"><strong>Propri\u00e9t\u00e9s:<\/strong> <\/span><\/p>\n<ul>\n<li><span data-mce-fragment=\"1\">L\u00e9g\u00e8rement poudr\u00e9s avec de la poudre de ma\u00efs <\/span><\/li>\n<li><span data-mce-fragment=\"1\">Manchettes \u00e0 bord roul\u00e9 pour diminuer le risque de rupture de l&rsquo;enfilage <\/span><\/li>\n<li><span data-mce-fragment=\"1\">Surface lisse <\/span><\/li>\n<li><span data-mce-fragment=\"1\">Conformes aux normes europ\u00e9ennes EN 455.1\/EN 455.2 et EN 455.3 <\/span><\/li>\n<\/ul>\n<p><span data-mce-fragment=\"1\">Dispositif m\u00e9dical de classe I. Fabricant CFPM<\/span><\/p>\n<p><span style=\"text-decoration: underline;\"><strong>La bo\u00eete de 100 gants :<\/strong><\/span><\/p>\n<p><strong>XSmall 5\/6<\/strong><\/p>\n<p><strong> Small 6\/7 <\/strong><\/p>\n<p><strong>Medium 7\/8 <\/strong><\/p>\n<p><strong>Large 8\/9 <\/strong><\/p>\n<p><strong>Xlarge 9\/10<\/strong><\/p>\n<p><\/p>\n","protected":false},"excerpt":{"rendered":"<p>Tr\u00e8s haute sensibilit\u00e9 tactile Gants ambidextres en latex naturel non st\u00e9riles. Propri\u00e9t\u00e9s: L\u00e9g\u00e8rement poudr\u00e9s avec de la poudre de ma\u00efs Manchettes \u00e0 bord roul\u00e9 pour diminuer le risque de rupture de l&rsquo;enfilage Surface lisse Conformes aux normes europ\u00e9ennes EN 455.1\/EN 455.2 et EN 455.3 Dispositif m\u00e9dical de classe I. Fabricant CFPM La bo\u00eete de 100 [&hellip;]<\/p>\n","protected":false},"featured_media":48078,"comment_status":"open","ping_status":"closed","template":"","meta":[],"product_cat":[1444],"product_tag":[1805,1474,1568,1452,1453,1488,1806,1468],"class_list":{"0":"post-46536","1":"product","2":"type-product","3":"status-publish","4":"has-post-thumbnail","6":"product_cat-non-classe","7":"product_tag-gants","8":"product_tag-hygiene-et-entretien","9":"product_tag-marque_medibase","10":"product_tag-omnipratique","11":"product_tag-produits-annexes","12":"product_tag-protection","13":"product_tag-protection_gants","14":"product_tag-safe-implant","16":"first","17":"instock","18":"shipping-taxable","19":"purchasable","20":"product-type-variable"},"_links":{"self":[{"href":"https:\/\/dentafrica.com\/index.php?rest_route=\/wp\/v2\/product\/46536","targetHints":{"allow":["GET"]}}],"collection":[{"href":"https:\/\/dentafrica.com\/index.php?rest_route=\/wp\/v2\/product"}],"about":[{"href":"https:\/\/dentafrica.com\/index.php?rest_route=\/wp\/v2\/types\/product"}],"replies":[{"embeddable":true,"href":"https:\/\/dentafrica.com\/index.php?rest_route=%2Fwp%2Fv2%2Fcomments&post=46536"}],"wp:featuredmedia":[{"embeddable":true,"href":"https:\/\/dentafrica.com\/index.php?rest_route=\/wp\/v2\/media\/48078"}],"wp:attachment":[{"href":"https:\/\/dentafrica.com\/index.php?rest_route=%2Fwp%2Fv2%2Fmedia&parent=46536"}],"wp:term":[{"taxonomy":"product_cat","embeddable":true,"href":"https:\/\/dentafrica.com\/index.php?rest_route=%2Fwp%2Fv2%2Fproduct_cat&post=46536"},{"taxonomy":"product_tag","embeddable":true,"href":"https:\/\/dentafrica.com\/index.php?rest_route=%2Fwp%2Fv2%2Fproduct_tag&post=46536"}],"curies":[{"name":"wp","href":"https:\/\/api.w.org\/{rel}","templated":true}]}}