{"id":46373,"date":"2023-06-26T16:04:24","date_gmt":"2023-06-26T16:04:24","guid":{"rendered":"https:\/\/dentafrica.com\/?product=fuji-9-gp-fast-a3-ciment-verre-ionomere-by-gc"},"modified":"2024-04-25T17:50:13","modified_gmt":"2024-04-25T17:50:13","slug":"fuji-9-gp-fast-a3-ciment-verre-ionomere-by-gc","status":"publish","type":"product","link":"https:\/\/dentafrica.com\/?product=fuji-9-gp-fast-a3-ciment-verre-ionomere-by-gc","title":{"rendered":"FUJI 9 GP FAST A3 Ciment verre Ionom\u00e8re by GC"},"content":{"rendered":"<p>GC Fuji 9 GP est l&rsquo;un des ciments verre ionom\u00e8re de restauration les plus populaires au monde. Il s&rsquo;agit d&rsquo;un verre ionom\u00e8re ch\u00e9mopolym\u00e9risable conventionnel, facile \u00e0 pr\u00e9parer et \u00e0 modeler dans la cavit\u00e9 et fonctionnant parfaitement pour les restaurations post\u00e9rieures de classe I, II et V. Il est \u00e9galement id\u00e9al pour la reconstitution corono-radiculaire ou en tant que base.<\/p>\n<p>Fuji IX GP FAST vous permet de r\u00e9aliser des restaurations qui durent plus longtemps en deux fois moins de temps\u00a0: seulement 3\u00a0minutes du d\u00e9but \u00e0 la fin du m\u00e9lange.<\/p>\n<p>Contenu : 50 Capsules.<\/p>\n<p>\u00a0<\/p>\n<p><strong>Mode d&#8217;emploi :<\/strong><\/p>\n<table width=\"549\">\n<tbody>\n<tr style=\"height: 35px;\" data-mce-style=\"height: 35px;\">\n<td style=\"width: 353px; height: 35px;\" data-mce-style=\"width: 353px; height: 35px;\">Ratio poudre \/ liquide (g\/g)<\/td>\n<td style=\"width: 182px; height: 35px;\" data-mce-style=\"width: 182px; height: 35px;\">0,40 \/ 0,11<\/td>\n<\/tr>\n<tr style=\"height: 35px;\" data-mce-style=\"height: 35px;\">\n<td style=\"width: 353px; height: 35px;\" data-mce-style=\"width: 353px; height: 35px;\">Temps de m\u00e9lange (secondes)<\/td>\n<td style=\"width: 182px; height: 35px;\" data-mce-style=\"width: 182px; height: 35px;\">10&Prime;<\/td>\n<\/tr>\n<tr style=\"height: 35px;\" data-mce-style=\"height: 35px;\">\n<td style=\"width: 353px; height: 35px;\" data-mce-style=\"width: 353px; height: 35px;\">Temps d&rsquo;extrusion apr\u00e8s le m\u00e9lange<\/td>\n<td style=\"width: 182px; height: 35px;\" data-mce-style=\"width: 182px; height: 35px;\">10 secondes maximum<\/td>\n<\/tr>\n<tr style=\"height: 35px;\" data-mce-style=\"height: 35px;\">\n<td style=\"width: 353px; height: 35px;\" data-mce-style=\"width: 353px; height: 35px;\">Temps de travail (minutes, secondes)<\/td>\n<td style=\"width: 182px; height: 35px;\" data-mce-style=\"width: 182px; height: 35px;\">1&rsquo;15\u00a0\u00bb<\/td>\n<\/tr>\n<tr style=\"height: 35px;\" data-mce-style=\"height: 35px;\">\n<td style=\"width: 353px; height: 35px;\" data-mce-style=\"width: 353px; height: 35px;\">Temps de prise<span>\u00a0<\/span><span data-mce-fragment=\"1\">(minutes, secondes)<\/span>\n<\/td>\n<td style=\"width: 182px; height: 35px;\" data-mce-style=\"width: 182px; height: 35px;\">2&rsquo;00\u00a0\u00bb<\/td>\n<\/tr>\n<tr style=\"height: 35px;\" data-mce-style=\"height: 35px;\">\n<td style=\"width: 353px; height: 35px;\" data-mce-style=\"width: 353px; height: 35px;\">D\u00e9but de la finition (37\u00b0C, apr\u00e8s le d\u00e9but du m\u00e9lange) (min, sec)<\/td>\n<td style=\"width: 182px; height: 35px;\" data-mce-style=\"width: 182px; height: 35px;\">3&rsquo;00\u00a0\u00bb<\/td>\n<\/tr>\n<\/tbody>\n<\/table>\n<p>Conditions de test : Temp\u00e9rature (23\u00b11\u00b0C), Humidit\u00e9 relative (50\u00b15%)<\/p>\n<p>\u00a01. PREPARATION DE LA CAVITE<span>\u00a0<\/span><br \/>a) Pr\u00e9parez la cavit\u00e9. Une extension pour r\u00e9tention m\u00e9canique n&rsquo;est pas n\u00e9cessaire. Si un coiffage pulpaire est n\u00e9cessaire, utilisez un ciment hydroxyde de calcium.<span>\u00a0<\/span><br \/>b) En utilisant une boulette de coton ou une \u00e9ponge, nettoyez la cavit\u00e9.<span>\u00a0<\/span><br \/>c) Rincez soigneusement avec de l\u2019eau. Eliminez l&rsquo;humidit\u00e9 de la surface avec une boulette de coton ou doucement avec une seringue \u00e0 air. NE PAS DESHYDRATER. La surface pr\u00e9par\u00e9e doit \u00eatre humide (brillante).<\/p>\n<p>3. TECHNIQUE DE RESTAURATION<span>\u00a0<\/span><br \/>a) Retirez imm\u00e9diatement la capsule m\u00e9lang\u00e9e du vibreur et la placer dans l\u2019applicateur de capsule.<span>\u00a0<\/span><br \/>b) Pressez deux fois pour amorcer la capsule. Le temps de travail est de 1\u201915\u201d \u00e0 partir du d\u00e9but du m\u00e9lange \u00e0 23\u00b0C (73.4\u00b0F). Des temp\u00e9ratures plus \u00e9lev\u00e9es raccourciront le temps de travail.<span>\u00a0<\/span><br \/>c) Maximum 10 secondes apr\u00e8s la fin du m\u00e9lange, commencez \u00e0 extraire le mat\u00e9riau directement dans la pr\u00e9paration.<br \/>d) Contourez, et placez avec la matrice si n\u00e9cessaire.<span>\u00a0<\/span><br \/>e) Dans les 3 premi\u00e8res minutes qui suivent le d\u00e9but du m\u00e9lange, une attention toute particuli\u00e8re doit \u00eatre prise pour \u00e9viter tout risque de contamination par l\u2019humidit\u00e9 ou de dess\u00e8chement. Au cas o\u00f9 cela ne peut \u00eatre garanti, appliquez imm\u00e9diatement un produit de scellement de restauration (<span data-mce-fragment=\"1\">Reportez-vous \u00e0 leur mode d\u2019emploi respectif.)<\/span><br \/>Notes:<span>\u00a0<\/span><br \/>1) Pour ajuster la direction de l&#8217;embout, tenir l&rsquo;applicateur avec la capsule face \u00e0 vous et tournez le corps de la capsule.<span>\u00a0<\/span><br \/>2) Pour retirer la capsule usag\u00e9e, appuyez sur le bouton de rel\u00e2chement de l&rsquo;applicateur. Tournez la capsule et tirez.<\/p>\n<p>4. FINITION<span>\u00a0<\/span><br \/>a) La finition et le polissage peuvent commencer sous spray d&rsquo;eau approximativement 3 min. apr\u00e8s le d\u00e9but du m\u00e9lange.<br \/>b) Appliquez une couche finale de<span>\u00a0<\/span><span data-mce-fragment=\"1\">produit de scellement de restauration<\/span>. Reportez-vous \u00e0 leur mode d\u2019emploi respectif.<span>\u00a0<\/span><br \/>c) Demandez au patient d&rsquo;\u00e9viter toute pression pendant 1 heure.<\/p>\n<p>CONSERVATION<span>\u00a0<\/span><br \/>Pour un rendement optimal, entreposez les capsules dans l\u2019emballage de pellicule d\u2019aluminium d\u2019origine dans un endroit frais et sombre (4-25 \u00b0C) (39,2-77,0\u00b0F).<\/p>\n<p>\u00a0<\/p>\n","protected":false},"excerpt":{"rendered":"<p>GC Fuji 9 GP est l&rsquo;un des ciments verre ionom\u00e8re de restauration les plus populaires au monde. Il s&rsquo;agit d&rsquo;un verre ionom\u00e8re ch\u00e9mopolym\u00e9risable conventionnel, facile \u00e0 pr\u00e9parer et \u00e0 modeler dans la cavit\u00e9 et fonctionnant parfaitement pour les restaurations post\u00e9rieures de classe I, II et V. Il est \u00e9galement id\u00e9al pour la reconstitution corono-radiculaire ou [&hellip;]<\/p>\n","protected":false},"featured_media":47850,"comment_status":"open","ping_status":"closed","template":"","meta":[],"product_cat":[1444],"product_tag":[1458,1514,1622,1742,1818,1453,1456,1515,1512,1518],"class_list":{"0":"post-46373","1":"product","2":"type-product","3":"status-publish","4":"has-post-thumbnail","6":"product_cat-non-classe","7":"product_tag-ciments","8":"product_tag-ciments-definitifs","9":"product_tag-conditionnement_capsule","10":"product_tag-marque_gc","11":"product_tag-materiau_verre-ionomere","12":"product_tag-produits-annexes","13":"product_tag-restauration-ciments","14":"product_tag-scellement_definitif","15":"product_tag-specialite_restauration","16":"product_tag-type_ciment","18":"first","19":"instock","20":"shipping-taxable","21":"purchasable","22":"product-type-simple"},"_links":{"self":[{"href":"https:\/\/dentafrica.com\/index.php?rest_route=\/wp\/v2\/product\/46373","targetHints":{"allow":["GET"]}}],"collection":[{"href":"https:\/\/dentafrica.com\/index.php?rest_route=\/wp\/v2\/product"}],"about":[{"href":"https:\/\/dentafrica.com\/index.php?rest_route=\/wp\/v2\/types\/product"}],"replies":[{"embeddable":true,"href":"https:\/\/dentafrica.com\/index.php?rest_route=%2Fwp%2Fv2%2Fcomments&post=46373"}],"wp:featuredmedia":[{"embeddable":true,"href":"https:\/\/dentafrica.com\/index.php?rest_route=\/wp\/v2\/media\/47850"}],"wp:attachment":[{"href":"https:\/\/dentafrica.com\/index.php?rest_route=%2Fwp%2Fv2%2Fmedia&parent=46373"}],"wp:term":[{"taxonomy":"product_cat","embeddable":true,"href":"https:\/\/dentafrica.com\/index.php?rest_route=%2Fwp%2Fv2%2Fproduct_cat&post=46373"},{"taxonomy":"product_tag","embeddable":true,"href":"https:\/\/dentafrica.com\/index.php?rest_route=%2Fwp%2Fv2%2Fproduct_tag&post=46373"}],"curies":[{"name":"wp","href":"https:\/\/api.w.org\/{rel}","templated":true}]}}