{"id":46204,"date":"2023-06-26T16:03:26","date_gmt":"2023-06-26T16:03:26","guid":{"rendered":"https:\/\/dentafrica.com\/?product=fraises-diamantees-roue-036f-cool-cut"},"modified":"2024-04-25T17:50:00","modified_gmt":"2024-04-25T17:50:00","slug":"fraises-diamantees-roue-036f-cool-cut","status":"publish","type":"product","link":"https:\/\/dentafrica.com\/?product=fraises-diamantees-roue-036f-cool-cut","title":{"rendered":"Fraises diamant\u00e9es roue 036F &#8211; COOL CUT"},"content":{"rendered":"<p data-mce-fragment=\"1\">Fraises diamant\u00e9es boule roue 036F : pr\u00e9paration de couronne, modelage occlusal, retrait des anciennes obturations.<br \/>Grain fin<\/p>\n<p data-mce-fragment=\"1\"><span data-mce-fragment=\"1\">Diam\u00e8tre t\u00eate 1\/10 mm : 036<br data-mce-fragment=\"1\">Longueur t\u00eate :\u00a01,2\u00a0mm<\/span><\/p>\n<ul data-mce-fragment=\"1\">\n<li data-mce-fragment=\"1\">Blister de 5 fraises<\/li>\n<li data-mce-fragment=\"1\">5 blisters de\u00a05\u00a0fraises\u00a0<\/li>\n<li data-mce-fragment=\"1\">10 blisters de 5 fraises<\/li>\n<\/ul>\n","protected":false},"excerpt":{"rendered":"<p>Fraises diamant\u00e9es boule roue 036F : pr\u00e9paration de couronne, modelage occlusal, retrait des anciennes obturations.Grain fin Diam\u00e8tre t\u00eate 1\/10 mm : 036Longueur t\u00eate :\u00a01,2\u00a0mm Blister de 5 fraises 5 blisters de\u00a05\u00a0fraises\u00a0 10 blisters de 5 fraises<\/p>\n","protected":false},"featured_media":47702,"comment_status":"open","ping_status":"closed","template":"","meta":[],"product_cat":[1444],"product_tag":[1521,1522,1529,1830,1452,1454],"class_list":{"0":"post-46204","1":"product","2":"type-product","3":"status-publish","4":"has-post-thumbnail","6":"product_cat-non-classe","7":"product_tag-fraise_fg","8":"product_tag-fraises-inserts","9":"product_tag-grain_fin","10":"product_tag-marque_coolcut","11":"product_tag-omnipratique","12":"product_tag-produits-annexes-dentiste","14":"first","15":"instock","16":"shipping-taxable","17":"purchasable","18":"product-type-variable"},"_links":{"self":[{"href":"https:\/\/dentafrica.com\/index.php?rest_route=\/wp\/v2\/product\/46204","targetHints":{"allow":["GET"]}}],"collection":[{"href":"https:\/\/dentafrica.com\/index.php?rest_route=\/wp\/v2\/product"}],"about":[{"href":"https:\/\/dentafrica.com\/index.php?rest_route=\/wp\/v2\/types\/product"}],"replies":[{"embeddable":true,"href":"https:\/\/dentafrica.com\/index.php?rest_route=%2Fwp%2Fv2%2Fcomments&post=46204"}],"wp:featuredmedia":[{"embeddable":true,"href":"https:\/\/dentafrica.com\/index.php?rest_route=\/wp\/v2\/media\/47702"}],"wp:attachment":[{"href":"https:\/\/dentafrica.com\/index.php?rest_route=%2Fwp%2Fv2%2Fmedia&parent=46204"}],"wp:term":[{"taxonomy":"product_cat","embeddable":true,"href":"https:\/\/dentafrica.com\/index.php?rest_route=%2Fwp%2Fv2%2Fproduct_cat&post=46204"},{"taxonomy":"product_tag","embeddable":true,"href":"https:\/\/dentafrica.com\/index.php?rest_route=%2Fwp%2Fv2%2Fproduct_tag&post=46204"}],"curies":[{"name":"wp","href":"https:\/\/api.w.org\/{rel}","templated":true}]}}