{"id":46063,"date":"2023-06-26T16:02:35","date_gmt":"2023-06-26T16:02:35","guid":{"rendered":"https:\/\/dentafrica.com\/?product=fraises-diamantees-degrossissage-rapide-017xc-cool-cut"},"modified":"2024-04-25T17:49:44","modified_gmt":"2024-04-25T17:49:44","slug":"fraises-diamantees-degrossissage-rapide-017xc-cool-cut","status":"publish","type":"product","link":"https:\/\/dentafrica.com\/?product=fraises-diamantees-degrossissage-rapide-017xc-cool-cut","title":{"rendered":"Fraises diamant\u00e9es d\u00e9grossissage rapide 017XC &#8211; COOL CUT"},"content":{"rendered":"<p><span data-mce-fragment=\"1\">Fraises diamant\u00e9es d\u00e9grossissage rapide pour pr\u00e9paration de couronnes.<\/span><br data-mce-fragment=\"1\"><span data-mce-fragment=\"1\">Grain extra gros<\/span><br data-mce-fragment=\"1\"><br data-mce-fragment=\"1\"><\/p>\n<p data-mce-fragment=\"1\"><span data-mce-fragment=\"1\">Diam\u00e8tre t\u00eate 1\/10 mm : 017<br data-mce-fragment=\"1\">Longueur t\u00eate :\u00a07.0 mm\u00a0<\/span><\/p>\n<ul data-mce-fragment=\"1\">\n<li data-mce-fragment=\"1\">Blister de 5 fraises<\/li>\n<li data-mce-fragment=\"1\">5 blisters de\u00a05\u00a0fraises\u00a0<\/li>\n<li data-mce-fragment=\"1\">10 blisters de 5 fraises\u00a0\u00a0<\/li>\n<\/ul>\n","protected":false},"excerpt":{"rendered":"<p>Fraises diamant\u00e9es d\u00e9grossissage rapide pour pr\u00e9paration de couronnes.Grain extra gros Diam\u00e8tre t\u00eate 1\/10 mm : 017Longueur t\u00eate :\u00a07.0 mm\u00a0 Blister de 5 fraises 5 blisters de\u00a05\u00a0fraises\u00a0 10 blisters de 5 fraises\u00a0\u00a0<\/p>\n","protected":false},"featured_media":47621,"comment_status":"open","ping_status":"closed","template":"","meta":[],"product_cat":[1444],"product_tag":[1521,1522,1524,1830,1452,1453,1454],"class_list":{"0":"post-46063","1":"product","2":"type-product","3":"status-publish","4":"has-post-thumbnail","6":"product_cat-non-classe","7":"product_tag-fraise_fg","8":"product_tag-fraises-inserts","9":"product_tag-grain_extra-gros","10":"product_tag-marque_coolcut","11":"product_tag-omnipratique","12":"product_tag-produits-annexes","13":"product_tag-produits-annexes-dentiste","15":"first","16":"instock","17":"shipping-taxable","18":"purchasable","19":"product-type-variable"},"_links":{"self":[{"href":"https:\/\/dentafrica.com\/index.php?rest_route=\/wp\/v2\/product\/46063","targetHints":{"allow":["GET"]}}],"collection":[{"href":"https:\/\/dentafrica.com\/index.php?rest_route=\/wp\/v2\/product"}],"about":[{"href":"https:\/\/dentafrica.com\/index.php?rest_route=\/wp\/v2\/types\/product"}],"replies":[{"embeddable":true,"href":"https:\/\/dentafrica.com\/index.php?rest_route=%2Fwp%2Fv2%2Fcomments&post=46063"}],"wp:featuredmedia":[{"embeddable":true,"href":"https:\/\/dentafrica.com\/index.php?rest_route=\/wp\/v2\/media\/47621"}],"wp:attachment":[{"href":"https:\/\/dentafrica.com\/index.php?rest_route=%2Fwp%2Fv2%2Fmedia&parent=46063"}],"wp:term":[{"taxonomy":"product_cat","embeddable":true,"href":"https:\/\/dentafrica.com\/index.php?rest_route=%2Fwp%2Fv2%2Fproduct_cat&post=46063"},{"taxonomy":"product_tag","embeddable":true,"href":"https:\/\/dentafrica.com\/index.php?rest_route=%2Fwp%2Fv2%2Fproduct_tag&post=46063"}],"curies":[{"name":"wp","href":"https:\/\/api.w.org\/{rel}","templated":true}]}}