{"id":45872,"date":"2023-06-26T16:01:30","date_gmt":"2023-06-26T16:01:30","guid":{"rendered":"https:\/\/dentafrica.com\/?product=fraises-diamantees-coniques-a-extremite-arrondie-022xc-cool-cut"},"modified":"2024-04-25T17:49:27","modified_gmt":"2024-04-25T17:49:27","slug":"fraises-diamantees-coniques-a-extremite-arrondie-022xc-cool-cut","status":"publish","type":"product","link":"https:\/\/dentafrica.com\/?product=fraises-diamantees-coniques-a-extremite-arrondie-022xc-cool-cut","title":{"rendered":"Fraises diamant\u00e9es coniques \u00e0 extr\u00e9mit\u00e9 arrondie 022XC &#8211; COOL CUT"},"content":{"rendered":"<p data-mce-fragment=\"1\">Fraises diamant\u00e9es coniques \u00e0 bout arrondie 022XC : retrait des anciennes obturations, pr\u00e9paration des cavit\u00e9s, pr\u00e9paration des couronnes, pr\u00e9paration d\u2019Inlay \/Onlay, prophylaxie.<br \/>Grain extra gros<\/p>\n<p data-mce-fragment=\"1\"><span data-mce-fragment=\"1\">Diam\u00e8tre t\u00eate 1\/10 mm : 022<br data-mce-fragment=\"1\">Longueur t\u00eate :\u00a08.0 mm<\/span><\/p>\n<ul data-mce-fragment=\"1\">\n<li data-mce-fragment=\"1\">Blister de 5 fraises<\/li>\n<li data-mce-fragment=\"1\">5 blisters de\u00a05\u00a0fraises\u00a0<\/li>\n<li data-mce-fragment=\"1\">10 blisters de 5 fraises<\/li>\n<\/ul>\n","protected":false},"excerpt":{"rendered":"<p>Fraises diamant\u00e9es coniques \u00e0 bout arrondie 022XC : retrait des anciennes obturations, pr\u00e9paration des cavit\u00e9s, pr\u00e9paration des couronnes, pr\u00e9paration d\u2019Inlay \/Onlay, prophylaxie.Grain extra gros Diam\u00e8tre t\u00eate 1\/10 mm : 022Longueur t\u00eate :\u00a08.0 mm Blister de 5 fraises 5 blisters de\u00a05\u00a0fraises\u00a0 10 blisters de 5 fraises<\/p>\n","protected":false},"featured_media":47486,"comment_status":"open","ping_status":"closed","template":"","meta":[],"product_cat":[1444],"product_tag":[1521,1522,1524,1830,1452,1453,1454],"class_list":{"0":"post-45872","1":"product","2":"type-product","3":"status-publish","4":"has-post-thumbnail","6":"product_cat-non-classe","7":"product_tag-fraise_fg","8":"product_tag-fraises-inserts","9":"product_tag-grain_extra-gros","10":"product_tag-marque_coolcut","11":"product_tag-omnipratique","12":"product_tag-produits-annexes","13":"product_tag-produits-annexes-dentiste","15":"first","16":"instock","17":"shipping-taxable","18":"purchasable","19":"product-type-variable"},"_links":{"self":[{"href":"https:\/\/dentafrica.com\/index.php?rest_route=\/wp\/v2\/product\/45872","targetHints":{"allow":["GET"]}}],"collection":[{"href":"https:\/\/dentafrica.com\/index.php?rest_route=\/wp\/v2\/product"}],"about":[{"href":"https:\/\/dentafrica.com\/index.php?rest_route=\/wp\/v2\/types\/product"}],"replies":[{"embeddable":true,"href":"https:\/\/dentafrica.com\/index.php?rest_route=%2Fwp%2Fv2%2Fcomments&post=45872"}],"wp:featuredmedia":[{"embeddable":true,"href":"https:\/\/dentafrica.com\/index.php?rest_route=\/wp\/v2\/media\/47486"}],"wp:attachment":[{"href":"https:\/\/dentafrica.com\/index.php?rest_route=%2Fwp%2Fv2%2Fmedia&parent=45872"}],"wp:term":[{"taxonomy":"product_cat","embeddable":true,"href":"https:\/\/dentafrica.com\/index.php?rest_route=%2Fwp%2Fv2%2Fproduct_cat&post=45872"},{"taxonomy":"product_tag","embeddable":true,"href":"https:\/\/dentafrica.com\/index.php?rest_route=%2Fwp%2Fv2%2Fproduct_tag&post=45872"}],"curies":[{"name":"wp","href":"https:\/\/api.w.org\/{rel}","templated":true}]}}