{"id":45617,"date":"2023-06-26T15:59:48","date_gmt":"2023-06-26T15:59:48","guid":{"rendered":"https:\/\/dentafrica.com\/?product=fraises-diamantees-boule-012c-cool-cut"},"modified":"2024-04-25T17:48:57","modified_gmt":"2024-04-25T17:48:57","slug":"fraises-diamantees-boule-012c-cool-cut","status":"publish","type":"product","link":"https:\/\/dentafrica.com\/?product=fraises-diamantees-boule-012c-cool-cut","title":{"rendered":"Fraises diamant\u00e9es boule 012C &#8211; COOL CUT"},"content":{"rendered":"<p data-mce-fragment=\"1\"><span>Fraises diamant\u00e9es boule 12C : retrait des anciennes obturations, pr\u00e9paration de cavit\u00e9s, pr\u00e9paration de couronnes, chirurgie, prophylaxie, traitement endodontique.<\/span><br \/><span>Grain gros\u00a0<\/span><\/p>\n<p data-mce-fragment=\"1\"><span data-mce-fragment=\"1\">Diam\u00e8tre t\u00eate 1\/10 mm : 012<br data-mce-fragment=\"1\">Longueur t\u00eate : 1.2 mm<\/span><\/p>\n<ul data-mce-fragment=\"1\">\n<li data-mce-fragment=\"1\">Blister de 5 fraises<\/li>\n<li data-mce-fragment=\"1\">5 blisters de\u00a05\u00a0fraises\u00a0<\/li>\n<li data-mce-fragment=\"1\">10 blisters de 5 fraises<\/li>\n<\/ul>\n","protected":false},"excerpt":{"rendered":"<p>Fraises diamant\u00e9es boule 12C : retrait des anciennes obturations, pr\u00e9paration de cavit\u00e9s, pr\u00e9paration de couronnes, chirurgie, prophylaxie, traitement endodontique.Grain gros\u00a0 Diam\u00e8tre t\u00eate 1\/10 mm : 012Longueur t\u00eate : 1.2 mm Blister de 5 fraises 5 blisters de\u00a05\u00a0fraises\u00a0 10 blisters de 5 fraises<\/p>\n","protected":false},"featured_media":47255,"comment_status":"open","ping_status":"closed","template":"","meta":[],"product_cat":[1444],"product_tag":[1521,1522,1525,1830,1452,1453,1454],"class_list":{"0":"post-45617","1":"product","2":"type-product","3":"status-publish","4":"has-post-thumbnail","6":"product_cat-non-classe","7":"product_tag-fraise_fg","8":"product_tag-fraises-inserts","9":"product_tag-grain_gros","10":"product_tag-marque_coolcut","11":"product_tag-omnipratique","12":"product_tag-produits-annexes","13":"product_tag-produits-annexes-dentiste","15":"first","16":"instock","17":"shipping-taxable","18":"purchasable","19":"product-type-variable"},"_links":{"self":[{"href":"https:\/\/dentafrica.com\/index.php?rest_route=\/wp\/v2\/product\/45617","targetHints":{"allow":["GET"]}}],"collection":[{"href":"https:\/\/dentafrica.com\/index.php?rest_route=\/wp\/v2\/product"}],"about":[{"href":"https:\/\/dentafrica.com\/index.php?rest_route=\/wp\/v2\/types\/product"}],"replies":[{"embeddable":true,"href":"https:\/\/dentafrica.com\/index.php?rest_route=%2Fwp%2Fv2%2Fcomments&post=45617"}],"wp:featuredmedia":[{"embeddable":true,"href":"https:\/\/dentafrica.com\/index.php?rest_route=\/wp\/v2\/media\/47255"}],"wp:attachment":[{"href":"https:\/\/dentafrica.com\/index.php?rest_route=%2Fwp%2Fv2%2Fmedia&parent=45617"}],"wp:term":[{"taxonomy":"product_cat","embeddable":true,"href":"https:\/\/dentafrica.com\/index.php?rest_route=%2Fwp%2Fv2%2Fproduct_cat&post=45617"},{"taxonomy":"product_tag","embeddable":true,"href":"https:\/\/dentafrica.com\/index.php?rest_route=%2Fwp%2Fv2%2Fproduct_tag&post=45617"}],"curies":[{"name":"wp","href":"https:\/\/api.w.org\/{rel}","templated":true}]}}