{"id":45537,"date":"2023-06-26T15:59:21","date_gmt":"2023-06-26T15:59:21","guid":{"rendered":"https:\/\/dentafrica.com\/?product=fraises-chirurgicales-et-endo-zekrya-151-z-cool-cut-2"},"modified":"2024-04-25T17:48:49","modified_gmt":"2024-04-25T17:48:49","slug":"fraises-chirurgicales-et-endo-zekrya-151-z-cool-cut-2","status":"publish","type":"product","link":"https:\/\/dentafrica.com\/?product=fraises-chirurgicales-et-endo-zekrya-151-z-cool-cut-2","title":{"rendered":"Fraises chirurgicales et endo Zekrya 151-Z &#8211; COOL CUT"},"content":{"rendered":"<p data-mce-fragment=\"1\">Fraises Zekrya\u00a0<span data-mce-fragment=\"1\">en carbure de tungst\u00e8ne.\u00a0Cette fraise d&rsquo;acc\u00e8s en carbure de tungst\u00e8ne longue et s\u00fbre ouvre la chambre pulpaire et la pointe arrondie sans coupe emp\u00eache la perforation du fond de la chambre pulpaire et des parois du canal radiculaire.<\/span><br data-mce-fragment=\"1\">23 OAL<br data-mce-fragment=\"1\"><span data-mce-fragment=\"1\">Diam\u00e8tre t\u00eate 1\/10 mm : 016<br data-mce-fragment=\"1\">Longueur t\u00eate :\u00a011.0 mm<\/span><\/p>\n<ul data-mce-fragment=\"1\">\n<li data-mce-fragment=\"1\">Blister de 5 fraises\u00a0<\/li>\n<li data-mce-fragment=\"1\">5 blisters de\u00a05\u00a0fraises\u00a0<\/li>\n<li data-mce-fragment=\"1\">10 blisters de 5 fraises<\/li>\n<\/ul>\n","protected":false},"excerpt":{"rendered":"<p>Fraises Zekrya\u00a0en carbure de tungst\u00e8ne.\u00a0Cette fraise d&rsquo;acc\u00e8s en carbure de tungst\u00e8ne longue et s\u00fbre ouvre la chambre pulpaire et la pointe arrondie sans coupe emp\u00eache la perforation du fond de la chambre pulpaire et des parois du canal radiculaire.23 OALDiam\u00e8tre t\u00eate 1\/10 mm : 016Longueur t\u00eate :\u00a011.0 mm Blister de 5 fraises\u00a0 5 blisters de\u00a05\u00a0fraises\u00a0 [&hellip;]<\/p>\n","protected":false},"featured_media":47180,"comment_status":"open","ping_status":"closed","template":"","meta":[],"product_cat":[1444],"product_tag":[1621,1695,1459,1522,1828,1726,1661,1830,1452,1454,1696,1460,1646],"class_list":{"0":"post-45537","1":"product","2":"type-product","3":"status-publish","4":"has-post-thumbnail","6":"product_cat-non-classe","7":"product_tag-accessoires-endodontie","8":"product_tag-chirurgie","9":"product_tag-endodontie","10":"product_tag-fraises-inserts","11":"product_tag-fraises-en-carbure-de-tungstene","12":"product_tag-instrumentation-chirurgie","13":"product_tag-les-instruments-chirurgicaux","14":"product_tag-marque_coolcut","15":"product_tag-omnipratique","16":"product_tag-produits-annexes-dentiste","17":"product_tag-specialite_chirurgie","18":"product_tag-specialite_endodontie","19":"product_tag-type_outils-dendodontie","21":"first","22":"instock","23":"shipping-taxable","24":"purchasable","25":"product-type-variable"},"_links":{"self":[{"href":"https:\/\/dentafrica.com\/index.php?rest_route=\/wp\/v2\/product\/45537","targetHints":{"allow":["GET"]}}],"collection":[{"href":"https:\/\/dentafrica.com\/index.php?rest_route=\/wp\/v2\/product"}],"about":[{"href":"https:\/\/dentafrica.com\/index.php?rest_route=\/wp\/v2\/types\/product"}],"replies":[{"embeddable":true,"href":"https:\/\/dentafrica.com\/index.php?rest_route=%2Fwp%2Fv2%2Fcomments&post=45537"}],"wp:featuredmedia":[{"embeddable":true,"href":"https:\/\/dentafrica.com\/index.php?rest_route=\/wp\/v2\/media\/47180"}],"wp:attachment":[{"href":"https:\/\/dentafrica.com\/index.php?rest_route=%2Fwp%2Fv2%2Fmedia&parent=45537"}],"wp:term":[{"taxonomy":"product_cat","embeddable":true,"href":"https:\/\/dentafrica.com\/index.php?rest_route=%2Fwp%2Fv2%2Fproduct_cat&post=45537"},{"taxonomy":"product_tag","embeddable":true,"href":"https:\/\/dentafrica.com\/index.php?rest_route=%2Fwp%2Fv2%2Fproduct_tag&post=45537"}],"curies":[{"name":"wp","href":"https:\/\/api.w.org\/{rel}","templated":true}]}}