{"id":45519,"date":"2023-06-26T15:59:16","date_gmt":"2023-06-26T15:59:16","guid":{"rendered":"https:\/\/dentafrica.com\/?product=fraises-caviprep-prima-dental-ss-white"},"modified":"2024-04-25T17:48:46","modified_gmt":"2024-04-25T17:48:46","slug":"fraises-caviprep-prima-dental-ss-white","status":"publish","type":"product","link":"https:\/\/dentafrica.com\/?product=fraises-caviprep-prima-dental-ss-white","title":{"rendered":"Fraises CaviPrep Prima Dental &#8211; SS WHITE"},"content":{"rendered":"<p>Les angles tranchants des dents permettent une coupe optimum et une excavation effective de la dentine cari\u00e9e.<br data-mce-fragment=\"1\">Col effil\u00e9 assurant une meilleure visibilit\u00e9 et une \u00e9vacuation sup\u00e9rieure.<br data-mce-fragment=\"1\">Anneau de couleur vert permettant une identification facile. <br data-mce-fragment=\"1\">Sa conception permet de diff\u00e9rencier la dentine cari\u00e9e de la dentine saine. Conditionnement : blister solopeel, acc\u00e8s \u00e0 une seule fraise \u00e0 la fois.<br data-mce-fragment=\"1\">Les fraises restantes sont prot\u00e9g\u00e9es, pas de risque de se blesser en se piquant. Usage pratique. <strong>Pour contre-angle.<\/strong><\/p>\n<p>Brister de 5.<\/p>\n","protected":false},"excerpt":{"rendered":"<p>Les angles tranchants des dents permettent une coupe optimum et une excavation effective de la dentine cari\u00e9e.Col effil\u00e9 assurant une meilleure visibilit\u00e9 et une \u00e9vacuation sup\u00e9rieure.Anneau de couleur vert permettant une identification facile. Sa conception permet de diff\u00e9rencier la dentine cari\u00e9e de la dentine saine. Conditionnement : blister solopeel, acc\u00e8s \u00e0 une seule fraise \u00e0 [&hellip;]<\/p>\n","protected":false},"featured_media":47171,"comment_status":"open","ping_status":"closed","template":"","meta":[],"product_cat":[1444],"product_tag":[1521,1522,1523,1525,1476,1452,1453,1454,1468,1527,1528],"class_list":{"0":"post-45519","1":"product","2":"type-product","3":"status-publish","4":"has-post-thumbnail","6":"product_cat-non-classe","7":"product_tag-fraise_fg","8":"product_tag-fraises-inserts","9":"product_tag-fraises-polissage","10":"product_tag-grain_gros","11":"product_tag-marque_sans-marque","12":"product_tag-omnipratique","13":"product_tag-produits-annexes","14":"product_tag-produits-annexes-dentiste","15":"product_tag-safe-implant","16":"product_tag-taille-et-preparation-fg","17":"product_tag-turbines-fg","19":"first","20":"instock","21":"shipping-taxable","22":"purchasable","23":"product-type-variable"},"_links":{"self":[{"href":"https:\/\/dentafrica.com\/index.php?rest_route=\/wp\/v2\/product\/45519","targetHints":{"allow":["GET"]}}],"collection":[{"href":"https:\/\/dentafrica.com\/index.php?rest_route=\/wp\/v2\/product"}],"about":[{"href":"https:\/\/dentafrica.com\/index.php?rest_route=\/wp\/v2\/types\/product"}],"replies":[{"embeddable":true,"href":"https:\/\/dentafrica.com\/index.php?rest_route=%2Fwp%2Fv2%2Fcomments&post=45519"}],"wp:featuredmedia":[{"embeddable":true,"href":"https:\/\/dentafrica.com\/index.php?rest_route=\/wp\/v2\/media\/47171"}],"wp:attachment":[{"href":"https:\/\/dentafrica.com\/index.php?rest_route=%2Fwp%2Fv2%2Fmedia&parent=45519"}],"wp:term":[{"taxonomy":"product_cat","embeddable":true,"href":"https:\/\/dentafrica.com\/index.php?rest_route=%2Fwp%2Fv2%2Fproduct_cat&post=45519"},{"taxonomy":"product_tag","embeddable":true,"href":"https:\/\/dentafrica.com\/index.php?rest_route=%2Fwp%2Fv2%2Fproduct_tag&post=45519"}],"curies":[{"name":"wp","href":"https:\/\/api.w.org\/{rel}","templated":true}]}}