{"id":45432,"date":"2023-06-26T15:58:37","date_gmt":"2023-06-26T15:58:37","guid":{"rendered":"https:\/\/dentafrica.com\/?product=fraises-bout-plat-pour-preparation-de-couronne-015-cool-cut"},"modified":"2024-04-25T17:48:39","modified_gmt":"2024-04-25T17:48:39","slug":"fraises-bout-plat-pour-preparation-de-couronne-015-cool-cut","status":"publish","type":"product","link":"https:\/\/dentafrica.com\/?product=fraises-bout-plat-pour-preparation-de-couronne-015-cool-cut","title":{"rendered":"Fraises bout plat pour pr\u00e9paration de couronne 015 &#8211; COOL CUT"},"content":{"rendered":"<p data-mce-fragment=\"1\"><span data-mce-fragment=\"1\">Fraises cylindrique bout plat pour pr\u00e9paration de couronne<\/span><\/p>\n<p data-mce-fragment=\"1\"><span data-mce-fragment=\"1\">Diam\u00e8tre t\u00eate 1\/10 mm : 015\u00a0<br data-mce-fragment=\"1\">Longueur t\u00eate : 8.0 mm<\/span><\/p>\n<ul data-mce-fragment=\"1\">\n<li data-mce-fragment=\"1\">Blister de 5 fraises\u00a0<\/li>\n<li data-mce-fragment=\"1\">5 blisters de\u00a05\u00a0fraises\u00a0<\/li>\n<li data-mce-fragment=\"1\">10 blisters de 5 fraises<\/li>\n<\/ul>\n","protected":false},"excerpt":{"rendered":"<p>Fraises cylindrique bout plat pour pr\u00e9paration de couronne Diam\u00e8tre t\u00eate 1\/10 mm : 015\u00a0Longueur t\u00eate : 8.0 mm Blister de 5 fraises\u00a0 5 blisters de\u00a05\u00a0fraises\u00a0 10 blisters de 5 fraises<\/p>\n","protected":false},"featured_media":47052,"comment_status":"open","ping_status":"closed","template":"","meta":[],"product_cat":[1444],"product_tag":[1521,1522,1828,1830,1452,1454],"class_list":{"0":"post-45432","1":"product","2":"type-product","3":"status-publish","4":"has-post-thumbnail","6":"product_cat-non-classe","7":"product_tag-fraise_fg","8":"product_tag-fraises-inserts","9":"product_tag-fraises-en-carbure-de-tungstene","10":"product_tag-marque_coolcut","11":"product_tag-omnipratique","12":"product_tag-produits-annexes-dentiste","14":"first","15":"instock","16":"shipping-taxable","17":"purchasable","18":"product-type-variable"},"_links":{"self":[{"href":"https:\/\/dentafrica.com\/index.php?rest_route=\/wp\/v2\/product\/45432","targetHints":{"allow":["GET"]}}],"collection":[{"href":"https:\/\/dentafrica.com\/index.php?rest_route=\/wp\/v2\/product"}],"about":[{"href":"https:\/\/dentafrica.com\/index.php?rest_route=\/wp\/v2\/types\/product"}],"replies":[{"embeddable":true,"href":"https:\/\/dentafrica.com\/index.php?rest_route=%2Fwp%2Fv2%2Fcomments&post=45432"}],"wp:featuredmedia":[{"embeddable":true,"href":"https:\/\/dentafrica.com\/index.php?rest_route=\/wp\/v2\/media\/47052"}],"wp:attachment":[{"href":"https:\/\/dentafrica.com\/index.php?rest_route=%2Fwp%2Fv2%2Fmedia&parent=45432"}],"wp:term":[{"taxonomy":"product_cat","embeddable":true,"href":"https:\/\/dentafrica.com\/index.php?rest_route=%2Fwp%2Fv2%2Fproduct_cat&post=45432"},{"taxonomy":"product_tag","embeddable":true,"href":"https:\/\/dentafrica.com\/index.php?rest_route=%2Fwp%2Fv2%2Fproduct_tag&post=45432"}],"curies":[{"name":"wp","href":"https:\/\/api.w.org\/{rel}","templated":true}]}}