{"id":45084,"date":"2023-06-26T15:55:31","date_gmt":"2023-06-26T15:55:31","guid":{"rendered":"https:\/\/dentafrica.com\/?product=forets-performance-dentoclic-itena"},"modified":"2024-04-25T17:48:09","modified_gmt":"2024-04-25T17:48:09","slug":"forets-performance-dentoclic-itena","status":"publish","type":"product","link":"https:\/\/dentafrica.com\/?product=forets-performance-dentoclic-itena","title":{"rendered":"Forets Performance &#8211; DENTOCLIC ITENA"},"content":{"rendered":"<p>Propri\u00e9t\u00e9s : Foret cylindro-conique \u00e0 lames droites permettant d&rsquo;al\u00e9ser le canal aux dimensions du tenon. Potentiel de coupe plus \u00e9lev\u00e9 gr\u00e2ce \u00e0 la forme droite des lames, leurs ar\u00eates tranchantes, ainsi que la pointe travaillante du foret et son aff\u00fbtage optimis\u00e9. Al\u00e9sage plus offensif et rapide. En acier chirurgical, ils ne vibrent pas et b\u00e9n\u00e9ficient d&rsquo;une longue dur\u00e9e de vie. S&rsquo;utilisent avec les tenons inox et calcinables cylindro-coniques, fibre de verre ou titane.\u00a0<br \/>Dispositif m\u00e9dical de classe lla. Marquage CE0120. Frabricant ITENA Clinical<\/p>\n<p>La bo\u00eete de 3 forets:<\/p>\n<p>N\u00b01 Diam\u00e8tre = 1.20 mm Blanc\u00a0<br \/><span data-mce-fragment=\"1\">N\u00b02 Diam\u00e8tre = 1.30 mm\u00a0Jaune\u00a0<\/span><br \/><span data-mce-fragment=\"1\">N\u00b03 Diam\u00e8tre = 1.40 mm\u00a0Rouge<\/span><br \/><span data-mce-fragment=\"1\">N\u00b04 Diam\u00e8tre = 1.50 mm\u00a0Bleu\u00a0<\/span><br \/><span data-mce-fragment=\"1\">N\u00b05 Diam\u00e8tre = 1.60 mm\u00a0Vert<\/span><br \/><span data-mce-fragment=\"1\">N\u00b06 Diam\u00e8tre = 1.70 mm\u00a0Noir\u00a0<\/span><\/p>\n","protected":false},"excerpt":{"rendered":"<p>Propri\u00e9t\u00e9s : Foret cylindro-conique \u00e0 lames droites permettant d&rsquo;al\u00e9ser le canal aux dimensions du tenon. Potentiel de coupe plus \u00e9lev\u00e9 gr\u00e2ce \u00e0 la forme droite des lames, leurs ar\u00eates tranchantes, ainsi que la pointe travaillante du foret et son aff\u00fbtage optimis\u00e9. Al\u00e9sage plus offensif et rapide. En acier chirurgical, ils ne vibrent pas et b\u00e9n\u00e9ficient [&hellip;]<\/p>\n","protected":false},"featured_media":46527,"comment_status":"open","ping_status":"closed","template":"","meta":[],"product_cat":[1444],"product_tag":[1459,1714,1581,1716,1495,1717,1751,1571,1453,1557,1468,1460,1727,1682],"class_list":{"0":"post-45084","1":"product","2":"type-product","3":"status-publish","4":"has-post-thumbnail","6":"product_cat-non-classe","7":"product_tag-endodontie","8":"product_tag-forets-endodontie","9":"product_tag-implantologie","10":"product_tag-instrumentation-implantologie","11":"product_tag-instruments","12":"product_tag-les-forets","13":"product_tag-marque_dentoclic-itena","14":"product_tag-prise-dempreinte","15":"product_tag-produits-annexes","16":"product_tag-restauration","17":"product_tag-safe-implant","18":"product_tag-specialite_endodontie","19":"product_tag-specialite_implantologie","20":"product_tag-tenons-et-alesoirs","22":"first","23":"instock","24":"shipping-taxable","25":"purchasable","26":"product-type-variable"},"_links":{"self":[{"href":"https:\/\/dentafrica.com\/index.php?rest_route=\/wp\/v2\/product\/45084","targetHints":{"allow":["GET"]}}],"collection":[{"href":"https:\/\/dentafrica.com\/index.php?rest_route=\/wp\/v2\/product"}],"about":[{"href":"https:\/\/dentafrica.com\/index.php?rest_route=\/wp\/v2\/types\/product"}],"replies":[{"embeddable":true,"href":"https:\/\/dentafrica.com\/index.php?rest_route=%2Fwp%2Fv2%2Fcomments&post=45084"}],"wp:featuredmedia":[{"embeddable":true,"href":"https:\/\/dentafrica.com\/index.php?rest_route=\/wp\/v2\/media\/46527"}],"wp:attachment":[{"href":"https:\/\/dentafrica.com\/index.php?rest_route=%2Fwp%2Fv2%2Fmedia&parent=45084"}],"wp:term":[{"taxonomy":"product_cat","embeddable":true,"href":"https:\/\/dentafrica.com\/index.php?rest_route=%2Fwp%2Fv2%2Fproduct_cat&post=45084"},{"taxonomy":"product_tag","embeddable":true,"href":"https:\/\/dentafrica.com\/index.php?rest_route=%2Fwp%2Fv2%2Fproduct_tag&post=45084"}],"curies":[{"name":"wp","href":"https:\/\/api.w.org\/{rel}","templated":true}]}}