{"id":45050,"date":"2023-06-26T15:55:22","date_gmt":"2023-06-26T15:55:22","guid":{"rendered":"https:\/\/dentafrica.com\/?product=forets-gates-dentoclic-itena"},"modified":"2024-04-25T17:48:08","modified_gmt":"2024-04-25T17:48:08","slug":"forets-gates-dentoclic-itena","status":"publish","type":"product","link":"https:\/\/dentafrica.com\/?product=forets-gates-dentoclic-itena","title":{"rendered":"Forets Gates &#8211; DENTOCLIC ITENA"},"content":{"rendered":"<p>Indications: Forets destin\u00e9s \u00e0 l&rsquo;\u00e9largissement de l&rsquo;entr\u00e9e canalaire. Utilis\u00e9 en endodontie pour faciliter l&rsquo;instrumentation manuelle et m\u00e9canis\u00e9e. Permettent une accessibilit\u00e9 plus grande des forets Largo\/Peeso et cylindro-coniques lors de la pr\u00e9paration des logements de tenons(reconstitution ou empreintes). Vitesse de rotation conseill\u00e9e : 800 tr\/min<\/p>\n<p>La bo\u00eete de 6 forets :\u00a0<\/p>\n<table width=\"100%\">\n<tbody>\n<tr>\n<td>Diam\u00e8tre, mm<\/td>\n<td>L = 28 mm<\/td>\n<td>\u00a0L = 32 mm<\/td>\n<\/tr>\n<tr>\n<td>0.50<\/td>\n<td>FORETSG_28_1<\/td>\n<td>FORETSG_32_1<\/td>\n<\/tr>\n<tr>\n<td>0.70<\/td>\n<td>FORETSG_28_2<\/td>\n<td>\n<span>FORETSG_<\/span><span>32<\/span><span>_2<\/span>\n<\/td>\n<\/tr>\n<tr>\n<td>0.90<\/td>\n<td>FORETSG_28_3<\/td>\n<td>\n<span>FORETSG_<\/span><span>32<\/span><span>_3<\/span>\n<\/td>\n<\/tr>\n<tr>\n<td>1.10<\/td>\n<td>FORETSG_28_4<\/td>\n<td>\n<span>FORETSG_<\/span><span>32<\/span><span>_4<\/span>\n<\/td>\n<\/tr>\n<tr>\n<td>1.30<\/td>\n<td>FORETSG_28_5<\/td>\n<td>\n<span>FORETSG_<\/span><span>32<\/span><span>_5<\/span>\n<\/td>\n<\/tr>\n<tr>\n<td>1.50<\/td>\n<td>FORETSG_28_6<\/td>\n<td>\n<span>FORETSG_<\/span><span>32<\/span><span>_6<\/span>\n<\/td>\n<\/tr>\n<tr>\n<td>Assortis<\/td>\n<td>FORETSG_28_A<\/td>\n<td>\n<span>FORETSG_<\/span><span>32<\/span><span>_A<\/span>\n<\/td>\n<\/tr>\n<\/tbody>\n<\/table>\n","protected":false},"excerpt":{"rendered":"<p>Indications: Forets destin\u00e9s \u00e0 l&rsquo;\u00e9largissement de l&rsquo;entr\u00e9e canalaire. Utilis\u00e9 en endodontie pour faciliter l&rsquo;instrumentation manuelle et m\u00e9canis\u00e9e. Permettent une accessibilit\u00e9 plus grande des forets Largo\/Peeso et cylindro-coniques lors de la pr\u00e9paration des logements de tenons(reconstitution ou empreintes). Vitesse de rotation conseill\u00e9e : 800 tr\/min La bo\u00eete de 6 forets :\u00a0 Diam\u00e8tre, mm L = 28 [&hellip;]<\/p>\n","protected":false},"featured_media":46523,"comment_status":"open","ping_status":"closed","template":"","meta":[],"product_cat":[1444],"product_tag":[1459,1714,1581,1716,1495,1717,1751,1571,1453,1557,1460,1727,1682],"class_list":{"0":"post-45050","1":"product","2":"type-product","3":"status-publish","4":"has-post-thumbnail","6":"product_cat-non-classe","7":"product_tag-endodontie","8":"product_tag-forets-endodontie","9":"product_tag-implantologie","10":"product_tag-instrumentation-implantologie","11":"product_tag-instruments","12":"product_tag-les-forets","13":"product_tag-marque_dentoclic-itena","14":"product_tag-prise-dempreinte","15":"product_tag-produits-annexes","16":"product_tag-restauration","17":"product_tag-specialite_endodontie","18":"product_tag-specialite_implantologie","19":"product_tag-tenons-et-alesoirs","21":"first","22":"instock","23":"shipping-taxable","24":"purchasable","25":"product-type-variable"},"_links":{"self":[{"href":"https:\/\/dentafrica.com\/index.php?rest_route=\/wp\/v2\/product\/45050","targetHints":{"allow":["GET"]}}],"collection":[{"href":"https:\/\/dentafrica.com\/index.php?rest_route=\/wp\/v2\/product"}],"about":[{"href":"https:\/\/dentafrica.com\/index.php?rest_route=\/wp\/v2\/types\/product"}],"replies":[{"embeddable":true,"href":"https:\/\/dentafrica.com\/index.php?rest_route=%2Fwp%2Fv2%2Fcomments&post=45050"}],"wp:featuredmedia":[{"embeddable":true,"href":"https:\/\/dentafrica.com\/index.php?rest_route=\/wp\/v2\/media\/46523"}],"wp:attachment":[{"href":"https:\/\/dentafrica.com\/index.php?rest_route=%2Fwp%2Fv2%2Fmedia&parent=45050"}],"wp:term":[{"taxonomy":"product_cat","embeddable":true,"href":"https:\/\/dentafrica.com\/index.php?rest_route=%2Fwp%2Fv2%2Fproduct_cat&post=45050"},{"taxonomy":"product_tag","embeddable":true,"href":"https:\/\/dentafrica.com\/index.php?rest_route=%2Fwp%2Fv2%2Fproduct_tag&post=45050"}],"curies":[{"name":"wp","href":"https:\/\/api.w.org\/{rel}","templated":true}]}}