{"id":44961,"date":"2023-06-26T15:54:55","date_gmt":"2023-06-26T15:54:55","guid":{"rendered":"https:\/\/dentafrica.com\/?product=foret-stoppeur-280-mm-de-diametre"},"modified":"2024-04-25T17:47:57","modified_gmt":"2024-04-25T17:47:57","slug":"foret-stoppeur-280-mm-de-diametre","status":"publish","type":"product","link":"https:\/\/dentafrica.com\/?product=foret-stoppeur-280-mm-de-diametre","title":{"rendered":"Foret stoppeur 2,80 mm de diam\u00e8tre"},"content":{"rendered":"<p>Le <strong>safe foret<\/strong> est un foret stoppeur qui vous permet de forer l&rsquo;os avec la plus grande pr\u00e9cision sans jamais aller au-del\u00e0 de la longueur et du diam\u00e8tre d\u00e9fini par votre scanner.\u00a0<\/p>\n","protected":false},"excerpt":{"rendered":"<p>Le safe foret est un foret stoppeur qui vous permet de forer l&rsquo;os avec la plus grande pr\u00e9cision sans jamais aller au-del\u00e0 de la longueur et du diam\u00e8tre d\u00e9fini par votre scanner.\u00a0<\/p>\n","protected":false},"featured_media":46483,"comment_status":"open","ping_status":"closed","template":"","meta":[],"product_cat":[1444],"product_tag":[1824,1581,838,1716,1495,1717,1476,1543,1468,1727],"class_list":{"0":"post-44961","1":"product","2":"type-product","3":"status-publish","4":"has-post-thumbnail","6":"product_cat-non-classe","7":"product_tag-forets-implantologie","8":"product_tag-implantologie","9":"product_tag-instrument_foret-stoppeur","10":"product_tag-instrumentation-implantologie","11":"product_tag-instruments","12":"product_tag-les-forets","13":"product_tag-marque_sans-marque","14":"product_tag-outils-implantologie","15":"product_tag-safe-implant","16":"product_tag-specialite_implantologie","18":"first","19":"instock","20":"shipping-taxable","21":"purchasable","22":"product-type-variable"},"_links":{"self":[{"href":"https:\/\/dentafrica.com\/index.php?rest_route=\/wp\/v2\/product\/44961","targetHints":{"allow":["GET"]}}],"collection":[{"href":"https:\/\/dentafrica.com\/index.php?rest_route=\/wp\/v2\/product"}],"about":[{"href":"https:\/\/dentafrica.com\/index.php?rest_route=\/wp\/v2\/types\/product"}],"replies":[{"embeddable":true,"href":"https:\/\/dentafrica.com\/index.php?rest_route=%2Fwp%2Fv2%2Fcomments&post=44961"}],"wp:featuredmedia":[{"embeddable":true,"href":"https:\/\/dentafrica.com\/index.php?rest_route=\/wp\/v2\/media\/46483"}],"wp:attachment":[{"href":"https:\/\/dentafrica.com\/index.php?rest_route=%2Fwp%2Fv2%2Fmedia&parent=44961"}],"wp:term":[{"taxonomy":"product_cat","embeddable":true,"href":"https:\/\/dentafrica.com\/index.php?rest_route=%2Fwp%2Fv2%2Fproduct_cat&post=44961"},{"taxonomy":"product_tag","embeddable":true,"href":"https:\/\/dentafrica.com\/index.php?rest_route=%2Fwp%2Fv2%2Fproduct_tag&post=44961"}],"curies":[{"name":"wp","href":"https:\/\/api.w.org\/{rel}","templated":true}]}}