{"id":44922,"date":"2023-06-26T15:54:38","date_gmt":"2023-06-26T15:54:38","guid":{"rendered":"https:\/\/dentafrica.com\/?product=foret-pointeur-de-marquage-32mm"},"modified":"2024-04-25T17:47:52","modified_gmt":"2024-04-25T17:47:52","slug":"foret-pointeur-de-marquage-32mm","status":"publish","type":"product","link":"https:\/\/dentafrica.com\/?product=foret-pointeur-de-marquage-32mm","title":{"rendered":"Foret pointeur de marquage  3,2mm"},"content":{"rendered":"<p><span style=\"font-size:13px;color:#000000;font-weight:normal;text-decoration:none;font-family:Arial;font-style:normal;\">Foret \u00e0 marquage de longueur dans la masse. <\/span><\/p>\n<p><span style=\"font-size:13px;color:#000000;font-weight:normal;text-decoration:none;font-family:Arial;font-style:normal;\">Comme indiqu\u00e9 sur le plan, les marques sont grav\u00e9es dans la masse du foret \u00e0 16,00 mm de hauteur. <\/span><\/p>\n<p><span style=\"font-size:13px;color:#000000;font-weight:normal;text-decoration:none;font-family:Arial;font-style:normal;\">Notre marquage est de 0.3 mm de profondeur permettant de vous servir du foret comme jauge de profondeur. <\/span><\/p>\n<p><span style=\"font-size:13px;color:#000000;font-weight:normal;text-decoration:none;font-family:Arial;font-style:normal;\">L\u2019aff\u00fbtage de nos forets permet une pr\u00e9cision de coupe. <\/span><\/p>\n<p><span style=\"font-size:13px;color:#000000;font-weight:normal;text-decoration:none;font-family:Arial;font-style:normal;\">Existe pour les diam\u00e8tres : <br \/>2,00 mm <br \/>2,50 mm <br \/>2,80 mm <br \/>3,20 mm <br \/>3,80 mm <br \/>4,20 mm <br \/>4,65 mm <br \/>5,50 mm<\/span><\/p>\n","protected":false},"excerpt":{"rendered":"<p>Foret \u00e0 marquage de longueur dans la masse. Comme indiqu\u00e9 sur le plan, les marques sont grav\u00e9es dans la masse du foret \u00e0 16,00 mm de hauteur. Notre marquage est de 0.3 mm de profondeur permettant de vous servir du foret comme jauge de profondeur. L\u2019aff\u00fbtage de nos forets permet une pr\u00e9cision de coupe. Existe [&hellip;]<\/p>\n","protected":false},"featured_media":46451,"comment_status":"open","ping_status":"closed","template":"","meta":[],"product_cat":[1444],"product_tag":[1824,1581,1825,1716,1495,1717,1661,1476,1543,1467,1826,1468,1727],"class_list":{"0":"post-44922","1":"product","2":"type-product","3":"status-publish","4":"has-post-thumbnail","6":"product_cat-non-classe","7":"product_tag-forets-implantologie","8":"product_tag-implantologie","9":"product_tag-instrument_foret-pointeur-de-marquage","10":"product_tag-instrumentation-implantologie","11":"product_tag-instruments","12":"product_tag-les-forets","13":"product_tag-les-instruments-chirurgicaux","14":"product_tag-marque_sans-marque","15":"product_tag-outils-implantologie","16":"product_tag-promotions","17":"product_tag-promotions-implantologie","18":"product_tag-safe-implant","19":"product_tag-specialite_implantologie","21":"first","22":"instock","23":"shipping-taxable","24":"purchasable","25":"product-type-simple"},"_links":{"self":[{"href":"https:\/\/dentafrica.com\/index.php?rest_route=\/wp\/v2\/product\/44922","targetHints":{"allow":["GET"]}}],"collection":[{"href":"https:\/\/dentafrica.com\/index.php?rest_route=\/wp\/v2\/product"}],"about":[{"href":"https:\/\/dentafrica.com\/index.php?rest_route=\/wp\/v2\/types\/product"}],"replies":[{"embeddable":true,"href":"https:\/\/dentafrica.com\/index.php?rest_route=%2Fwp%2Fv2%2Fcomments&post=44922"}],"wp:featuredmedia":[{"embeddable":true,"href":"https:\/\/dentafrica.com\/index.php?rest_route=\/wp\/v2\/media\/46451"}],"wp:attachment":[{"href":"https:\/\/dentafrica.com\/index.php?rest_route=%2Fwp%2Fv2%2Fmedia&parent=44922"}],"wp:term":[{"taxonomy":"product_cat","embeddable":true,"href":"https:\/\/dentafrica.com\/index.php?rest_route=%2Fwp%2Fv2%2Fproduct_cat&post=44922"},{"taxonomy":"product_tag","embeddable":true,"href":"https:\/\/dentafrica.com\/index.php?rest_route=%2Fwp%2Fv2%2Fproduct_tag&post=44922"}],"curies":[{"name":"wp","href":"https:\/\/api.w.org\/{rel}","templated":true}]}}