{"id":44907,"date":"2023-06-26T15:54:29","date_gmt":"2023-06-26T15:54:29","guid":{"rendered":"https:\/\/dentafrica.com\/?product=foliodrape-protect-champs-operatoires-steriles-adhesifs-hartmann"},"modified":"2024-04-25T17:47:53","modified_gmt":"2024-04-25T17:47:53","slug":"foliodrape-protect-champs-operatoires-steriles-adhesifs-hartmann","status":"publish","type":"product","link":"https:\/\/dentafrica.com\/?product=foliodrape-protect-champs-operatoires-steriles-adhesifs-hartmann","title":{"rendered":"Foliodrape Protect Champs op\u00e9ratoires st\u00e9riles adh\u00e9sifs &#8211; HARTMANN"},"content":{"rendered":"<p><span data-mce-fragment=\"1\">Champs Foliodrape 2 couches en non-tiss\u00e9 absorbant, plastifi\u00e9 d&rsquo;un c\u00f4t\u00e9. Ils sont imperm\u00e9ables \u00e0 l&rsquo;humidit\u00e9 et aux germes pathog\u00e8nes, souples et faciles \u00e0 draper.<\/span><\/p>\n<p>Disponible en 2 tailles :\u00a0<\/p>\n<style type=\"text\/css\"><!--\ntd {border: 1px solid #ccc;}br {mso-data-placement:same-cell;}\n--><\/style>\n<ul>\n<li><strong>45 x 75 cm (bo\u00eete de 60)<\/strong><\/li>\n<li><strong>75 x 90 cm (bo\u00eete de 40)<\/strong><\/li>\n<\/ul>\n<style type=\"text\/css\"><!--\ntd {border: 1px solid #ccc;}br {mso-data-placement:same-cell;}\n--><\/style>\n","protected":false},"excerpt":{"rendered":"<p>Champs Foliodrape 2 couches en non-tiss\u00e9 absorbant, plastifi\u00e9 d&rsquo;un c\u00f4t\u00e9. Ils sont imperm\u00e9ables \u00e0 l&rsquo;humidit\u00e9 et aux germes pathog\u00e8nes, souples et faciles \u00e0 draper. Disponible en 2 tailles :\u00a0 45 x 75 cm (bo\u00eete de 60) 75 x 90 cm (bo\u00eete de 40)<\/p>\n","protected":false},"featured_media":46422,"comment_status":"open","ping_status":"closed","template":"","meta":[],"product_cat":[1444],"product_tag":[749,1505,1474,686,1452,1506,1466,1453,673,1469],"class_list":{"0":"post-44907","1":"product","2":"type-product","3":"status-publish","4":"has-post-thumbnail","6":"product_cat-non-classe","7":"product_tag-champs-operatoires","8":"product_tag-compresses","9":"product_tag-hygiene-et-entretien","10":"product_tag-marque_hartmann","11":"product_tag-omnipratique","12":"product_tag-pansements","13":"product_tag-pharmacie-usage-unique","14":"product_tag-produits-annexes","15":"product_tag-type_champ-operatoire","16":"product_tag-usage-unique","18":"first","19":"instock","20":"shipping-taxable","21":"purchasable","22":"product-type-variable"},"_links":{"self":[{"href":"https:\/\/dentafrica.com\/index.php?rest_route=\/wp\/v2\/product\/44907","targetHints":{"allow":["GET"]}}],"collection":[{"href":"https:\/\/dentafrica.com\/index.php?rest_route=\/wp\/v2\/product"}],"about":[{"href":"https:\/\/dentafrica.com\/index.php?rest_route=\/wp\/v2\/types\/product"}],"replies":[{"embeddable":true,"href":"https:\/\/dentafrica.com\/index.php?rest_route=%2Fwp%2Fv2%2Fcomments&post=44907"}],"wp:featuredmedia":[{"embeddable":true,"href":"https:\/\/dentafrica.com\/index.php?rest_route=\/wp\/v2\/media\/46422"}],"wp:attachment":[{"href":"https:\/\/dentafrica.com\/index.php?rest_route=%2Fwp%2Fv2%2Fmedia&parent=44907"}],"wp:term":[{"taxonomy":"product_cat","embeddable":true,"href":"https:\/\/dentafrica.com\/index.php?rest_route=%2Fwp%2Fv2%2Fproduct_cat&post=44907"},{"taxonomy":"product_tag","embeddable":true,"href":"https:\/\/dentafrica.com\/index.php?rest_route=%2Fwp%2Fv2%2Fproduct_tag&post=44907"}],"curies":[{"name":"wp","href":"https:\/\/api.w.org\/{rel}","templated":true}]}}