{"id":44901,"date":"2023-06-26T15:54:27","date_gmt":"2023-06-26T15:54:27","guid":{"rendered":"https:\/\/dentafrica.com\/?product=foliodrape-champs-operatoires-steriles-simples-hartmann"},"modified":"2024-04-25T17:47:53","modified_gmt":"2024-04-25T17:47:53","slug":"foliodrape-champs-operatoires-steriles-simples-hartmann","status":"publish","type":"product","link":"https:\/\/dentafrica.com\/?product=foliodrape-champs-operatoires-steriles-simples-hartmann","title":{"rendered":"Foliodrape Champs op\u00e9ratoires st\u00e9riles simples &#8211; HARTMANN"},"content":{"rendered":"<p>Champs\u00a0 Foliodrape 2 couches en non-tiss\u00e9 absorbant, plastifi\u00e9 d&rsquo;un c\u00f4t\u00e9. Ils sont imperm\u00e9ables \u00e0 l&rsquo;humidit\u00e9 et aux germes pathog\u00e8nes, souples et faciles \u00e0 draper.<\/p>\n<p>Egalement disponibles en version <a href=\"https:\/\/safe-implant.fr\/products\/foliodrape-protect-champs-operatoires-steriles-adhesifs-hartmann\" title=\"Foliodrape Protect Champs op\u00e9ratoires st\u00e9riles adh\u00e9sifs\">auto-adh\u00e9sive<\/a> avec des bandes adh\u00e9sives fiables, et <a href=\"https:\/\/safe-implant.fr\/products\/foliodrape-protect-champs-operatoires-steriles-troues-hartmann\" title=\"Foliodrape Protect Champs op\u00e9ratoires st\u00e9riles trou\u00e9s\">trou\u00e9e<\/a>.<\/p>\n<p>Disponible en 4 tailles :\u00a0<\/p>\n<ul>\n<li><strong>37 x 45 cm (bo\u00eete de 125)<\/strong><\/li>\n<li><strong>75 x 75 cm\u00a0(bo\u00eete de 55)<\/strong><\/li>\n<li><strong>75 x 90 cm (bo\u00eete de 35)<\/strong><\/li>\n<li><strong>90 x 150 cm (bo\u00eete de 20)<\/strong><\/li>\n<\/ul>\n<style type=\"text\/css\"><!--\ntd {border: 1px solid #ccc;}br {mso-data-placement:same-cell;}\n--><\/style>\n<style type=\"text\/css\"><!--\ntd {border: 1px solid #ccc;}br {mso-data-placement:same-cell;}\n--><\/style>\n","protected":false},"excerpt":{"rendered":"<p>Champs\u00a0 Foliodrape 2 couches en non-tiss\u00e9 absorbant, plastifi\u00e9 d&rsquo;un c\u00f4t\u00e9. Ils sont imperm\u00e9ables \u00e0 l&rsquo;humidit\u00e9 et aux germes pathog\u00e8nes, souples et faciles \u00e0 draper. Egalement disponibles en version auto-adh\u00e9sive avec des bandes adh\u00e9sives fiables, et trou\u00e9e. Disponible en 4 tailles :\u00a0 37 x 45 cm (bo\u00eete de 125) 75 x 75 cm\u00a0(bo\u00eete de 55) 75 [&hellip;]<\/p>\n","protected":false},"featured_media":46411,"comment_status":"open","ping_status":"closed","template":"","meta":[],"product_cat":[1444],"product_tag":[749,1505,1474,686,1452,1506,1466,1453,673,1469],"class_list":{"0":"post-44901","1":"product","2":"type-product","3":"status-publish","4":"has-post-thumbnail","6":"product_cat-non-classe","7":"product_tag-champs-operatoires","8":"product_tag-compresses","9":"product_tag-hygiene-et-entretien","10":"product_tag-marque_hartmann","11":"product_tag-omnipratique","12":"product_tag-pansements","13":"product_tag-pharmacie-usage-unique","14":"product_tag-produits-annexes","15":"product_tag-type_champ-operatoire","16":"product_tag-usage-unique","18":"first","19":"outofstock","20":"shipping-taxable","21":"purchasable","22":"product-type-variable"},"_links":{"self":[{"href":"https:\/\/dentafrica.com\/index.php?rest_route=\/wp\/v2\/product\/44901","targetHints":{"allow":["GET"]}}],"collection":[{"href":"https:\/\/dentafrica.com\/index.php?rest_route=\/wp\/v2\/product"}],"about":[{"href":"https:\/\/dentafrica.com\/index.php?rest_route=\/wp\/v2\/types\/product"}],"replies":[{"embeddable":true,"href":"https:\/\/dentafrica.com\/index.php?rest_route=%2Fwp%2Fv2%2Fcomments&post=44901"}],"wp:featuredmedia":[{"embeddable":true,"href":"https:\/\/dentafrica.com\/index.php?rest_route=\/wp\/v2\/media\/46411"}],"wp:attachment":[{"href":"https:\/\/dentafrica.com\/index.php?rest_route=%2Fwp%2Fv2%2Fmedia&parent=44901"}],"wp:term":[{"taxonomy":"product_cat","embeddable":true,"href":"https:\/\/dentafrica.com\/index.php?rest_route=%2Fwp%2Fv2%2Fproduct_cat&post=44901"},{"taxonomy":"product_tag","embeddable":true,"href":"https:\/\/dentafrica.com\/index.php?rest_route=%2Fwp%2Fv2%2Fproduct_tag&post=44901"}],"curies":[{"name":"wp","href":"https:\/\/api.w.org\/{rel}","templated":true}]}}