{"id":44854,"date":"2023-06-26T15:54:07","date_gmt":"2023-06-26T15:54:07","guid":{"rendered":"https:\/\/dentafrica.com\/?product=fitstrip-systeme-de-finition-et-de-faconnage-interproximaux-garisson"},"modified":"2024-04-25T17:47:49","modified_gmt":"2024-04-25T17:47:49","slug":"fitstrip-systeme-de-finition-et-de-faconnage-interproximaux-garisson","status":"publish","type":"product","link":"https:\/\/dentafrica.com\/?product=fitstrip-systeme-de-finition-et-de-faconnage-interproximaux-garisson","title":{"rendered":"FitStrip syst\u00e8me de finition et de fa\u00e7onnage interproximaux &#8211; Garisson"},"content":{"rendered":"<p>Syst\u00e8me de finition et fa\u00e7onnage pour la cr\u00e9ation des contacts proximaux. Fabricant : Garrison Dental Solution.<\/p>\n<p><strong>Caract\u00e9ristiques :<\/strong><\/p>\n<ul>\n<li>Jusqu&rsquo;\u00e0 20 utilisations<\/li>\n<li>D\u00e9sinfectable<\/li>\n<li>Autoclavable<\/li>\n<\/ul>\n<p><strong>Le coffret contient<\/strong> : 2 manches + 2 bandes FitStrip stri\u00e9es + 4 bandes FitStrip abrasives diamant\u00e9es simple face (1 de chaque taille de grain) + 4 bandes FitStrip abrasives diamant\u00e9es double face (1 de chaque taille de grain).<\/p>\n<p>Existe aussi en lot\u00a0de 10 bandes abrasives<\/p>\n<p><strong>Bande abrasive stri\u00e9e : <\/strong>\u00e9paisseur de 0,05 mm<\/p>\n<p><strong>Bande abrasive diamant\u00e9e simple face<\/strong><\/p>\n<table width=\"100%\">\n<tbody>\n<tr>\n<td>\u00a0<\/td>\n<td><strong>15\u00b5m<\/strong><\/td>\n<td><strong>30\u00b5m<\/strong><\/td>\n<td><strong>46\u00b5m<\/strong><\/td>\n<td><strong>90\u00b5m<\/strong><\/td>\n<\/tr>\n<tr>\n<td>Epaisseur<\/td>\n<td>0,08 mm<\/td>\n<td>0,10 mm<\/td>\n<td>0,13 mm<\/td>\n<td>0,18 mm<\/td>\n<\/tr>\n<\/tbody>\n<\/table>\n<p>\u00a0<\/p>\n<p><strong>Bande abrasive diamant\u00e9e\u00a0double face<\/strong><\/p>\n<table width=\"100%\" data-mce-selected=\"1\">\n<tbody>\n<tr>\n<td>\u00a0<\/td>\n<td><strong>15\u00b5m<\/strong><\/td>\n<td><strong>30\u00b5m<\/strong><\/td>\n<td><strong>46\u00b5m<\/strong><\/td>\n<td><strong>90\u00b5m<\/strong><\/td>\n<\/tr>\n<tr>\n<td>Epaisseur<\/td>\n<td>0,11 mm<\/td>\n<td>0,15 mm<\/td>\n<td>0,21 mm<\/td>\n<td>0,30 mm<\/td>\n<\/tr>\n<\/tbody>\n<\/table>\n<p>\u00a0<\/p>\n","protected":false},"excerpt":{"rendered":"<p>Syst\u00e8me de finition et fa\u00e7onnage pour la cr\u00e9ation des contacts proximaux. Fabricant : Garrison Dental Solution. Caract\u00e9ristiques : Jusqu&rsquo;\u00e0 20 utilisations D\u00e9sinfectable Autoclavable Le coffret contient : 2 manches + 2 bandes FitStrip stri\u00e9es + 4 bandes FitStrip abrasives diamant\u00e9es simple face (1 de chaque taille de grain) + 4 bandes FitStrip abrasives diamant\u00e9es double [&hellip;]<\/p>\n","protected":false},"featured_media":46372,"comment_status":"open","ping_status":"closed","template":"","meta":[],"product_cat":[1444],"product_tag":[1509,717,621,1453,1557,1468,1512,1653],"class_list":{"0":"post-44854","1":"product","2":"type-product","3":"status-publish","4":"has-post-thumbnail","6":"product_cat-non-classe","7":"product_tag-accessoires-restauration","8":"product_tag-marque_garisson","9":"product_tag-polissage-restauration","10":"product_tag-produits-annexes","11":"product_tag-restauration","12":"product_tag-safe-implant","13":"product_tag-specialite_restauration","14":"product_tag-type_polissage","16":"first","17":"instock","18":"shipping-taxable","19":"purchasable","20":"product-type-variable"},"_links":{"self":[{"href":"https:\/\/dentafrica.com\/index.php?rest_route=\/wp\/v2\/product\/44854","targetHints":{"allow":["GET"]}}],"collection":[{"href":"https:\/\/dentafrica.com\/index.php?rest_route=\/wp\/v2\/product"}],"about":[{"href":"https:\/\/dentafrica.com\/index.php?rest_route=\/wp\/v2\/types\/product"}],"replies":[{"embeddable":true,"href":"https:\/\/dentafrica.com\/index.php?rest_route=%2Fwp%2Fv2%2Fcomments&post=44854"}],"wp:featuredmedia":[{"embeddable":true,"href":"https:\/\/dentafrica.com\/index.php?rest_route=\/wp\/v2\/media\/46372"}],"wp:attachment":[{"href":"https:\/\/dentafrica.com\/index.php?rest_route=%2Fwp%2Fv2%2Fmedia&parent=44854"}],"wp:term":[{"taxonomy":"product_cat","embeddable":true,"href":"https:\/\/dentafrica.com\/index.php?rest_route=%2Fwp%2Fv2%2Fproduct_cat&post=44854"},{"taxonomy":"product_tag","embeddable":true,"href":"https:\/\/dentafrica.com\/index.php?rest_route=%2Fwp%2Fv2%2Fproduct_tag&post=44854"}],"curies":[{"name":"wp","href":"https:\/\/api.w.org\/{rel}","templated":true}]}}