{"id":44727,"date":"2023-06-26T15:53:27","date_gmt":"2023-06-26T15:53:27","guid":{"rendered":"https:\/\/dentafrica.com\/?product=films-flexi-soft-cybertech"},"modified":"2024-04-25T17:47:33","modified_gmt":"2024-04-25T17:47:33","slug":"films-flexi-soft-cybertech","status":"publish","type":"product","link":"https:\/\/dentafrica.com\/?product=films-flexi-soft-cybertech","title":{"rendered":"Films Flexi-Soft &#8211; CYBERTECH"},"content":{"rendered":"<p><span data-mce-fragment=\"1\">Films radiographique dentaire \u00ab\u00a0intra oral\u00a0\u00bb sous emballage individuel, excellente d\u00e9finition. Permettent un d\u00e9veloppement manuel ou machine.<\/span><\/p>\n<p><span data-mce-fragment=\"1\"> DM Classe IIA. Organisme notifi\u00e9 : 0473. Fabricant : DE Healthcare Products.<\/span><\/p>\n<p><span data-mce-fragment=\"1\"> Dimensions : 31 x 41 mm. <\/span><\/p>\n<p><span data-mce-fragment=\"1\">La bo\u00eete de 100. <\/span><\/p>\n<p><\/p>\n","protected":false},"excerpt":{"rendered":"<p>Films radiographique dentaire \u00ab\u00a0intra oral\u00a0\u00bb sous emballage individuel, excellente d\u00e9finition. Permettent un d\u00e9veloppement manuel ou machine. DM Classe IIA. Organisme notifi\u00e9 : 0473. Fabricant : DE Healthcare Products. Dimensions : 31 x 41 mm. La bo\u00eete de 100.<\/p>\n","protected":false},"featured_media":46263,"comment_status":"open","ping_status":"closed","template":"","meta":[],"product_cat":[1444],"product_tag":[1730,1731,1483,649,1468],"class_list":{"0":"post-44727","1":"product","2":"type-product","3":"status-publish","4":"has-post-thumbnail","6":"product_cat-non-classe","7":"product_tag-generateurs-de-rayons-x","8":"product_tag-imagerie","9":"product_tag-le-cabinet","10":"product_tag-marque_cybertech","11":"product_tag-safe-implant","13":"first","14":"instock","15":"shipping-taxable","16":"purchasable","17":"product-type-simple"},"_links":{"self":[{"href":"https:\/\/dentafrica.com\/index.php?rest_route=\/wp\/v2\/product\/44727","targetHints":{"allow":["GET"]}}],"collection":[{"href":"https:\/\/dentafrica.com\/index.php?rest_route=\/wp\/v2\/product"}],"about":[{"href":"https:\/\/dentafrica.com\/index.php?rest_route=\/wp\/v2\/types\/product"}],"replies":[{"embeddable":true,"href":"https:\/\/dentafrica.com\/index.php?rest_route=%2Fwp%2Fv2%2Fcomments&post=44727"}],"wp:featuredmedia":[{"embeddable":true,"href":"https:\/\/dentafrica.com\/index.php?rest_route=\/wp\/v2\/media\/46263"}],"wp:attachment":[{"href":"https:\/\/dentafrica.com\/index.php?rest_route=%2Fwp%2Fv2%2Fmedia&parent=44727"}],"wp:term":[{"taxonomy":"product_cat","embeddable":true,"href":"https:\/\/dentafrica.com\/index.php?rest_route=%2Fwp%2Fv2%2Fproduct_cat&post=44727"},{"taxonomy":"product_tag","embeddable":true,"href":"https:\/\/dentafrica.com\/index.php?rest_route=%2Fwp%2Fv2%2Fproduct_tag&post=44727"}],"curies":[{"name":"wp","href":"https:\/\/api.w.org\/{rel}","templated":true}]}}