{"id":44077,"date":"2023-06-26T15:48:24","date_gmt":"2023-06-26T15:48:24","guid":{"rendered":"https:\/\/dentafrica.com\/?product=ecarteurs-photo-medibase"},"modified":"2024-04-25T17:46:35","modified_gmt":"2024-04-25T17:46:35","slug":"ecarteurs-photo-medibase","status":"publish","type":"product","link":"https:\/\/dentafrica.com\/?product=ecarteurs-photo-medibase","title":{"rendered":"Ecarteurs photo &#8211; MEDIBASE"},"content":{"rendered":"<p><span data-mce-fragment=\"1\">Ecarte-joues unilat\u00e9raux avec un manche extra-long id\u00e9al pour la photographie clinique.<\/span><\/p>\n<p><span data-mce-fragment=\"1\"> <strong>Propri\u00e9t\u00e9s :<\/strong><\/span><\/p>\n<ul>\n<li><span data-mce-fragment=\"1\"> Non r\u00e9fl\u00e9chissant <\/span><\/li>\n<li><span data-mce-fragment=\"1\">Poss\u00e8dent un manche allong\u00e9, offrant un champ plus large pour les photos lat\u00e9rales intrabuccales <\/span><\/li>\n<li><span data-mce-fragment=\"1\">Permettent de r\u00e9aliser les photos sans l&rsquo;aide de l&rsquo;assistante, car le patient peut tenir lui m\u00eame le manche.<\/span><\/li>\n<\/ul>\n<p><span data-mce-fragment=\"1\"> Dispositif m\u00e9dical de classe I. Fabricant : CFPM <\/span><\/p>\n<p><strong>La bo\u00eete de 2 \u00e9carteurs :<\/strong><\/p>\n<p><span style=\"text-decoration: underline;\"><strong>Pour adultes <\/strong><\/span><\/p>\n<p><span style=\"text-decoration: underline;\"><strong>Pour enfants\u00a0<\/strong><\/span><\/p>\n","protected":false},"excerpt":{"rendered":"<p>Ecarte-joues unilat\u00e9raux avec un manche extra-long id\u00e9al pour la photographie clinique. Propri\u00e9t\u00e9s : Non r\u00e9fl\u00e9chissant Poss\u00e8dent un manche allong\u00e9, offrant un champ plus large pour les photos lat\u00e9rales intrabuccales Permettent de r\u00e9aliser les photos sans l&rsquo;aide de l&rsquo;assistante, car le patient peut tenir lui m\u00eame le manche. Dispositif m\u00e9dical de classe I. Fabricant : CFPM [&hellip;]<\/p>\n","protected":false},"featured_media":44984,"comment_status":"open","ping_status":"closed","template":"","meta":[],"product_cat":[1444],"product_tag":[1558,1731,1787,1811,1483,1568,1559,1453,1468,1812],"class_list":{"0":"post-44077","1":"product","2":"type-product","3":"status-publish","4":"has-post-thumbnail","6":"product_cat-non-classe","7":"product_tag-accessoires-orthodontie","8":"product_tag-imagerie","9":"product_tag-imagerie-3d-et-panoramique","10":"product_tag-instrument_ecarteur","11":"product_tag-le-cabinet","12":"product_tag-marque_medibase","13":"product_tag-orthodontie","14":"product_tag-produits-annexes","15":"product_tag-safe-implant","16":"product_tag-type_ecarteur","18":"first","19":"instock","20":"shipping-taxable","21":"purchasable","22":"product-type-variable"},"_links":{"self":[{"href":"https:\/\/dentafrica.com\/index.php?rest_route=\/wp\/v2\/product\/44077","targetHints":{"allow":["GET"]}}],"collection":[{"href":"https:\/\/dentafrica.com\/index.php?rest_route=\/wp\/v2\/product"}],"about":[{"href":"https:\/\/dentafrica.com\/index.php?rest_route=\/wp\/v2\/types\/product"}],"replies":[{"embeddable":true,"href":"https:\/\/dentafrica.com\/index.php?rest_route=%2Fwp%2Fv2%2Fcomments&post=44077"}],"wp:featuredmedia":[{"embeddable":true,"href":"https:\/\/dentafrica.com\/index.php?rest_route=\/wp\/v2\/media\/44984"}],"wp:attachment":[{"href":"https:\/\/dentafrica.com\/index.php?rest_route=%2Fwp%2Fv2%2Fmedia&parent=44077"}],"wp:term":[{"taxonomy":"product_cat","embeddable":true,"href":"https:\/\/dentafrica.com\/index.php?rest_route=%2Fwp%2Fv2%2Fproduct_cat&post=44077"},{"taxonomy":"product_tag","embeddable":true,"href":"https:\/\/dentafrica.com\/index.php?rest_route=%2Fwp%2Fv2%2Fproduct_tag&post=44077"}],"curies":[{"name":"wp","href":"https:\/\/api.w.org\/{rel}","templated":true}]}}