{"id":44019,"date":"2023-06-26T15:47:50","date_gmt":"2023-06-26T15:47:50","guid":{"rendered":"https:\/\/dentafrica.com\/?product=duralay-inlays-et-protheses-resine-calcinable"},"modified":"2024-04-25T17:46:30","modified_gmt":"2024-04-25T17:46:30","slug":"duralay-inlays-et-protheses-resine-calcinable","status":"publish","type":"product","link":"https:\/\/dentafrica.com\/?product=duralay-inlays-et-protheses-resine-calcinable","title":{"rendered":"DuraLay Inlays et proth\u00e8ses R\u00e9sine calcinable"},"content":{"rendered":"<style type=\"text\/css\"><!--\ntd {border: 1px solid #ccc;}br {mso-data-placement:same-cell;}\n--><\/style>\n<p><span data-sheets-userformat='{\"2\":769,\"3\":{\"1\":0},\"11\":4,\"12\":0}' data-sheets-value='{\"1\":2,\"2\":\"R\u00e9sine acrylique rouge calcinable.rnrnR\u00e9sine pour la technique directe des inlays, br\u00fble sans retard.rnrnConditionnement : 1 boite contenant 1 flacon de poudre + 1 flacon de liquide \"}' mce-data-marked=\"1\">R\u00e9sine calcinable p<\/span><span data-sheets-userformat='{\"2\":769,\"3\":{\"1\":0},\"11\":4,\"12\":0}' data-sheets-value='{\"1\":2,\"2\":\"R\u00e9sine acrylique rouge calcinable.rnrnR\u00e9sine pour la technique directe des inlays, br\u00fble sans retard.rnrnConditionnement : 1 boite contenant 1 flacon de poudre + 1 flacon de liquide \"}' mce-data-marked=\"1\">our le travail direct des inlays et proth\u00e8ses.<\/span><\/p>\n<p><span data-sheets-userformat='{\"2\":769,\"3\":{\"1\":0},\"11\":4,\"12\":0}' data-sheets-value='{\"1\":2,\"2\":\"R\u00e9sine acrylique rouge calcinable.rnrnR\u00e9sine pour la technique directe des inlays, br\u00fble sans retard.rnrnConditionnement : 1 boite contenant 1 flacon de poudre + 1 flacon de liquide \"}' mce-data-marked=\"1\"><strong>Le kit contient :<\/strong> 56 g de poudre (rouge) + 56 g de liquide + accessoires et lubrifiant.<\/span><\/p>\n<p><span data-sheets-userformat='{\"2\":769,\"3\":{\"1\":0},\"11\":4,\"12\":0}' data-sheets-value='{\"1\":2,\"2\":\"R\u00e9sine acrylique rouge calcinable.rnrnR\u00e9sine pour la technique directe des inlays, br\u00fble sans retard.rnrnConditionnement : 1 boite contenant 1 flacon de poudre + 1 flacon de liquide \"}' mce-data-marked=\"1\">Existe aussi en :<\/span><\/p>\n<ul>\n<li><span data-sheets-userformat='{\"2\":769,\"3\":{\"1\":0},\"11\":4,\"12\":0}' data-sheets-value='{\"1\":2,\"2\":\"R\u00e9sine acrylique rouge calcinable.rnrnR\u00e9sine pour la technique directe des inlays, br\u00fble sans retard.rnrnConditionnement : 1 boite contenant 1 flacon de poudre + 1 flacon de liquide \"}' mce-data-marked=\"1\">liquide de 60 ml<\/span><\/li>\n<li><span data-sheets-userformat='{\"2\":769,\"3\":{\"1\":0},\"11\":4,\"12\":0}' data-sheets-value='{\"1\":2,\"2\":\"R\u00e9sine acrylique rouge calcinable.rnrnR\u00e9sine pour la technique directe des inlays, br\u00fble sans retard.rnrnConditionnement : 1 boite contenant 1 flacon de poudre + 1 flacon de liquide \"}' mce-data-marked=\"1\">poudre rouge de 56 g<\/span><\/li>\n<\/ul>\n<ul><\/ul>\n","protected":false},"excerpt":{"rendered":"<p>R\u00e9sine calcinable pour le travail direct des inlays et proth\u00e8ses. Le kit contient : 56 g de poudre (rouge) + 56 g de liquide + accessoires et lubrifiant. Existe aussi en : liquide de 60 ml poudre rouge de 56 g<\/p>\n","protected":false},"featured_media":44921,"comment_status":"open","ping_status":"closed","template":"","meta":[],"product_cat":[1444],"product_tag":[1637,1475,831,1453,1468,601],"class_list":{"0":"post-44019","1":"product","2":"type-product","3":"status-publish","4":"has-post-thumbnail","6":"product_cat-non-classe","7":"product_tag-fournitures-laboratoire","8":"product_tag-laboratoire","9":"product_tag-marque_duralay","10":"product_tag-produits-annexes","11":"product_tag-safe-implant","12":"product_tag-silicones-resines","14":"first","15":"instock","16":"shipping-taxable","17":"purchasable","18":"product-type-variable"},"_links":{"self":[{"href":"https:\/\/dentafrica.com\/index.php?rest_route=\/wp\/v2\/product\/44019","targetHints":{"allow":["GET"]}}],"collection":[{"href":"https:\/\/dentafrica.com\/index.php?rest_route=\/wp\/v2\/product"}],"about":[{"href":"https:\/\/dentafrica.com\/index.php?rest_route=\/wp\/v2\/types\/product"}],"replies":[{"embeddable":true,"href":"https:\/\/dentafrica.com\/index.php?rest_route=%2Fwp%2Fv2%2Fcomments&post=44019"}],"wp:featuredmedia":[{"embeddable":true,"href":"https:\/\/dentafrica.com\/index.php?rest_route=\/wp\/v2\/media\/44921"}],"wp:attachment":[{"href":"https:\/\/dentafrica.com\/index.php?rest_route=%2Fwp%2Fv2%2Fmedia&parent=44019"}],"wp:term":[{"taxonomy":"product_cat","embeddable":true,"href":"https:\/\/dentafrica.com\/index.php?rest_route=%2Fwp%2Fv2%2Fproduct_cat&post=44019"},{"taxonomy":"product_tag","embeddable":true,"href":"https:\/\/dentafrica.com\/index.php?rest_route=%2Fwp%2Fv2%2Fproduct_tag&post=44019"}],"curies":[{"name":"wp","href":"https:\/\/api.w.org\/{rel}","templated":true}]}}