{"id":44011,"date":"2023-06-26T15:47:47","date_gmt":"2023-06-26T15:47:47","guid":{"rendered":"https:\/\/dentafrica.com\/?product=duralay-bridges-et-couronnes-resine-calcinable"},"modified":"2024-04-25T17:46:30","modified_gmt":"2024-04-25T17:46:30","slug":"duralay-bridges-et-couronnes-resine-calcinable","status":"publish","type":"product","link":"https:\/\/dentafrica.com\/?product=duralay-bridges-et-couronnes-resine-calcinable","title":{"rendered":"DuraLay Bridges et couronnes R\u00e9sine calcinable"},"content":{"rendered":"<p>R\u00e9sine calcinable. Mat\u00e9riau pour bridges et couronnes provisoires. R\u00e9sine autopolym\u00e9risable \u00e0 froid. Tr\u00e8s r\u00e9sistance \u00e0 l&rsquo;abrasion, peu de r\u00e9traction.<\/p>\n<p>Existe en :<\/p>\n<ul>\n<li>liquide de 60 ml<\/li>\n<li>poudre de 60g (clair n\u00b062, jaune n\u00b069, jaune clair n\u00b065, gris n\u00b077)<\/li>\n<\/ul>\n","protected":false},"excerpt":{"rendered":"<p>R\u00e9sine calcinable. Mat\u00e9riau pour bridges et couronnes provisoires. R\u00e9sine autopolym\u00e9risable \u00e0 froid. Tr\u00e8s r\u00e9sistance \u00e0 l&rsquo;abrasion, peu de r\u00e9traction. Existe en : liquide de 60 ml poudre de 60g (clair n\u00b062, jaune n\u00b069, jaune clair n\u00b065, gris n\u00b077)<\/p>\n","protected":false},"featured_media":44919,"comment_status":"open","ping_status":"closed","template":"","meta":[],"product_cat":[1444],"product_tag":[1637,1475,831,1453,1468,601],"class_list":{"0":"post-44011","1":"product","2":"type-product","3":"status-publish","4":"has-post-thumbnail","6":"product_cat-non-classe","7":"product_tag-fournitures-laboratoire","8":"product_tag-laboratoire","9":"product_tag-marque_duralay","10":"product_tag-produits-annexes","11":"product_tag-safe-implant","12":"product_tag-silicones-resines","14":"first","15":"instock","16":"shipping-taxable","17":"purchasable","18":"product-type-variable"},"_links":{"self":[{"href":"https:\/\/dentafrica.com\/index.php?rest_route=\/wp\/v2\/product\/44011","targetHints":{"allow":["GET"]}}],"collection":[{"href":"https:\/\/dentafrica.com\/index.php?rest_route=\/wp\/v2\/product"}],"about":[{"href":"https:\/\/dentafrica.com\/index.php?rest_route=\/wp\/v2\/types\/product"}],"replies":[{"embeddable":true,"href":"https:\/\/dentafrica.com\/index.php?rest_route=%2Fwp%2Fv2%2Fcomments&post=44011"}],"wp:featuredmedia":[{"embeddable":true,"href":"https:\/\/dentafrica.com\/index.php?rest_route=\/wp\/v2\/media\/44919"}],"wp:attachment":[{"href":"https:\/\/dentafrica.com\/index.php?rest_route=%2Fwp%2Fv2%2Fmedia&parent=44011"}],"wp:term":[{"taxonomy":"product_cat","embeddable":true,"href":"https:\/\/dentafrica.com\/index.php?rest_route=%2Fwp%2Fv2%2Fproduct_cat&post=44011"},{"taxonomy":"product_tag","embeddable":true,"href":"https:\/\/dentafrica.com\/index.php?rest_route=%2Fwp%2Fv2%2Fproduct_tag&post=44011"}],"curies":[{"name":"wp","href":"https:\/\/api.w.org\/{rel}","templated":true}]}}