{"id":43611,"date":"2023-06-26T15:45:21","date_gmt":"2023-06-26T15:45:21","guid":{"rendered":"https:\/\/dentafrica.com\/?product=detergent-desinfectant-enzymatique-dento-viractis-54"},"modified":"2024-04-25T17:45:49","modified_gmt":"2024-04-25T17:45:49","slug":"detergent-desinfectant-enzymatique-dento-viractis-54","status":"publish","type":"product","link":"https:\/\/dentafrica.com\/?product=detergent-desinfectant-enzymatique-dento-viractis-54","title":{"rendered":"D\u00e9tergent d\u00e9sinfectant enzymatique &#8211; DENTO-VIRACTIS 54"},"content":{"rendered":"<p data-mce-fragment=\"1\">D\u00e9tergent d\u00e9sinfectant enzymatique &#8211; DENTO-VIRACTIS 54<\/p>\n<p data-mce-fragment=\"1\"><span data-mce-fragment=\"1\"><strong data-mce-fragment=\"1\">Propri\u00e9t\u00e9s:<\/strong><\/span><br data-mce-fragment=\"1\">PH neutre\u00a0: Compatibilit\u00e9 avec tout type de mat\u00e9riaux. Permet d\u2019\u00e9viter des probl\u00e8mes de sant\u00e9 graves car peu agressifs.<br data-mce-fragment=\"1\">Complexe tri-enzymatique (prot\u00e9ase, amylase, lipase), nettoyage haute performance sur les prot\u00e9ines, les sucres et les graisses.<br data-mce-fragment=\"1\">Virucide contre virus envelopp\u00e9s (tels que le Coronavirus).<br data-mce-fragment=\"1\">Utilisable en bac \u00e0 ultrason.<br data-mce-fragment=\"1\">Dilution tr\u00e8s \u00e9conomique \u00e0 0,5%\u00a0: 1L = 200L de solution active.<\/p>\n<p data-mce-fragment=\"1\"><span data-mce-fragment=\"1\"><strong data-mce-fragment=\"1\">Caract\u00e9ristiques:\u00a0<\/strong><\/span><br data-mce-fragment=\"1\">Concentration: 0,50%<br data-mce-fragment=\"1\">Temps de contact: Actif en 10 minutes<br data-mce-fragment=\"1\">Validit\u00e9 du bain: 72 heures<br data-mce-fragment=\"1\">Solution PAE: 1000L PAE<\/p>\n<p data-mce-fragment=\"1\"><span data-mce-fragment=\"1\"><strong data-mce-fragment=\"1\">Propri\u00e9t\u00e9s bact\u00e9riennes:<\/strong><\/span><br data-mce-fragment=\"1\">Activit\u00e9 bact\u00e9ricide: EN 13727 + A1, EN 14561<br data-mce-fragment=\"1\">Activit\u00e9 levuricide \/ fongicide: EN 13624, EN 14562<br data-mce-fragment=\"1\">Activit\u00e9 virucide: EN 14476, PRV (H\u00e9patite B),BVDV (H\u00e9patite C), Herpes Virus, HIV-1<\/p>\n","protected":false},"excerpt":{"rendered":"<p>D\u00e9tergent d\u00e9sinfectant enzymatique &#8211; DENTO-VIRACTIS 54 Propri\u00e9t\u00e9s:PH neutre\u00a0: Compatibilit\u00e9 avec tout type de mat\u00e9riaux. Permet d\u2019\u00e9viter des probl\u00e8mes de sant\u00e9 graves car peu agressifs.Complexe tri-enzymatique (prot\u00e9ase, amylase, lipase), nettoyage haute performance sur les prot\u00e9ines, les sucres et les graisses.Virucide contre virus envelopp\u00e9s (tels que le Coronavirus).Utilisable en bac \u00e0 ultrason.Dilution tr\u00e8s \u00e9conomique \u00e0 0,5%\u00a0: 1L [&hellip;]<\/p>\n","protected":false},"featured_media":44407,"comment_status":"open","ping_status":"closed","template":"","meta":[],"product_cat":[1444],"product_tag":[1472,1533,1534,1474,1535,1453,1537],"class_list":{"0":"post-43611","1":"product","2":"type-product","3":"status-publish","4":"has-post-thumbnail","6":"product_cat-non-classe","7":"product_tag-cabinet","8":"product_tag-desinfectant","9":"product_tag-desinfectant-instruments","10":"product_tag-hygiene-et-entretien","11":"product_tag-marque_dento-viractis","12":"product_tag-produits-annexes","13":"product_tag-type_produits-nettoyants-et-desinfectants","15":"first","16":"instock","17":"shipping-taxable","18":"purchasable","19":"product-type-simple"},"_links":{"self":[{"href":"https:\/\/dentafrica.com\/index.php?rest_route=\/wp\/v2\/product\/43611","targetHints":{"allow":["GET"]}}],"collection":[{"href":"https:\/\/dentafrica.com\/index.php?rest_route=\/wp\/v2\/product"}],"about":[{"href":"https:\/\/dentafrica.com\/index.php?rest_route=\/wp\/v2\/types\/product"}],"replies":[{"embeddable":true,"href":"https:\/\/dentafrica.com\/index.php?rest_route=%2Fwp%2Fv2%2Fcomments&post=43611"}],"wp:featuredmedia":[{"embeddable":true,"href":"https:\/\/dentafrica.com\/index.php?rest_route=\/wp\/v2\/media\/44407"}],"wp:attachment":[{"href":"https:\/\/dentafrica.com\/index.php?rest_route=%2Fwp%2Fv2%2Fmedia&parent=43611"}],"wp:term":[{"taxonomy":"product_cat","embeddable":true,"href":"https:\/\/dentafrica.com\/index.php?rest_route=%2Fwp%2Fv2%2Fproduct_cat&post=43611"},{"taxonomy":"product_tag","embeddable":true,"href":"https:\/\/dentafrica.com\/index.php?rest_route=%2Fwp%2Fv2%2Fproduct_tag&post=43611"}],"curies":[{"name":"wp","href":"https:\/\/api.w.org\/{rel}","templated":true}]}}