{"id":43596,"date":"2023-06-26T15:45:13","date_gmt":"2023-06-26T15:45:13","guid":{"rendered":"https:\/\/dentafrica.com\/?product=detartreur-a-ultrasons-s6led"},"modified":"2024-04-25T17:45:47","modified_gmt":"2024-04-25T17:45:47","slug":"detartreur-a-ultrasons-s6led","status":"publish","type":"product","link":"https:\/\/dentafrica.com\/?product=detartreur-a-ultrasons-s6led","title":{"rendered":"D\u00e9tartreur \u00e0 ultrasons S6LED"},"content":{"rendered":"<p><span style=\"font-size: 10pt; font-family: Arial;\"><font style=\"vertical-align: inherit;\"><font style=\"vertical-align: inherit;\">D\u00e9tartreur \u00e0 ultrasons S6 LED\u00a0 <\/font><\/font><\/p>\n<p><font style=\"vertical-align: inherit;\"><font style=\"vertical-align: inherit;\">Traitement du canal radiculaire ultrasonique <\/font><\/font><br \/><font style=\"vertical-align: inherit;\"><font style=\"vertical-align: inherit;\">Pr\u00e9paration rapide, localisation de l&rsquo;orifice du canal radiculaire, \u00e9limination des corps \u00e9trangers dans le canal, irrigation endodontique, retraitement canalaire, mesure supragingivale, traitement parodontal <\/font><\/font><\/p>\n<p><font style=\"vertical-align: inherit;\"><font style=\"vertical-align: inherit;\">Compatible avec plus de 70 types d&rsquo;inserts DTE <\/font><\/font><\/p>\n<p><font style=\"vertical-align: inherit;\"><font style=\"vertical-align: inherit;\">Panneau de contr\u00f4le clair, touches sensibles, \u00e9tanche. <\/font><\/font><\/p>\n<p><font style=\"vertical-align: inherit;\"><font style=\"vertical-align: inherit;\">Suivi de fr\u00e9quence en temps r\u00e9el <\/font><\/font><\/p>\n<p><font style=\"vertical-align: inherit;\"><font style=\"vertical-align: inherit;\">S&rsquo;ajuste aux diff\u00e9rents types d&rsquo;inserts, contr\u00f4le en temps r\u00e9el et conformit\u00e9 automatique des vibrations stables et efficaces. <\/font><\/font><\/p>\n<p><font style=\"vertical-align: inherit;\"><font style=\"vertical-align: inherit;\">Pi\u00e8ce manuelle d\u00e9tachable et autoclavable<\/font><\/font><\/span><\/p>\n<p><a href=\"https:\/\/cdn.shopify.com\/s\/files\/1\/0335\/9873\/4474\/files\/s6led-fr.pdf?v=1603268340\"><span mce-data-marked=\"1\"><font style=\"vertical-align: inherit;\"><font style=\"vertical-align: inherit;\">Remarquer<\/font><\/font><\/span><\/a><\/p>\n","protected":false},"excerpt":{"rendered":"<p>D\u00e9tartreur \u00e0 ultrasons S6 LED\u00a0 Traitement du canal radiculaire ultrasonique Pr\u00e9paration rapide, localisation de l&rsquo;orifice du canal radiculaire, \u00e9limination des corps \u00e9trangers dans le canal, irrigation endodontique, retraitement canalaire, mesure supragingivale, traitement parodontal Compatible avec plus de 70 types d&rsquo;inserts DTE Panneau de contr\u00f4le clair, touches sensibles, \u00e9tanche. Suivi de fr\u00e9quence en temps r\u00e9el S&rsquo;ajuste [&hellip;]<\/p>\n","protected":false},"featured_media":44394,"comment_status":"open","ping_status":"closed","template":"","meta":[],"product_cat":[1444],"product_tag":[561,1566,562,1483,1569,1798,1452,1453,1484,1468],"class_list":{"0":"post-43596","1":"product","2":"type-product","3":"status-publish","4":"has-post-thumbnail","6":"product_cat-non-classe","7":"product_tag-appareil_scaler","8":"product_tag-appareils","9":"product_tag-autres","10":"product_tag-le-cabinet","11":"product_tag-les-appareils","12":"product_tag-marque_dte","13":"product_tag-omnipratique","14":"product_tag-produits-annexes","15":"product_tag-prophylaxie","16":"product_tag-safe-implant","18":"first","19":"instock","20":"shipping-taxable","21":"purchasable","22":"product-type-simple"},"_links":{"self":[{"href":"https:\/\/dentafrica.com\/index.php?rest_route=\/wp\/v2\/product\/43596","targetHints":{"allow":["GET"]}}],"collection":[{"href":"https:\/\/dentafrica.com\/index.php?rest_route=\/wp\/v2\/product"}],"about":[{"href":"https:\/\/dentafrica.com\/index.php?rest_route=\/wp\/v2\/types\/product"}],"replies":[{"embeddable":true,"href":"https:\/\/dentafrica.com\/index.php?rest_route=%2Fwp%2Fv2%2Fcomments&post=43596"}],"wp:featuredmedia":[{"embeddable":true,"href":"https:\/\/dentafrica.com\/index.php?rest_route=\/wp\/v2\/media\/44394"}],"wp:attachment":[{"href":"https:\/\/dentafrica.com\/index.php?rest_route=%2Fwp%2Fv2%2Fmedia&parent=43596"}],"wp:term":[{"taxonomy":"product_cat","embeddable":true,"href":"https:\/\/dentafrica.com\/index.php?rest_route=%2Fwp%2Fv2%2Fproduct_cat&post=43596"},{"taxonomy":"product_tag","embeddable":true,"href":"https:\/\/dentafrica.com\/index.php?rest_route=%2Fwp%2Fv2%2Fproduct_tag&post=43596"}],"curies":[{"name":"wp","href":"https:\/\/api.w.org\/{rel}","templated":true}]}}