{"id":43426,"date":"2023-06-26T15:43:12","date_gmt":"2023-06-26T15:43:12","guid":{"rendered":"https:\/\/dentafrica.com\/?product=cyber-porcelain-fix-cybertech"},"modified":"2024-04-25T17:45:33","modified_gmt":"2024-04-25T17:45:33","slug":"cyber-porcelain-fix-cybertech","status":"publish","type":"product","link":"https:\/\/dentafrica.com\/?product=cyber-porcelain-fix-cybertech","title":{"rendered":"Cyber Porcelain Fix &#8211; CYBERTECH"},"content":{"rendered":"<p><span data-mce-fragment=\"1\">Cyber Porcelain Fix est un syst\u00e8me complet pour pr\u00e9parer au collage des facettes en c\u00e9ramique, des inlays et pour le collage des brackets sur c\u00e9ramique. Id\u00e9al pour la r\u00e9paration des c\u00e9ramiques fractur\u00e9es.<\/span><\/p>\n<p><span data-mce-fragment=\"1\"><strong>Le coffret contient<\/strong> : 1 seringue d&rsquo;etching 1,2 ml + 1 flacon de silane 2 ml + 1 seringue vide + 4 embouts aiguilles.<\/span><\/p>\n","protected":false},"excerpt":{"rendered":"<p>Cyber Porcelain Fix est un syst\u00e8me complet pour pr\u00e9parer au collage des facettes en c\u00e9ramique, des inlays et pour le collage des brackets sur c\u00e9ramique. Id\u00e9al pour la r\u00e9paration des c\u00e9ramiques fractur\u00e9es. Le coffret contient : 1 seringue d&rsquo;etching 1,2 ml + 1 flacon de silane 2 ml + 1 seringue vide + 4 embouts [&hellip;]<\/p>\n","protected":false},"featured_media":44105,"comment_status":"open","ping_status":"closed","template":"","meta":[],"product_cat":[1444],"product_tag":[1743,1685,1561,787,639,1637,1475,649,1451,1559,1453,1455,1557,1456,1512,1768,1723],"class_list":{"0":"post-43426","1":"product","2":"type-product","3":"status-publish","4":"has-post-thumbnail","6":"product_cat-non-classe","7":"product_tag-accessoires-cfao","8":"product_tag-cfao","9":"product_tag-collage","10":"product_tag-collage-des-bagues-et-brackets","11":"product_tag-collage-des-brackets","12":"product_tag-fournitures-laboratoire","13":"product_tag-laboratoire","14":"product_tag-marque_cybertech","15":"product_tag-materiaux","16":"product_tag-orthodontie","17":"product_tag-produits-annexes","18":"product_tag-produits-annexes-labo","19":"product_tag-restauration","20":"product_tag-restauration-ciments","21":"product_tag-specialite_restauration","22":"product_tag-type_collage","23":"product_tag-type_mordancage","25":"first","26":"instock","27":"shipping-taxable","28":"purchasable","29":"product-type-simple"},"_links":{"self":[{"href":"https:\/\/dentafrica.com\/index.php?rest_route=\/wp\/v2\/product\/43426","targetHints":{"allow":["GET"]}}],"collection":[{"href":"https:\/\/dentafrica.com\/index.php?rest_route=\/wp\/v2\/product"}],"about":[{"href":"https:\/\/dentafrica.com\/index.php?rest_route=\/wp\/v2\/types\/product"}],"replies":[{"embeddable":true,"href":"https:\/\/dentafrica.com\/index.php?rest_route=%2Fwp%2Fv2%2Fcomments&post=43426"}],"wp:featuredmedia":[{"embeddable":true,"href":"https:\/\/dentafrica.com\/index.php?rest_route=\/wp\/v2\/media\/44105"}],"wp:attachment":[{"href":"https:\/\/dentafrica.com\/index.php?rest_route=%2Fwp%2Fv2%2Fmedia&parent=43426"}],"wp:term":[{"taxonomy":"product_cat","embeddable":true,"href":"https:\/\/dentafrica.com\/index.php?rest_route=%2Fwp%2Fv2%2Fproduct_cat&post=43426"},{"taxonomy":"product_tag","embeddable":true,"href":"https:\/\/dentafrica.com\/index.php?rest_route=%2Fwp%2Fv2%2Fproduct_tag&post=43426"}],"curies":[{"name":"wp","href":"https:\/\/api.w.org\/{rel}","templated":true}]}}