{"id":43327,"date":"2023-06-26T15:42:05","date_gmt":"2023-06-26T15:42:05","guid":{"rendered":"https:\/\/dentafrica.com\/?product=coussins-souples-porte-films-auto-adhesifs-emmenix-flap-hager-werken"},"modified":"2024-04-25T17:45:25","modified_gmt":"2024-04-25T17:45:25","slug":"coussins-souples-porte-films-auto-adhesifs-emmenix-flap-hager-werken","status":"publish","type":"product","link":"https:\/\/dentafrica.com\/?product=coussins-souples-porte-films-auto-adhesifs-emmenix-flap-hager-werken","title":{"rendered":"Coussins souples porte-films, auto-adhesifs EMMENIX FLAP &#8211; Hager Werken"},"content":{"rendered":"<p>Coussins souples porte-films, auto-adhesifs EMMENIX \u00ae FLAP<\/p>\n<p>Porte-films \u00e0 usage unique adh\u00e9sifs en mousse, que l&rsquo;on place \u00e0 la position voulue adapt\u00e9e \u00e0 la radiographie \u00e0 faire, m\u00eame bite-wing. Positionnement impeccable en bouche, \u00e9norme pouvoir adh\u00e9sif, faible \u00e9paisseur.\u00a0\u00a0<\/p>\n","protected":false},"excerpt":{"rendered":"<p>Coussins souples porte-films, auto-adhesifs EMMENIX \u00ae FLAP Porte-films \u00e0 usage unique adh\u00e9sifs en mousse, que l&rsquo;on place \u00e0 la position voulue adapt\u00e9e \u00e0 la radiographie \u00e0 faire, m\u00eame bite-wing. Positionnement impeccable en bouche, \u00e9norme pouvoir adh\u00e9sif, faible \u00e9paisseur.\u00a0\u00a0<\/p>\n","protected":false},"featured_media":43988,"comment_status":"open","ping_status":"closed","template":"","meta":[],"product_cat":[1444],"product_tag":[1730,1731,1787,1483,1746],"class_list":{"0":"post-43327","1":"product","2":"type-product","3":"status-publish","4":"has-post-thumbnail","6":"product_cat-non-classe","7":"product_tag-generateurs-de-rayons-x","8":"product_tag-imagerie","9":"product_tag-imagerie-3d-et-panoramique","10":"product_tag-le-cabinet","11":"product_tag-marque_hager-werken","13":"first","14":"instock","15":"shipping-taxable","16":"purchasable","17":"product-type-simple"},"_links":{"self":[{"href":"https:\/\/dentafrica.com\/index.php?rest_route=\/wp\/v2\/product\/43327","targetHints":{"allow":["GET"]}}],"collection":[{"href":"https:\/\/dentafrica.com\/index.php?rest_route=\/wp\/v2\/product"}],"about":[{"href":"https:\/\/dentafrica.com\/index.php?rest_route=\/wp\/v2\/types\/product"}],"replies":[{"embeddable":true,"href":"https:\/\/dentafrica.com\/index.php?rest_route=%2Fwp%2Fv2%2Fcomments&post=43327"}],"wp:featuredmedia":[{"embeddable":true,"href":"https:\/\/dentafrica.com\/index.php?rest_route=\/wp\/v2\/media\/43988"}],"wp:attachment":[{"href":"https:\/\/dentafrica.com\/index.php?rest_route=%2Fwp%2Fv2%2Fmedia&parent=43327"}],"wp:term":[{"taxonomy":"product_cat","embeddable":true,"href":"https:\/\/dentafrica.com\/index.php?rest_route=%2Fwp%2Fv2%2Fproduct_cat&post=43327"},{"taxonomy":"product_tag","embeddable":true,"href":"https:\/\/dentafrica.com\/index.php?rest_route=%2Fwp%2Fv2%2Fproduct_tag&post=43327"}],"curies":[{"name":"wp","href":"https:\/\/api.w.org\/{rel}","templated":true}]}}