{"id":43251,"date":"2023-06-26T15:41:52","date_gmt":"2023-06-26T15:41:52","guid":{"rendered":"https:\/\/dentafrica.com\/?product=cotons-salivaires-roeko-coltene"},"modified":"2024-04-25T17:45:18","modified_gmt":"2024-04-25T17:45:18","slug":"cotons-salivaires-roeko-coltene","status":"publish","type":"product","link":"https:\/\/dentafrica.com\/?product=cotons-salivaires-roeko-coltene","title":{"rendered":"Cotons salivaires Roeko &#8211; Coltene"},"content":{"rendered":"<p>Pellets absorbants, en coton dessuint\u00e9, id\u00e9ales pour le s\u00e9chage des cavit\u00e9s et pour l&rsquo;application de m\u00e9dicaments.<\/p>\n<p>Boulettes d&rsquo;ouate ROEKO &#8211; n\u00b00 &#8211; Bo\u00eete de 4g<br data-mce-fragment=\"1\"><\/p>\n<p>\u00a0<\/p>\n","protected":false},"excerpt":{"rendered":"<p>Pellets absorbants, en coton dessuint\u00e9, id\u00e9ales pour le s\u00e9chage des cavit\u00e9s et pour l&rsquo;application de m\u00e9dicaments. Boulettes d&rsquo;ouate ROEKO &#8211; n\u00b00 &#8211; Bo\u00eete de 4g \u00a0<\/p>\n","protected":false},"featured_media":43983,"comment_status":"open","ping_status":"closed","template":"","meta":[],"product_cat":[1444],"product_tag":[1472,1505,1474,1773,1452,1506,1466,1453,1468,1503,1507,1508,1469],"class_list":{"0":"post-43251","1":"product","2":"type-product","3":"status-publish","4":"has-post-thumbnail","6":"product_cat-non-classe","7":"product_tag-cabinet","8":"product_tag-compresses","9":"product_tag-hygiene-et-entretien","10":"product_tag-marque_coltene","11":"product_tag-omnipratique","12":"product_tag-pansements","13":"product_tag-pharmacie-usage-unique","14":"product_tag-produits-annexes","15":"product_tag-safe-implant","16":"product_tag-serviettes-et-papier","17":"product_tag-type_coton-salivaire","18":"product_tag-type_cotons-salivaires","19":"product_tag-usage-unique","21":"first","22":"instock","23":"shipping-taxable","24":"purchasable","25":"product-type-simple"},"_links":{"self":[{"href":"https:\/\/dentafrica.com\/index.php?rest_route=\/wp\/v2\/product\/43251","targetHints":{"allow":["GET"]}}],"collection":[{"href":"https:\/\/dentafrica.com\/index.php?rest_route=\/wp\/v2\/product"}],"about":[{"href":"https:\/\/dentafrica.com\/index.php?rest_route=\/wp\/v2\/types\/product"}],"replies":[{"embeddable":true,"href":"https:\/\/dentafrica.com\/index.php?rest_route=%2Fwp%2Fv2%2Fcomments&post=43251"}],"wp:featuredmedia":[{"embeddable":true,"href":"https:\/\/dentafrica.com\/index.php?rest_route=\/wp\/v2\/media\/43983"}],"wp:attachment":[{"href":"https:\/\/dentafrica.com\/index.php?rest_route=%2Fwp%2Fv2%2Fmedia&parent=43251"}],"wp:term":[{"taxonomy":"product_cat","embeddable":true,"href":"https:\/\/dentafrica.com\/index.php?rest_route=%2Fwp%2Fv2%2Fproduct_cat&post=43251"},{"taxonomy":"product_tag","embeddable":true,"href":"https:\/\/dentafrica.com\/index.php?rest_route=%2Fwp%2Fv2%2Fproduct_tag&post=43251"}],"curies":[{"name":"wp","href":"https:\/\/api.w.org\/{rel}","templated":true}]}}