{"id":43180,"date":"2023-06-26T15:41:05","date_gmt":"2023-06-26T15:41:05","guid":{"rendered":"https:\/\/dentafrica.com\/?product=connectiques-safe-connector"},"modified":"2024-04-25T17:45:16","modified_gmt":"2024-04-25T17:45:16","slug":"connectiques-safe-connector","status":"publish","type":"product","link":"https:\/\/dentafrica.com\/?product=connectiques-safe-connector","title":{"rendered":"Connectiques Safe Connector\u2122"},"content":{"rendered":"<p>Connectiques Safe Connector\u2122\u00a0en titane pour les implants de 3,30 \u00e0 5,00 mm de diam\u00e8tre.<\/p>\n<p><strong>Ils sont vendus avec leur set de partie femelles de r\u00e9f\u00e9rence <strong>P2348K<\/strong>.<\/p>\n<p>Ils existent en 4\u00a0hauteurs diff\u00e9rentes :<\/strong><\/p>\n<ul>\n<li>2,00 mm<\/li>\n<li>3,00 mm<\/li>\n<li>4,00 mm<\/li>\n<li>5,00 mm<\/li>\n<\/ul>\n<p><em><strong>Partie sup\u00e9rieure des embases angul\u00e9es de r\u00e9f\u00e9rence EMS.<\/strong><\/em><\/p>\n","protected":false},"excerpt":{"rendered":"<p>Connectiques Safe Connector\u2122\u00a0en titane pour les implants de 3,30 \u00e0 5,00 mm de diam\u00e8tre. Ils sont vendus avec leur set de partie femelles de r\u00e9f\u00e9rence P2348K. Ils existent en 4\u00a0hauteurs diff\u00e9rentes : 2,00 mm 3,00 mm 4,00 mm 5,00 mm Partie sup\u00e9rieure des embases angul\u00e9es de r\u00e9f\u00e9rence EMS.<\/p>\n","protected":false},"featured_media":43722,"comment_status":"open","ping_status":"closed","template":"","meta":[],"product_cat":[1444],"product_tag":[1579,1617,930,524,1614,1589,1618,1590,528,1591,1601,1592,1619,1593,1615,1542,1595,931,1586,531,1582,1598,928,1468,1620,1616,1583,1602],"class_list":{"0":"post-43180","1":"product","2":"type-product","3":"status-publish","4":"has-post-thumbnail","6":"product_cat-non-classe","7":"product_tag-accastillage","8":"product_tag-alpha-bio-tec-atid","9":"product_tag-attachement-safe-connector","10":"product_tag-attachements","11":"product_tag-biocom","12":"product_tag-compatible_ab-adin-swell-touareg-cortex-easy-implant","13":"product_tag-compatible_alpha-bio-tec-screw-type-spi-dfi-conical","14":"product_tag-compatible_mis-lance-biocom-m4-seven","15":"product_tag-compatible_nobel-biocare-nobelreplace-select","16":"product_tag-compatible_tav-dental-sirius-silhouette","17":"product_tag-compatible_zimmer-biomet-tapered-screw-vent","18":"product_tag-connexion_hexagone-interne","19":"product_tag-dfi-et-spi","20":"product_tag-hexagone-interne","21":"product_tag-m4","22":"product_tag-marque_safe-implant","23":"product_tag-mis","24":"product_tag-modele_attachements-safe-connector","25":"product_tag-nobel-biocare","26":"product_tag-nobel-biocare-nobel-replace-select","27":"product_tag-nos-solutions-generiques","28":"product_tag-nos-suprastructures","29":"product_tag-safe-connector","30":"product_tag-safe-implant","31":"product_tag-safe-multi-systeme","32":"product_tag-seven","33":"product_tag-zimmer-biomet","34":"product_tag-zimmer-biomet-tapered-screw-vent","36":"first","37":"instock","38":"shipping-taxable","39":"purchasable","40":"product-type-variable"},"_links":{"self":[{"href":"https:\/\/dentafrica.com\/index.php?rest_route=\/wp\/v2\/product\/43180","targetHints":{"allow":["GET"]}}],"collection":[{"href":"https:\/\/dentafrica.com\/index.php?rest_route=\/wp\/v2\/product"}],"about":[{"href":"https:\/\/dentafrica.com\/index.php?rest_route=\/wp\/v2\/types\/product"}],"replies":[{"embeddable":true,"href":"https:\/\/dentafrica.com\/index.php?rest_route=%2Fwp%2Fv2%2Fcomments&post=43180"}],"wp:featuredmedia":[{"embeddable":true,"href":"https:\/\/dentafrica.com\/index.php?rest_route=\/wp\/v2\/media\/43722"}],"wp:attachment":[{"href":"https:\/\/dentafrica.com\/index.php?rest_route=%2Fwp%2Fv2%2Fmedia&parent=43180"}],"wp:term":[{"taxonomy":"product_cat","embeddable":true,"href":"https:\/\/dentafrica.com\/index.php?rest_route=%2Fwp%2Fv2%2Fproduct_cat&post=43180"},{"taxonomy":"product_tag","embeddable":true,"href":"https:\/\/dentafrica.com\/index.php?rest_route=%2Fwp%2Fv2%2Fproduct_tag&post=43180"}],"curies":[{"name":"wp","href":"https:\/\/api.w.org\/{rel}","templated":true}]}}