{"id":43093,"date":"2023-06-26T15:40:33","date_gmt":"2023-06-26T15:40:33","guid":{"rendered":"https:\/\/dentafrica.com\/?product=compresses-non-tissees-medibase"},"modified":"2024-04-25T17:45:05","modified_gmt":"2024-04-25T17:45:05","slug":"compresses-non-tissees-medibase","status":"publish","type":"product","link":"https:\/\/dentafrica.com\/?product=compresses-non-tissees-medibase","title":{"rendered":"Compresses non tiss\u00e9es &#8211; MEDIBASE"},"content":{"rendered":"<p><span data-mce-fragment=\"1\">Compresses \u00e0 4 \u00e9paisseurs ultra absorbantes, non st\u00e9riles.<\/span><\/p>\n<p><span data-mce-fragment=\"1\"> Caract\u00e9ristiques: <\/span><\/p>\n<p><span data-mce-fragment=\"1\">Dimensions pli\u00e9es : 5 x 5 cm.\u00a0<\/span><\/p>\n<p><span data-mce-fragment=\"1\"> Poids : 40 g\/m\u00b2. <\/span><\/p>\n<p><span data-mce-fragment=\"1\">Ne peluchent pas, ne s\u2019effilochent pas. <\/span><\/p>\n<p><span data-mce-fragment=\"1\">Composition : 70 % viscose, 30 % polyester.\u00a0<\/span><\/p>\n<p><span data-mce-fragment=\"1\"> Conditionnement : <strong>10 sachets de 100 compresses (1 000 compresses)<\/strong>.<\/span><\/p>\n<p><span data-mce-fragment=\"1\"> Classe : I. Fabricant : SYLAMED.<\/span><\/p>\n","protected":false},"excerpt":{"rendered":"<p>Compresses \u00e0 4 \u00e9paisseurs ultra absorbantes, non st\u00e9riles. Caract\u00e9ristiques: Dimensions pli\u00e9es : 5 x 5 cm.\u00a0 Poids : 40 g\/m\u00b2. Ne peluchent pas, ne s\u2019effilochent pas. Composition : 70 % viscose, 30 % polyester.\u00a0 Conditionnement : 10 sachets de 100 compresses (1 000 compresses). Classe : I. Fabricant : SYLAMED.<\/p>\n","protected":false},"featured_media":43633,"comment_status":"open","ping_status":"closed","template":"","meta":[],"product_cat":[1444],"product_tag":[1505,1568,1452,1506,1466,1453,627,1469],"class_list":{"0":"post-43093","1":"product","2":"type-product","3":"status-publish","4":"has-post-thumbnail","6":"product_cat-non-classe","7":"product_tag-compresses","8":"product_tag-marque_medibase","9":"product_tag-omnipratique","10":"product_tag-pansements","11":"product_tag-pharmacie-usage-unique","12":"product_tag-produits-annexes","13":"product_tag-type_compresse-non-tisse","14":"product_tag-usage-unique","16":"first","17":"instock","18":"shipping-taxable","19":"purchasable","20":"product-type-simple"},"_links":{"self":[{"href":"https:\/\/dentafrica.com\/index.php?rest_route=\/wp\/v2\/product\/43093","targetHints":{"allow":["GET"]}}],"collection":[{"href":"https:\/\/dentafrica.com\/index.php?rest_route=\/wp\/v2\/product"}],"about":[{"href":"https:\/\/dentafrica.com\/index.php?rest_route=\/wp\/v2\/types\/product"}],"replies":[{"embeddable":true,"href":"https:\/\/dentafrica.com\/index.php?rest_route=%2Fwp%2Fv2%2Fcomments&post=43093"}],"wp:featuredmedia":[{"embeddable":true,"href":"https:\/\/dentafrica.com\/index.php?rest_route=\/wp\/v2\/media\/43633"}],"wp:attachment":[{"href":"https:\/\/dentafrica.com\/index.php?rest_route=%2Fwp%2Fv2%2Fmedia&parent=43093"}],"wp:term":[{"taxonomy":"product_cat","embeddable":true,"href":"https:\/\/dentafrica.com\/index.php?rest_route=%2Fwp%2Fv2%2Fproduct_cat&post=43093"},{"taxonomy":"product_tag","embeddable":true,"href":"https:\/\/dentafrica.com\/index.php?rest_route=%2Fwp%2Fv2%2Fproduct_tag&post=43093"}],"curies":[{"name":"wp","href":"https:\/\/api.w.org\/{rel}","templated":true}]}}