{"id":43092,"date":"2023-06-26T15:40:32","date_gmt":"2023-06-26T15:40:32","guid":{"rendered":"https:\/\/dentafrica.com\/?product=compresses-en-gaze-medibase"},"modified":"2024-04-25T17:45:05","modified_gmt":"2024-04-25T17:45:05","slug":"compresses-en-gaze-medibase","status":"publish","type":"product","link":"https:\/\/dentafrica.com\/?product=compresses-en-gaze-medibase","title":{"rendered":"Compresses en gaze &#8211; MEDIBASE"},"content":{"rendered":"<p><span data-mce-fragment=\"1\">Compresses tr\u00e8s absorbantes en gaze hydrophile 100 % coton <\/span><\/p>\n<ul>\n<li><span data-mce-fragment=\"1\">8 plis, 17 fils. <\/span><\/li>\n<\/ul>\n<p><span data-mce-fragment=\"1\">Dispositif m\u00e9dical de classe I. Fabricant : SYLAMED <\/span><\/p>\n<p><span data-mce-fragment=\"1\">Dimensions L x I pli\u00e9 : 5 x 5 cm <\/span><\/p>\n<p><span data-mce-fragment=\"1\">dimensions L x I d\u00e9pli\u00e9 : 13,5 x 20 cm <\/span><\/p>\n<p><span data-mce-fragment=\"1\"><strong>Le lot de 1 000 compresses<\/strong> (10 sachets de 100)<\/span><\/p>\n","protected":false},"excerpt":{"rendered":"<p>Compresses tr\u00e8s absorbantes en gaze hydrophile 100 % coton 8 plis, 17 fils. Dispositif m\u00e9dical de classe I. Fabricant : SYLAMED Dimensions L x I pli\u00e9 : 5 x 5 cm dimensions L x I d\u00e9pli\u00e9 : 13,5 x 20 cm Le lot de 1 000 compresses (10 sachets de 100)<\/p>\n","protected":false},"featured_media":43616,"comment_status":"open","ping_status":"closed","template":"","meta":[],"product_cat":[1444],"product_tag":[1505,1568,1452,1506,1466,1453,1469],"class_list":{"0":"post-43092","1":"product","2":"type-product","3":"status-publish","4":"has-post-thumbnail","6":"product_cat-non-classe","7":"product_tag-compresses","8":"product_tag-marque_medibase","9":"product_tag-omnipratique","10":"product_tag-pansements","11":"product_tag-pharmacie-usage-unique","12":"product_tag-produits-annexes","13":"product_tag-usage-unique","15":"first","16":"instock","17":"shipping-taxable","18":"purchasable","19":"product-type-simple"},"_links":{"self":[{"href":"https:\/\/dentafrica.com\/index.php?rest_route=\/wp\/v2\/product\/43092","targetHints":{"allow":["GET"]}}],"collection":[{"href":"https:\/\/dentafrica.com\/index.php?rest_route=\/wp\/v2\/product"}],"about":[{"href":"https:\/\/dentafrica.com\/index.php?rest_route=\/wp\/v2\/types\/product"}],"replies":[{"embeddable":true,"href":"https:\/\/dentafrica.com\/index.php?rest_route=%2Fwp%2Fv2%2Fcomments&post=43092"}],"wp:featuredmedia":[{"embeddable":true,"href":"https:\/\/dentafrica.com\/index.php?rest_route=\/wp\/v2\/media\/43616"}],"wp:attachment":[{"href":"https:\/\/dentafrica.com\/index.php?rest_route=%2Fwp%2Fv2%2Fmedia&parent=43092"}],"wp:term":[{"taxonomy":"product_cat","embeddable":true,"href":"https:\/\/dentafrica.com\/index.php?rest_route=%2Fwp%2Fv2%2Fproduct_cat&post=43092"},{"taxonomy":"product_tag","embeddable":true,"href":"https:\/\/dentafrica.com\/index.php?rest_route=%2Fwp%2Fv2%2Fproduct_tag&post=43092"}],"curies":[{"name":"wp","href":"https:\/\/api.w.org\/{rel}","templated":true}]}}