{"id":42827,"date":"2023-06-26T15:38:52","date_gmt":"2023-06-26T15:38:52","guid":{"rendered":"https:\/\/dentafrica.com\/?product=clavettes-en-inox-cylindro-coniques-dentoclic-itena"},"modified":"2024-04-25T17:44:40","modified_gmt":"2024-04-25T17:44:40","slug":"clavettes-en-inox-cylindro-coniques-dentoclic-itena","status":"publish","type":"product","link":"https:\/\/dentafrica.com\/?product=clavettes-en-inox-cylindro-coniques-dentoclic-itena","title":{"rendered":"Clavettes en inox cylindro-coniques &#8211; DENTOCLIC ITENA"},"content":{"rendered":"<p>Syst\u00e8me de clavettes inox cylindro-coniques. Longueur : 22 mm<\/p>\n<p>Dispositif m\u00e9dical de classe lla. Marquage CE0120<\/p>\n<p>La bo\u00eete de 10 clavettes INOX<\/p>\n<p>T=0 Blanc diam\u00e8tre 1,16 mm<br \/><span>T=1\u00a0Jaune diam\u00e8tre 1,26 mm<br \/><\/span><span>T=2\u00a0Rouge diam\u00e8tre\u00a01,36 mm<br \/><\/span><span>T=3\u00a0Bleu diam\u00e8tre 1,46 mm<br \/><\/span><span>T=4 Vert diam\u00e8tre 1,56 mm<br \/><\/span><span>T=5 Noir diam\u00e8tre 1,66 mm<\/span><\/p>\n","protected":false},"excerpt":{"rendered":"<p>Syst\u00e8me de clavettes inox cylindro-coniques. Longueur : 22 mm Dispositif m\u00e9dical de classe lla. Marquage CE0120 La bo\u00eete de 10 clavettes INOX T=0 Blanc diam\u00e8tre 1,16 mmT=1\u00a0Jaune diam\u00e8tre 1,26 mmT=2\u00a0Rouge diam\u00e8tre\u00a01,36 mmT=3\u00a0Bleu diam\u00e8tre 1,46 mmT=4 Vert diam\u00e8tre 1,56 mmT=5 Noir diam\u00e8tre 1,66 mm<\/p>\n","protected":false},"featured_media":43408,"comment_status":"open","ping_status":"closed","template":"","meta":[],"product_cat":[1444],"product_tag":[1459,1751,1571,1453,1557,1456,1468,1460,1512,1680,510,1681,1682],"class_list":{"0":"post-42827","1":"product","2":"type-product","3":"status-publish","4":"has-post-thumbnail","6":"product_cat-non-classe","7":"product_tag-endodontie","8":"product_tag-marque_dentoclic-itena","9":"product_tag-prise-dempreinte","10":"product_tag-produits-annexes","11":"product_tag-restauration","12":"product_tag-restauration-ciments","13":"product_tag-safe-implant","14":"product_tag-specialite_endodontie","15":"product_tag-specialite_restauration","16":"product_tag-tenon","17":"product_tag-tenon_cylindro-conique-inox","18":"product_tag-tenons","19":"product_tag-tenons-et-alesoirs","21":"first","22":"instock","23":"shipping-taxable","24":"purchasable","25":"product-type-variable"},"_links":{"self":[{"href":"https:\/\/dentafrica.com\/index.php?rest_route=\/wp\/v2\/product\/42827","targetHints":{"allow":["GET"]}}],"collection":[{"href":"https:\/\/dentafrica.com\/index.php?rest_route=\/wp\/v2\/product"}],"about":[{"href":"https:\/\/dentafrica.com\/index.php?rest_route=\/wp\/v2\/types\/product"}],"replies":[{"embeddable":true,"href":"https:\/\/dentafrica.com\/index.php?rest_route=%2Fwp%2Fv2%2Fcomments&post=42827"}],"wp:featuredmedia":[{"embeddable":true,"href":"https:\/\/dentafrica.com\/index.php?rest_route=\/wp\/v2\/media\/43408"}],"wp:attachment":[{"href":"https:\/\/dentafrica.com\/index.php?rest_route=%2Fwp%2Fv2%2Fmedia&parent=42827"}],"wp:term":[{"taxonomy":"product_cat","embeddable":true,"href":"https:\/\/dentafrica.com\/index.php?rest_route=%2Fwp%2Fv2%2Fproduct_cat&post=42827"},{"taxonomy":"product_tag","embeddable":true,"href":"https:\/\/dentafrica.com\/index.php?rest_route=%2Fwp%2Fv2%2Fproduct_tag&post=42827"}],"curies":[{"name":"wp","href":"https:\/\/api.w.org\/{rel}","templated":true}]}}