{"id":42771,"date":"2023-06-26T15:38:18","date_gmt":"2023-06-26T15:38:18","guid":{"rendered":"https:\/\/dentafrica.com\/?product=ciment-verre-ionomere-ultracem-kit-poudre"},"modified":"2024-04-25T17:44:34","modified_gmt":"2024-04-25T17:44:34","slug":"ciment-verre-ionomere-ultracem-kit-poudre","status":"publish","type":"product","link":"https:\/\/dentafrica.com\/?product=ciment-verre-ionomere-ultracem-kit-poudre","title":{"rendered":"Ciment verre ionom\u00e8re ultracem &#8211; kit poudre"},"content":{"rendered":"<p data-mce-fragment=\"1\">Le ciment verre ionom\u00e8re UltraCem vous offre une application efficace ainsi qu&rsquo;une performance in\u00e9galable.\u00a0<\/p>\n<p data-mce-fragment=\"1\">Le kit poudre est plus \u00e9conomique que le\u00a0format seringue. Contient 15g de poudre, 8,6ml de liquide, un bloc \u00e0 spatuler, une cuill\u00e8re dosage et une spatule.<\/p>\n<ul class=\"bullets\" data-mce-fragment=\"1\">\n<li data-mce-fragment=\"1\">Force d&rsquo;adh\u00e9sion la plus haute de sa cat\u00e9gorie<\/li>\n<li data-mce-fragment=\"1\">Fluorure \u00e0 lib\u00e9ration prolong\u00e9e\n<\/li>\n<li data-mce-fragment=\"1\">Structure flexible similaire aux dents naturelles pour r\u00e9duire le risque de casse<\/li>\n<li data-mce-fragment=\"1\">Viscosit\u00e9 fluide et film de faible \u00e9paisseur qui ne compromet pas l&rsquo;occlusion<\/li>\n<li data-mce-fragment=\"1\">Liaison ionique \u00e0 la structure de la dent<\/li>\n<li data-mce-fragment=\"1\">Temps de travail 1\u2013 \u00e0 3\u2013minutes, temps de\u00a0s\u00e9chage 5\u2013minutes\n<\/li>\n<li data-mce-fragment=\"1\">Radio-opacit\u00e9 &gt; 1mm aluminium\u00a0\u00a0<\/li>\n<\/ul>\n<style type=\"text\/css\"><!--\ntd {border: 1px solid #ccc;}br {mso-data-placement:same-cell;}\n--><\/style>\n","protected":false},"excerpt":{"rendered":"<p>Le ciment verre ionom\u00e8re UltraCem vous offre une application efficace ainsi qu&rsquo;une performance in\u00e9galable.\u00a0 Le kit poudre est plus \u00e9conomique que le\u00a0format seringue. Contient 15g de poudre, 8,6ml de liquide, un bloc \u00e0 spatuler, une cuill\u00e8re dosage et une spatule. Force d&rsquo;adh\u00e9sion la plus haute de sa cat\u00e9gorie Fluorure \u00e0 lib\u00e9ration prolong\u00e9e Structure flexible similaire [&hellip;]<\/p>\n","protected":false},"featured_media":43359,"comment_status":"open","ping_status":"closed","template":"","meta":[],"product_cat":[1444],"product_tag":[1552,1458,1514,870,1451,1453,1456,1515,1512,1517,1518],"class_list":{"0":"post-42771","1":"product","2":"type-product","3":"status-publish","4":"has-post-thumbnail","6":"product_cat-non-classe","7":"product_tag-adhesif","8":"product_tag-ciments","9":"product_tag-ciments-definitifs","10":"product_tag-marque_ultracem","11":"product_tag-materiaux","12":"product_tag-produits-annexes","13":"product_tag-restauration-ciments","14":"product_tag-scellement_definitif","15":"product_tag-specialite_restauration","16":"product_tag-type_adhesif","17":"product_tag-type_ciment","19":"first","20":"outofstock","21":"shipping-taxable","22":"purchasable","23":"product-type-simple"},"_links":{"self":[{"href":"https:\/\/dentafrica.com\/index.php?rest_route=\/wp\/v2\/product\/42771","targetHints":{"allow":["GET"]}}],"collection":[{"href":"https:\/\/dentafrica.com\/index.php?rest_route=\/wp\/v2\/product"}],"about":[{"href":"https:\/\/dentafrica.com\/index.php?rest_route=\/wp\/v2\/types\/product"}],"replies":[{"embeddable":true,"href":"https:\/\/dentafrica.com\/index.php?rest_route=%2Fwp%2Fv2%2Fcomments&post=42771"}],"wp:featuredmedia":[{"embeddable":true,"href":"https:\/\/dentafrica.com\/index.php?rest_route=\/wp\/v2\/media\/43359"}],"wp:attachment":[{"href":"https:\/\/dentafrica.com\/index.php?rest_route=%2Fwp%2Fv2%2Fmedia&parent=42771"}],"wp:term":[{"taxonomy":"product_cat","embeddable":true,"href":"https:\/\/dentafrica.com\/index.php?rest_route=%2Fwp%2Fv2%2Fproduct_cat&post=42771"},{"taxonomy":"product_tag","embeddable":true,"href":"https:\/\/dentafrica.com\/index.php?rest_route=%2Fwp%2Fv2%2Fproduct_tag&post=42771"}],"curies":[{"name":"wp","href":"https:\/\/api.w.org\/{rel}","templated":true}]}}