{"id":42744,"date":"2023-06-26T15:38:02","date_gmt":"2023-06-26T15:38:02","guid":{"rendered":"https:\/\/dentafrica.com\/?product=champs-de-chirurgie-steriles-champs-troues-medistock"},"modified":"2024-04-25T17:44:36","modified_gmt":"2024-04-25T17:44:36","slug":"champs-de-chirurgie-steriles-champs-troues-medistock","status":"publish","type":"product","link":"https:\/\/dentafrica.com\/?product=champs-de-chirurgie-steriles-champs-troues-medistock","title":{"rendered":"Champs de chirurgie st\u00e9riles Champs trou\u00e9s &#8211; MEDISTOCK"},"content":{"rendered":"<p data-mce-fragment=\"1\">Champs tr\u00e8s absorbants en polypropyl\u00e8ne lamin\u00e9 compos\u00e9 de 2 couches.<\/p>\n<p data-mce-fragment=\"1\"><span data-mce-fragment=\"1\">Disponible en 2 tailles<\/span> :\u00a0<\/p>\n<ul data-mce-fragment=\"1\">\n<li data-mce-fragment=\"1\"><strong data-mce-fragment=\"1\">50 x 50 cm (lot de 50, <span data-mce-fragment=\"1\">\u2205 10 cm<\/span>)<\/strong><\/li>\n<li data-mce-fragment=\"1\"><strong data-mce-fragment=\"1\">75 x 90 cm (lot de 50,<span data-mce-fragment=\"1\">\u00a0<\/span><span data-mce-fragment=\"1\">\u2205 10 cm<\/span>)<\/strong><\/li>\n<\/ul>\n","protected":false},"excerpt":{"rendered":"<p>Champs tr\u00e8s absorbants en polypropyl\u00e8ne lamin\u00e9 compos\u00e9 de 2 couches. Disponible en 2 tailles :\u00a0 50 x 50 cm (lot de 50, \u2205 10 cm) 75 x 90 cm (lot de 50,\u00a0\u2205 10 cm)<\/p>\n","protected":false},"featured_media":43250,"comment_status":"open","ping_status":"closed","template":"","meta":[],"product_cat":[1444],"product_tag":[749,1474,796,1452,1466,1453,1469],"class_list":{"0":"post-42744","1":"product","2":"type-product","3":"status-publish","4":"has-post-thumbnail","6":"product_cat-non-classe","7":"product_tag-champs-operatoires","8":"product_tag-hygiene-et-entretien","9":"product_tag-marque_medistock","10":"product_tag-omnipratique","11":"product_tag-pharmacie-usage-unique","12":"product_tag-produits-annexes","13":"product_tag-usage-unique","15":"first","16":"outofstock","17":"shipping-taxable","18":"purchasable","19":"product-type-variable"},"_links":{"self":[{"href":"https:\/\/dentafrica.com\/index.php?rest_route=\/wp\/v2\/product\/42744","targetHints":{"allow":["GET"]}}],"collection":[{"href":"https:\/\/dentafrica.com\/index.php?rest_route=\/wp\/v2\/product"}],"about":[{"href":"https:\/\/dentafrica.com\/index.php?rest_route=\/wp\/v2\/types\/product"}],"replies":[{"embeddable":true,"href":"https:\/\/dentafrica.com\/index.php?rest_route=%2Fwp%2Fv2%2Fcomments&post=42744"}],"wp:featuredmedia":[{"embeddable":true,"href":"https:\/\/dentafrica.com\/index.php?rest_route=\/wp\/v2\/media\/43250"}],"wp:attachment":[{"href":"https:\/\/dentafrica.com\/index.php?rest_route=%2Fwp%2Fv2%2Fmedia&parent=42744"}],"wp:term":[{"taxonomy":"product_cat","embeddable":true,"href":"https:\/\/dentafrica.com\/index.php?rest_route=%2Fwp%2Fv2%2Fproduct_cat&post=42744"},{"taxonomy":"product_tag","embeddable":true,"href":"https:\/\/dentafrica.com\/index.php?rest_route=%2Fwp%2Fv2%2Fproduct_tag&post=42744"}],"curies":[{"name":"wp","href":"https:\/\/api.w.org\/{rel}","templated":true}]}}