{"id":42737,"date":"2023-06-26T15:37:57","date_gmt":"2023-06-26T15:37:57","guid":{"rendered":"https:\/\/dentafrica.com\/?product=champ-operatoire-absorbant-sterile"},"modified":"2024-04-25T17:44:30","modified_gmt":"2024-04-25T17:44:30","slug":"champ-operatoire-absorbant-sterile","status":"publish","type":"product","link":"https:\/\/dentafrica.com\/?product=champ-operatoire-absorbant-sterile","title":{"rendered":"Champ op\u00e9ratoire absorbant st\u00e9rile"},"content":{"rendered":"<p>Champ op\u00e9ratoire absorbant st\u00e9rile 60x90cm\u00a0<\/p>\n<p>non perc\u00e9, vendu \u00e0 l&rsquo;unit\u00e9\u00a0 \u00a0\u00a0<\/p>\n","protected":false},"excerpt":{"rendered":"<p>Champ op\u00e9ratoire absorbant st\u00e9rile 60x90cm\u00a0 non perc\u00e9, vendu \u00e0 l&rsquo;unit\u00e9\u00a0 \u00a0\u00a0<\/p>\n","protected":false},"featured_media":43239,"comment_status":"open","ping_status":"closed","template":"","meta":[],"product_cat":[1444],"product_tag":[1472,749,1505,1474,1476,1452,1506,1466,1453,1468,1469],"class_list":{"0":"post-42737","1":"product","2":"type-product","3":"status-publish","4":"has-post-thumbnail","6":"product_cat-non-classe","7":"product_tag-cabinet","8":"product_tag-champs-operatoires","9":"product_tag-compresses","10":"product_tag-hygiene-et-entretien","11":"product_tag-marque_sans-marque","12":"product_tag-omnipratique","13":"product_tag-pansements","14":"product_tag-pharmacie-usage-unique","15":"product_tag-produits-annexes","16":"product_tag-safe-implant","17":"product_tag-usage-unique","19":"first","20":"instock","21":"shipping-taxable","22":"purchasable","23":"product-type-simple"},"_links":{"self":[{"href":"https:\/\/dentafrica.com\/index.php?rest_route=\/wp\/v2\/product\/42737","targetHints":{"allow":["GET"]}}],"collection":[{"href":"https:\/\/dentafrica.com\/index.php?rest_route=\/wp\/v2\/product"}],"about":[{"href":"https:\/\/dentafrica.com\/index.php?rest_route=\/wp\/v2\/types\/product"}],"replies":[{"embeddable":true,"href":"https:\/\/dentafrica.com\/index.php?rest_route=%2Fwp%2Fv2%2Fcomments&post=42737"}],"wp:featuredmedia":[{"embeddable":true,"href":"https:\/\/dentafrica.com\/index.php?rest_route=\/wp\/v2\/media\/43239"}],"wp:attachment":[{"href":"https:\/\/dentafrica.com\/index.php?rest_route=%2Fwp%2Fv2%2Fmedia&parent=42737"}],"wp:term":[{"taxonomy":"product_cat","embeddable":true,"href":"https:\/\/dentafrica.com\/index.php?rest_route=%2Fwp%2Fv2%2Fproduct_cat&post=42737"},{"taxonomy":"product_tag","embeddable":true,"href":"https:\/\/dentafrica.com\/index.php?rest_route=%2Fwp%2Fv2%2Fproduct_tag&post=42737"}],"curies":[{"name":"wp","href":"https:\/\/api.w.org\/{rel}","templated":true}]}}