{"id":42661,"date":"2023-06-26T15:37:25","date_gmt":"2023-06-26T15:37:25","guid":{"rendered":"https:\/\/dentafrica.com\/?product=cardes-a-fraises-kent-dental"},"modified":"2024-04-25T17:44:24","modified_gmt":"2024-04-25T17:44:24","slug":"cardes-a-fraises-kent-dental","status":"publish","type":"product","link":"https:\/\/dentafrica.com\/?product=cardes-a-fraises-kent-dental","title":{"rendered":"Cardes \u00e0 fraises &#8211; Kent Dental"},"content":{"rendered":"<p><span data-mce-fragment=\"1\">Cardes \u00e0 fraises m\u00e9talliques ou en nylon et stylo brossette de nettoyage de fraises. <\/span><\/p>\n<p><span data-mce-fragment=\"1\">Dispositif m\u00e9dical de classe I. Fabricant : CFPM. Carde Excellente qualit\u00e9, pour un parfait nettoyage de vos fraises. Dimensions L x H: 23 x 67 mm.<\/span><\/p>\n<p><span data-mce-fragment=\"1\">Le stylo\u00a0a une prise en main tr\u00e8s confortable gr\u00e2ce \u00e0 son manche r\u00e9tractable pour un nettoyage optimal. Dimensions \u00d8 x H: 7 x 107 mm\u00a0<\/span><\/p>\n","protected":false},"excerpt":{"rendered":"<p>Cardes \u00e0 fraises m\u00e9talliques ou en nylon et stylo brossette de nettoyage de fraises. Dispositif m\u00e9dical de classe I. Fabricant : CFPM. Carde Excellente qualit\u00e9, pour un parfait nettoyage de vos fraises. Dimensions L x H: 23 x 67 mm. Le stylo\u00a0a une prise en main tr\u00e8s confortable gr\u00e2ce \u00e0 son manche r\u00e9tractable pour un [&hellip;]<\/p>\n","protected":false},"featured_media":43149,"comment_status":"open","ping_status":"closed","template":"","meta":[],"product_cat":[1444],"product_tag":[1522,1474,1551,1468],"class_list":{"0":"post-42661","1":"product","2":"type-product","3":"status-publish","4":"has-post-thumbnail","6":"product_cat-non-classe","7":"product_tag-fraises-inserts","8":"product_tag-hygiene-et-entretien","9":"product_tag-marque_kent-dental","10":"product_tag-safe-implant","12":"first","13":"instock","14":"shipping-taxable","15":"purchasable","16":"product-type-variable"},"_links":{"self":[{"href":"https:\/\/dentafrica.com\/index.php?rest_route=\/wp\/v2\/product\/42661","targetHints":{"allow":["GET"]}}],"collection":[{"href":"https:\/\/dentafrica.com\/index.php?rest_route=\/wp\/v2\/product"}],"about":[{"href":"https:\/\/dentafrica.com\/index.php?rest_route=\/wp\/v2\/types\/product"}],"replies":[{"embeddable":true,"href":"https:\/\/dentafrica.com\/index.php?rest_route=%2Fwp%2Fv2%2Fcomments&post=42661"}],"wp:featuredmedia":[{"embeddable":true,"href":"https:\/\/dentafrica.com\/index.php?rest_route=\/wp\/v2\/media\/43149"}],"wp:attachment":[{"href":"https:\/\/dentafrica.com\/index.php?rest_route=%2Fwp%2Fv2%2Fmedia&parent=42661"}],"wp:term":[{"taxonomy":"product_cat","embeddable":true,"href":"https:\/\/dentafrica.com\/index.php?rest_route=%2Fwp%2Fv2%2Fproduct_cat&post=42661"},{"taxonomy":"product_tag","embeddable":true,"href":"https:\/\/dentafrica.com\/index.php?rest_route=%2Fwp%2Fv2%2Fproduct_tag&post=42661"}],"curies":[{"name":"wp","href":"https:\/\/api.w.org\/{rel}","templated":true}]}}