{"id":42531,"date":"2023-06-26T15:36:31","date_gmt":"2023-06-26T15:36:31","guid":{"rendered":"https:\/\/dentafrica.com\/?product=cadre-a-digue-young-105x95mm"},"modified":"2024-04-25T17:44:13","modified_gmt":"2024-04-25T17:44:13","slug":"cadre-a-digue-young-105x95mm","status":"publish","type":"product","link":"https:\/\/dentafrica.com\/?product=cadre-a-digue-young-105x95mm","title":{"rendered":"Cadre \u00e0 digue Young 105x95mm"},"content":{"rendered":"<p data-mce-fragment=\"1\">Cadre \u00e0 digue de\u00a0Lorien<\/p>\n<p data-mce-fragment=\"1\">Maintient le champ de vision d\u00e9gag\u00e9. Pr\u00e9vient la g\u00eane occasionn\u00e9e par l&rsquo;\u00e9cartement des joues. Peut-\u00eatre utilis\u00e9s comme point d&rsquo;ancrage.<\/p>\n<p data-mce-fragment=\"1\">105x95mm<\/p>\n","protected":false},"excerpt":{"rendered":"<p>Cadre \u00e0 digue de\u00a0Lorien Maintient le champ de vision d\u00e9gag\u00e9. Pr\u00e9vient la g\u00eane occasionn\u00e9e par l&rsquo;\u00e9cartement des joues. Peut-\u00eatre utilis\u00e9s comme point d&rsquo;ancrage. 105x95mm<\/p>\n","protected":false},"featured_media":42957,"comment_status":"open","ping_status":"closed","template":"","meta":[],"product_cat":[1444],"product_tag":[1470,1621,1509,1667,682,1459,1476,1466,1456,1460,1512,1668,1469],"class_list":{"0":"post-42531","1":"product","2":"type-product","3":"status-publish","4":"has-post-thumbnail","6":"product_cat-non-classe","7":"product_tag-accessoires","8":"product_tag-accessoires-endodontie","9":"product_tag-accessoires-restauration","10":"product_tag-digue","11":"product_tag-digue-dentaire_cadre-a-digue","12":"product_tag-endodontie","13":"product_tag-marque_sans-marque","14":"product_tag-pharmacie-usage-unique","15":"product_tag-restauration-ciments","16":"product_tag-specialite_endodontie","17":"product_tag-specialite_restauration","18":"product_tag-type_digues-crampons","19":"product_tag-usage-unique","21":"first","22":"instock","23":"shipping-taxable","24":"purchasable","25":"product-type-simple"},"_links":{"self":[{"href":"https:\/\/dentafrica.com\/index.php?rest_route=\/wp\/v2\/product\/42531","targetHints":{"allow":["GET"]}}],"collection":[{"href":"https:\/\/dentafrica.com\/index.php?rest_route=\/wp\/v2\/product"}],"about":[{"href":"https:\/\/dentafrica.com\/index.php?rest_route=\/wp\/v2\/types\/product"}],"replies":[{"embeddable":true,"href":"https:\/\/dentafrica.com\/index.php?rest_route=%2Fwp%2Fv2%2Fcomments&post=42531"}],"wp:featuredmedia":[{"embeddable":true,"href":"https:\/\/dentafrica.com\/index.php?rest_route=\/wp\/v2\/media\/42957"}],"wp:attachment":[{"href":"https:\/\/dentafrica.com\/index.php?rest_route=%2Fwp%2Fv2%2Fmedia&parent=42531"}],"wp:term":[{"taxonomy":"product_cat","embeddable":true,"href":"https:\/\/dentafrica.com\/index.php?rest_route=%2Fwp%2Fv2%2Fproduct_cat&post=42531"},{"taxonomy":"product_tag","embeddable":true,"href":"https:\/\/dentafrica.com\/index.php?rest_route=%2Fwp%2Fv2%2Fproduct_tag&post=42531"}],"curies":[{"name":"wp","href":"https:\/\/api.w.org\/{rel}","templated":true}]}}