{"id":42519,"date":"2023-06-26T15:36:23","date_gmt":"2023-06-26T15:36:23","guid":{"rendered":"https:\/\/dentafrica.com\/?product=bt-race-21-mm-limes-rotatives-steriles-niti-fkg-acteon"},"modified":"2024-04-25T17:44:11","modified_gmt":"2024-04-25T17:44:11","slug":"bt-race-21-mm-limes-rotatives-steriles-niti-fkg-acteon","status":"publish","type":"product","link":"https:\/\/dentafrica.com\/?product=bt-race-21-mm-limes-rotatives-steriles-niti-fkg-acteon","title":{"rendered":"BT-Race 21 mm (limes rotatives st\u00e9riles NiTi) FKG &#8211; ACTEON"},"content":{"rendered":"<p>Selon vos besoins, les instruments Race permettent de composer des s\u00e9quences ad-hoc et sont propos\u00e9s en s\u00e9quences pr\u00e9d\u00e9finies. Les Race sont disponibles en version st\u00e9rile et non st\u00e9rile.<br data-mce-fragment=\"1\"><br data-mce-fragment=\"1\">Tous les instruments de la famille Race b\u00e9n\u00e9ficient du design exclusif \u00e9liminant l&rsquo;effet de vissage (ar\u00eates de coupe altern\u00e9es), du polissage \u00e9l\u00e9ctrochimique augmentant la r\u00e9sistance \u00e0 la fatigue et \u00e0 la corrosion, d&rsquo;une grande flexibilit\u00e9 permettant de mieux respecter les courbes et enfin de la pointe mousse (non active) assurant un parfait centrage de l&rsquo;instrument dans le canal.<\/p>\n<p><strong>St\u00e9rile<\/strong><\/p>\n<ul>\n<li>Les instruments sont st\u00e9riles et emball\u00e9s dans des cellules individuelles.<\/li>\n<li>Ainsi ils sont pr\u00eats \u00e0 l\u2019emploi et les instruments non utilis\u00e9s restent st\u00e9riles<\/li>\n<li>Ses co\u00fbts d\u2019utilisation sont ainsi r\u00e9duits (manipulations, stockage)<\/li>\n<li>L\u2019utilisation des instruments est garantie totalement hygi\u00e9nique<\/li>\n<\/ul>\n<p><strong>Usage unique<\/strong><\/p>\n<ul>\n<li>Les risques de contamination crois\u00e9e entre patients sont exclus<\/li>\n<li>Gr\u00e2ce au nombre restreint d\u2019instruments, le praticien suit un protocole<\/li>\n<li>simple, avec gain de temps appr\u00e9ciable, aussi pour le patient<\/li>\n<li>Les instruments subissent moins de stress, \u00e9liminant le risque de casse<\/li>\n<li>Le nettoyage, la st\u00e9rilisation et la maintenance des instruments ne sont plus<\/li>\n<li>d\u2019actualit\u00e9. Le concept d\u2019utilisation unique r\u00e9duit le temps de manipulation<\/li>\n<li>des instruments utilis\u00e9s et le co\u00fbt induit<\/li>\n<\/ul>\n<p><strong>Respect des concepts biologiques<\/strong><\/p>\n<ul>\n<li>L\u2019efficacit\u00e9 des instruments, la coupe propre de la dentine \u00e0 800 tr\/min ainsi<\/li>\n<li>que le design de la s\u00e9quence assurent une progression ais\u00e9e et minimisent<\/li>\n<li>le risque de micro fissures, que ce soit dans la partie coronale ou apicale<\/li>\n<li>Affaiblissement minimal de la partie coronaire et de la racine gr\u00e2ce<\/li>\n<li>\u00e0 la conicit\u00e9 faible (pr\u00e9paration finale de 35\/.04)<\/li>\n<li>Respect de la trajectoire canalaire gr\u00e2ce \u00e0 la g\u00e9om\u00e9trie de la pointe<\/li>\n<li>de s\u00e9curit\u00e9 et \u00e0 la Booster Tip (BT)<\/li>\n<li>Pr\u00e9paration biologique garantissant le nettoyage ad\u00e9quat de la partie apicale<\/li>\n<li>Excellente \u00e9limination des d\u00e9bris<\/li>\n<\/ul>\n<p><strong>S\u00e9quence BT-Race 21 mm<\/strong>\u00a02 x (BT1 + BT2 + BT3) blister de 6<\/p>\n","protected":false},"excerpt":{"rendered":"<p>Selon vos besoins, les instruments Race permettent de composer des s\u00e9quences ad-hoc et sont propos\u00e9s en s\u00e9quences pr\u00e9d\u00e9finies. Les Race sont disponibles en version st\u00e9rile et non st\u00e9rile.Tous les instruments de la famille Race b\u00e9n\u00e9ficient du design exclusif \u00e9liminant l&rsquo;effet de vissage (ar\u00eates de coupe altern\u00e9es), du polissage \u00e9l\u00e9ctrochimique augmentant la r\u00e9sistance \u00e0 la fatigue [&hellip;]<\/p>\n","protected":false},"featured_media":42946,"comment_status":"open","ping_status":"closed","template":"","meta":[],"product_cat":[1444],"product_tag":[1459,1490,593,515,1452,1453,1460,1646],"class_list":{"0":"post-42519","1":"product","2":"type-product","3":"status-publish","4":"has-post-thumbnail","6":"product_cat-non-classe","7":"product_tag-endodontie","8":"product_tag-lime","9":"product_tag-longueur-de-lime_21mm","10":"product_tag-marque_acteon","11":"product_tag-omnipratique","12":"product_tag-produits-annexes","13":"product_tag-specialite_endodontie","14":"product_tag-type_outils-dendodontie","16":"first","17":"instock","18":"shipping-taxable","19":"purchasable","20":"product-type-simple"},"_links":{"self":[{"href":"https:\/\/dentafrica.com\/index.php?rest_route=\/wp\/v2\/product\/42519","targetHints":{"allow":["GET"]}}],"collection":[{"href":"https:\/\/dentafrica.com\/index.php?rest_route=\/wp\/v2\/product"}],"about":[{"href":"https:\/\/dentafrica.com\/index.php?rest_route=\/wp\/v2\/types\/product"}],"replies":[{"embeddable":true,"href":"https:\/\/dentafrica.com\/index.php?rest_route=%2Fwp%2Fv2%2Fcomments&post=42519"}],"wp:featuredmedia":[{"embeddable":true,"href":"https:\/\/dentafrica.com\/index.php?rest_route=\/wp\/v2\/media\/42946"}],"wp:attachment":[{"href":"https:\/\/dentafrica.com\/index.php?rest_route=%2Fwp%2Fv2%2Fmedia&parent=42519"}],"wp:term":[{"taxonomy":"product_cat","embeddable":true,"href":"https:\/\/dentafrica.com\/index.php?rest_route=%2Fwp%2Fv2%2Fproduct_cat&post=42519"},{"taxonomy":"product_tag","embeddable":true,"href":"https:\/\/dentafrica.com\/index.php?rest_route=%2Fwp%2Fv2%2Fproduct_tag&post=42519"}],"curies":[{"name":"wp","href":"https:\/\/api.w.org\/{rel}","templated":true}]}}