{"id":42485,"date":"2023-06-26T15:35:56","date_gmt":"2023-06-26T15:35:56","guid":{"rendered":"https:\/\/dentafrica.com\/?product=brossettes-medibase"},"modified":"2024-04-25T17:44:11","modified_gmt":"2024-04-25T17:44:11","slug":"brossettes-medibase","status":"publish","type":"product","link":"https:\/\/dentafrica.com\/?product=brossettes-medibase","title":{"rendered":"Brossettes &#8211; MEDIBASE"},"content":{"rendered":"<ul>\n<li><span data-mce-fragment=\"1\">Brossettes miniatures pour le nettoyage et le polissage des dents, pour contre-angles.<\/span><\/li>\n<li><span data-mce-fragment=\"1\"> Sachet \u00e9conomique de 50 brossettes. <\/span><\/li>\n<li><span data-mce-fragment=\"1\">A usage unique, non st\u00e9rile. <\/span><\/li>\n<\/ul>\n<p><span data-mce-fragment=\"1\">Dispositif m\u00e9dical de classe IIa. Marquage CE0120. Fabricant : CPFM<\/span><\/p>\n<p><strong> Poils en nylon<\/strong><\/p>\n<p><strong> Poils en soie naturelle<\/strong><\/p>\n","protected":false},"excerpt":{"rendered":"<p>Brossettes miniatures pour le nettoyage et le polissage des dents, pour contre-angles. Sachet \u00e9conomique de 50 brossettes. A usage unique, non st\u00e9rile. Dispositif m\u00e9dical de classe IIa. Marquage CE0120. Fabricant : CPFM Poils en nylon Poils en soie naturelle<\/p>\n","protected":false},"featured_media":42876,"comment_status":"open","ping_status":"closed","template":"","meta":[],"product_cat":[1444],"product_tag":[1700,1548,1522,1523,1660,1495,1568,1452,605,606,1453,1484,504,1468,1567,1501],"class_list":{"0":"post-42485","1":"product","2":"type-product","3":"status-publish","4":"has-post-thumbnail","6":"product_cat-non-classe","7":"product_tag-contre-angle-ra","8":"product_tag-fraise_ra","9":"product_tag-fraises-inserts","10":"product_tag-fraises-polissage","11":"product_tag-instrumentation-omnipratique","12":"product_tag-instruments","13":"product_tag-marque_medibase","14":"product_tag-omnipratique","15":"product_tag-polissage_brossette","16":"product_tag-poncage-et-polissage-ra","17":"product_tag-produits-annexes","18":"product_tag-prophylaxie","19":"product_tag-prophylaxie_cupules-et-brossettes","20":"product_tag-safe-implant","21":"product_tag-specialite_omnipratique","22":"product_tag-toutes-pratiques","24":"first","25":"instock","26":"shipping-taxable","27":"purchasable","28":"product-type-variable"},"_links":{"self":[{"href":"https:\/\/dentafrica.com\/index.php?rest_route=\/wp\/v2\/product\/42485","targetHints":{"allow":["GET"]}}],"collection":[{"href":"https:\/\/dentafrica.com\/index.php?rest_route=\/wp\/v2\/product"}],"about":[{"href":"https:\/\/dentafrica.com\/index.php?rest_route=\/wp\/v2\/types\/product"}],"replies":[{"embeddable":true,"href":"https:\/\/dentafrica.com\/index.php?rest_route=%2Fwp%2Fv2%2Fcomments&post=42485"}],"wp:featuredmedia":[{"embeddable":true,"href":"https:\/\/dentafrica.com\/index.php?rest_route=\/wp\/v2\/media\/42876"}],"wp:attachment":[{"href":"https:\/\/dentafrica.com\/index.php?rest_route=%2Fwp%2Fv2%2Fmedia&parent=42485"}],"wp:term":[{"taxonomy":"product_cat","embeddable":true,"href":"https:\/\/dentafrica.com\/index.php?rest_route=%2Fwp%2Fv2%2Fproduct_cat&post=42485"},{"taxonomy":"product_tag","embeddable":true,"href":"https:\/\/dentafrica.com\/index.php?rest_route=%2Fwp%2Fv2%2Fproduct_tag&post=42485"}],"curies":[{"name":"wp","href":"https:\/\/api.w.org\/{rel}","templated":true}]}}