{"id":42463,"date":"2023-06-26T15:35:44","date_gmt":"2023-06-26T15:35:44","guid":{"rendered":"https:\/\/dentafrica.com\/?product=brosse-a-dents-electrique-oral-b-braun-pro2"},"modified":"2024-04-25T17:44:05","modified_gmt":"2024-04-25T17:44:05","slug":"brosse-a-dents-electrique-oral-b-braun-pro2","status":"publish","type":"product","link":"https:\/\/dentafrica.com\/?product=brosse-a-dents-electrique-oral-b-braun-pro2","title":{"rendered":"Brosse \u00e0 dents \u00e9lectrique Oral-B Braun pro2"},"content":{"rendered":"<p><span style=\"font-size: 1.4em;\">Brosse \u00e0 dent \u00e9lectrique Oral-B Braun pro2<\/span><\/p>\n<ul class=\"product_details_items font-2-l\">\n<li class=\"product_details_item\">Brosse \u00e0 dents rechargeable &#8211; Technologie 3D<\/li>\n<li class=\"product_details_item\">2 modes de brossage<\/li>\n<li class=\"product_details_item\">Minuteur Professionnel 4 x 30s<\/li>\n<li class=\"product_details_item\">8800 mouvements\/min + 40 000 Pulsations\/min<\/li>\n<li class=\"product_details_item\">\n<div>Fournie avec\u00a02 brossettes et un \u00e9tui de transport<\/div>\n<\/li>\n<\/ul>\n<div><b>Technologie 3D :<\/b><\/div>\n<div>La brosse \u00e0 dents est \u00e9quip\u00e9e de la technologie 3D oscillo-rotative qui vous offre 8800 oscillations\/minute et 40 000 pulsations\/minute pour une \u00e9limination optimale de la plaque dentaire.<\/div>\n<div><\/div>\n<div><b>Modes de brossage :\u00a0<\/b><\/div>\n<div>Pour une efficacit\u00e9 maximum, 2 modes de brossage vous sont propos\u00e9s :\u00a0<\/div>\n<div>&#8211;<span>\u00a0<\/span><b>Standard :<span>\u00a0<\/span><\/b>id\u00e9al pour un nettoyage quotidien et une propret\u00e9 optimale<\/div>\n<div>&#8211;<span>\u00a0<\/span><b>Douceur :<span>\u00a0<\/span><\/b>brossage en douceur des dents et des gencives, nettoyage \u00e0 vitesse r\u00e9duite mais efficace sur les zones sensibles\u00a0<\/div>\n<div><\/div>\n<div><b>Minuteur professionnel :<\/b><\/div>\n<div>La<span>\u00a0<\/span><b>minuterie professionnelle de 2 minutes<\/b><span>\u00a0<\/span>en intervalles de 30 secondes vous permet de v\u00e9rifier facilement la dur\u00e9e de brossage et d&rsquo;atteindre la dur\u00e9e de brossage recommand\u00e9e par votre dentiste.<\/div>\n<div><\/div>\n<div><b>Rechargeable :\u00a0<\/b><\/div>\n<div>Elle est rechargeable et poss\u00e8de une<span>\u00a0<\/span><b>autonomie allant jusqu&rsquo;\u00e0 14 jours.<\/b>\n<\/div>\n<div>Un<span>\u00a0<\/span><b>indicateur de charge \u00e0 LED\u00a0<\/b>est situ\u00e9 sur le corps de la brosse afin de vous pr\u00e9venir de la n\u00e9cessit\u00e9 de recharger la brosse \u00e0 dents.\u00a0<\/div>\n<div><\/div>\n<div><b>Confort d&rsquo;utilisation :<\/b><\/div>\n<div>Profitez d&rsquo;une<span>\u00a0<\/span><b>utilisation optimale<\/b><span>\u00a0<\/span>gr\u00e2ce au<span>\u00a0<\/span><b>capteur de pression,<\/b><span>\u00a0<\/span>qui\u00a0<b>diminue automatiquement l&rsquo;intensit\u00e9<\/b><span>\u00a0<\/span>du brossage en cas de forte pression.<\/div>\n","protected":false},"excerpt":{"rendered":"<p>Brosse \u00e0 dent \u00e9lectrique Oral-B Braun pro2 Brosse \u00e0 dents rechargeable &#8211; Technologie 3D 2 modes de brossage Minuteur Professionnel 4 x 30s 8800 mouvements\/min + 40 000 Pulsations\/min Fournie avec\u00a02 brossettes et un \u00e9tui de transport Technologie 3D : La brosse \u00e0 dents est \u00e9quip\u00e9e de la technologie 3D oscillo-rotative qui vous offre 8800 [&hellip;]<\/p>\n","protected":false},"featured_media":42847,"comment_status":"open","ping_status":"closed","template":"","meta":[],"product_cat":[1444],"product_tag":[624,862,519,1453,1484,1468,1485],"class_list":{"0":"post-42463","1":"product","2":"type-product","3":"status-publish","4":"has-post-thumbnail","6":"product_cat-non-classe","7":"product_tag-brosse-a-dents","8":"product_tag-marque_oral-b","9":"product_tag-patient","10":"product_tag-produits-annexes","11":"product_tag-prophylaxie","12":"product_tag-safe-implant","13":"product_tag-type_patient","15":"first","16":"outofstock","17":"shipping-taxable","18":"purchasable","19":"product-type-simple"},"_links":{"self":[{"href":"https:\/\/dentafrica.com\/index.php?rest_route=\/wp\/v2\/product\/42463","targetHints":{"allow":["GET"]}}],"collection":[{"href":"https:\/\/dentafrica.com\/index.php?rest_route=\/wp\/v2\/product"}],"about":[{"href":"https:\/\/dentafrica.com\/index.php?rest_route=\/wp\/v2\/types\/product"}],"replies":[{"embeddable":true,"href":"https:\/\/dentafrica.com\/index.php?rest_route=%2Fwp%2Fv2%2Fcomments&post=42463"}],"wp:featuredmedia":[{"embeddable":true,"href":"https:\/\/dentafrica.com\/index.php?rest_route=\/wp\/v2\/media\/42847"}],"wp:attachment":[{"href":"https:\/\/dentafrica.com\/index.php?rest_route=%2Fwp%2Fv2%2Fmedia&parent=42463"}],"wp:term":[{"taxonomy":"product_cat","embeddable":true,"href":"https:\/\/dentafrica.com\/index.php?rest_route=%2Fwp%2Fv2%2Fproduct_cat&post=42463"},{"taxonomy":"product_tag","embeddable":true,"href":"https:\/\/dentafrica.com\/index.php?rest_route=%2Fwp%2Fv2%2Fproduct_tag&post=42463"}],"curies":[{"name":"wp","href":"https:\/\/api.w.org\/{rel}","templated":true}]}}