{"id":42381,"date":"2023-06-26T15:35:30","date_gmt":"2023-06-26T15:35:30","guid":{"rendered":"https:\/\/dentafrica.com\/?product=bras-radio-mural-x-mind-unity-haut-bras-acteon"},"modified":"2024-04-25T17:44:00","modified_gmt":"2024-04-25T17:44:00","slug":"bras-radio-mural-x-mind-unity-haut-bras-acteon","status":"publish","type":"product","link":"https:\/\/dentafrica.com\/?product=bras-radio-mural-x-mind-unity-haut-bras-acteon","title":{"rendered":"Bras radio mural X-Mind unity Haut bras &#8211; ACTEON"},"content":{"rendered":"<p><span>D\u00e9couvrez X-MIND UNITY\u2122, le c\u00e9l\u00e8bre syst\u00e8me intraoral \u00e0 l\u2019\u00e9preuve des balles. Avec son style \u00e9l\u00e9gant associ\u00e9 \u00e0 la technologie de pointe brevet\u00e9e ACE, X-MIND<\/span><sup>\u00ae<\/sup><span>\u00a0UNITY fait \u00e9voluer la norme en mati\u00e8re de g\u00e9n\u00e9rateurs de rayons X vers un niveau sans \u00e9gal. Une parfaite pr\u00e9cision et une protection des patients jamais atteintes jusqu\u2019\u00e0 pr\u00e9sent par aucun autre syst\u00e8me radiographique.<\/span><\/p>\n<p><span>&#8211; Le ge\u0301ne\u0301rateur X-MindTM unity est pre\u0301-c\u00e2ble\u0301 pour une inte\u0301gration du capteur digital SOPIX inside\u00a0avec\u00a0d\u00e9clencheur manuel possibilit\u00e9 de d\u00e9clencheur d\u00e9port\u00e9 filaire<\/span><\/p>\n<p><span>&#8211; Disponible 2 longueurs :<\/span><\/p>\n<ul>\n<li><strong>80cm<\/strong><\/li>\n<li><strong>110cm<\/strong><\/li>\n<\/ul>\n<p><span data-mce-fragment=\"1\">&#8211; Point de focal 0,4 mm Affichage de la dose<\/span><\/p>\n<p><span data-mce-fragment=\"1\">&#8211; Re\u0301glages de parame\u0300tres radiologiques (temps, mA, kV)<\/span><\/p>\n<p>&#8211;\u00a0<span data-mce-fragment=\"1\">Garantie 3 ans<\/span><\/p>\n<p>\u00a0<\/p>\n<p><a href=\"https:\/\/cdn.shopify.com\/s\/files\/1\/0511\/8394\/3873\/files\/X_MIND_Unity_brochure_FR_707096_C.pdf?v=1616404253\" title=\"Brochure X-Mind unity\"><span data-mce-fragment=\"1\">Plus d&rsquo;information<\/span><\/a><\/p>\n","protected":false},"excerpt":{"rendered":"<p>D\u00e9couvrez X-MIND UNITY\u2122, le c\u00e9l\u00e8bre syst\u00e8me intraoral \u00e0 l\u2019\u00e9preuve des balles. Avec son style \u00e9l\u00e9gant associ\u00e9 \u00e0 la technologie de pointe brevet\u00e9e ACE, X-MIND\u00ae\u00a0UNITY fait \u00e9voluer la norme en mati\u00e8re de g\u00e9n\u00e9rateurs de rayons X vers un niveau sans \u00e9gal. Une parfaite pr\u00e9cision et une protection des patients jamais atteintes jusqu\u2019\u00e0 pr\u00e9sent par aucun autre [&hellip;]<\/p>\n","protected":false},"featured_media":42822,"comment_status":"open","ping_status":"closed","template":"","meta":[],"product_cat":[1444],"product_tag":[1566,1730,1731,1483,1569,515],"class_list":{"0":"post-42381","1":"product","2":"type-product","3":"status-publish","4":"has-post-thumbnail","6":"product_cat-non-classe","7":"product_tag-appareils","8":"product_tag-generateurs-de-rayons-x","9":"product_tag-imagerie","10":"product_tag-le-cabinet","11":"product_tag-les-appareils","12":"product_tag-marque_acteon","14":"first","15":"instock","16":"shipping-taxable","17":"purchasable","18":"product-type-variable"},"_links":{"self":[{"href":"https:\/\/dentafrica.com\/index.php?rest_route=\/wp\/v2\/product\/42381","targetHints":{"allow":["GET"]}}],"collection":[{"href":"https:\/\/dentafrica.com\/index.php?rest_route=\/wp\/v2\/product"}],"about":[{"href":"https:\/\/dentafrica.com\/index.php?rest_route=\/wp\/v2\/types\/product"}],"replies":[{"embeddable":true,"href":"https:\/\/dentafrica.com\/index.php?rest_route=%2Fwp%2Fv2%2Fcomments&post=42381"}],"wp:featuredmedia":[{"embeddable":true,"href":"https:\/\/dentafrica.com\/index.php?rest_route=\/wp\/v2\/media\/42822"}],"wp:attachment":[{"href":"https:\/\/dentafrica.com\/index.php?rest_route=%2Fwp%2Fv2%2Fmedia&parent=42381"}],"wp:term":[{"taxonomy":"product_cat","embeddable":true,"href":"https:\/\/dentafrica.com\/index.php?rest_route=%2Fwp%2Fv2%2Fproduct_cat&post=42381"},{"taxonomy":"product_tag","embeddable":true,"href":"https:\/\/dentafrica.com\/index.php?rest_route=%2Fwp%2Fv2%2Fproduct_tag&post=42381"}],"curies":[{"name":"wp","href":"https:\/\/api.w.org\/{rel}","templated":true}]}}