{"id":42375,"date":"2023-06-26T15:35:29","date_gmt":"2023-06-26T15:35:29","guid":{"rendered":"https:\/\/dentafrica.com\/?product=bras-radio-mural-x-mind-dc-acteon"},"modified":"2024-04-25T17:44:00","modified_gmt":"2024-04-25T17:44:00","slug":"bras-radio-mural-x-mind-dc-acteon","status":"publish","type":"product","link":"https:\/\/dentafrica.com\/?product=bras-radio-mural-x-mind-dc-acteon","title":{"rendered":"Bras radio mural X-mind DC &#8211; ACTEON"},"content":{"rendered":"<p><span>Le syst\u00e8me de radiographie intraorale X-Mind<\/span><sup>\u00ae<\/sup><span>\u00a0DC garantit des niveaux d\u2019exposition s\u00fbrs et des images de haute qualit\u00e9 !\u00a0<\/span><br \/><span>Il fonctionne \u00e0 haute fr\u00e9quence, ce qui favorise l\u2019\u00e9mission de rayonnements de tr\u00e8s haute qualit\u00e9 lors de chaque utilisation. Cela est rendu possible par la \u00abdouble chambre\u00bb qui assure une s\u00e9paration entre le tube et les composants \u00e9lectroniques. Le logiciel de contr\u00f4le compense automatiquement les variations de la tension d\u2019alimentation et le rayonnement \u00e9mis est toujours de la meilleure qualit\u00e9 pour g\u00e9n\u00e9rer des images avec des param\u00e8tres reproductibles.<\/span><\/p>\n<p><span>&#8211; Disponible 3 longueurs :<\/span><\/p>\n<ul>\n<li><strong>BRAS 40cm Longueur 143 cm , focale 0.7 mm<\/strong><\/li>\n<li><strong>BRAS 80cm\u00a0Longueur 185 cm , focale 0.7 mm<\/strong><\/li>\n<li><strong>BRAS 110cm\u00a0Longueur 212 cm , focale 0.7 mm<\/strong><\/li>\n<\/ul>\n<p>&#8211; Bras radio mural avec\u00a0<span data-mce-fragment=\"1\">d\u00e9clencheur manuel possibilit\u00e9 de d\u00e9clencheur d\u00e9port\u00e9 filaire<\/span><\/p>\n<p><span data-mce-fragment=\"1\">&#8211;\u00a0Fixation par le haut\u00a0<\/span><\/p>\n<p><span data-mce-fragment=\"1\">&#8211;\u00a0Garantie: 2 ans<\/span><\/p>\n","protected":false},"excerpt":{"rendered":"<p>Le syst\u00e8me de radiographie intraorale X-Mind\u00ae\u00a0DC garantit des niveaux d\u2019exposition s\u00fbrs et des images de haute qualit\u00e9 !\u00a0Il fonctionne \u00e0 haute fr\u00e9quence, ce qui favorise l\u2019\u00e9mission de rayonnements de tr\u00e8s haute qualit\u00e9 lors de chaque utilisation. Cela est rendu possible par la \u00abdouble chambre\u00bb qui assure une s\u00e9paration entre le tube et les composants \u00e9lectroniques. [&hellip;]<\/p>\n","protected":false},"featured_media":42806,"comment_status":"open","ping_status":"closed","template":"","meta":[],"product_cat":[1444],"product_tag":[1566,1730,1731,1483,1569,515],"class_list":{"0":"post-42375","1":"product","2":"type-product","3":"status-publish","4":"has-post-thumbnail","6":"product_cat-non-classe","7":"product_tag-appareils","8":"product_tag-generateurs-de-rayons-x","9":"product_tag-imagerie","10":"product_tag-le-cabinet","11":"product_tag-les-appareils","12":"product_tag-marque_acteon","14":"first","15":"instock","16":"shipping-taxable","17":"purchasable","18":"product-type-variable"},"_links":{"self":[{"href":"https:\/\/dentafrica.com\/index.php?rest_route=\/wp\/v2\/product\/42375","targetHints":{"allow":["GET"]}}],"collection":[{"href":"https:\/\/dentafrica.com\/index.php?rest_route=\/wp\/v2\/product"}],"about":[{"href":"https:\/\/dentafrica.com\/index.php?rest_route=\/wp\/v2\/types\/product"}],"replies":[{"embeddable":true,"href":"https:\/\/dentafrica.com\/index.php?rest_route=%2Fwp%2Fv2%2Fcomments&post=42375"}],"wp:featuredmedia":[{"embeddable":true,"href":"https:\/\/dentafrica.com\/index.php?rest_route=\/wp\/v2\/media\/42806"}],"wp:attachment":[{"href":"https:\/\/dentafrica.com\/index.php?rest_route=%2Fwp%2Fv2%2Fmedia&parent=42375"}],"wp:term":[{"taxonomy":"product_cat","embeddable":true,"href":"https:\/\/dentafrica.com\/index.php?rest_route=%2Fwp%2Fv2%2Fproduct_cat&post=42375"},{"taxonomy":"product_tag","embeddable":true,"href":"https:\/\/dentafrica.com\/index.php?rest_route=%2Fwp%2Fv2%2Fproduct_tag&post=42375"}],"curies":[{"name":"wp","href":"https:\/\/api.w.org\/{rel}","templated":true}]}}