{"id":42152,"date":"2023-06-26T15:34:20","date_gmt":"2023-06-26T15:34:20","guid":{"rendered":"https:\/\/dentafrica.com\/?product=boite-de-6-limes-k-21mm-micromega"},"modified":"2024-04-25T17:43:41","modified_gmt":"2024-04-25T17:43:41","slug":"boite-de-6-limes-k-21mm-micromega","status":"publish","type":"product","link":"https:\/\/dentafrica.com\/?product=boite-de-6-limes-k-21mm-micromega","title":{"rendered":"Bo\u00eete de 6 limes K 21mm MicroMega"},"content":{"rendered":"<p data-mce-fragment=\"1\"><strong data-mce-fragment=\"1\">Limes K (MicroMega K-Files) de conicit\u00e9 2%, conditionn\u00e9es en blisters st\u00e9riles de 6<\/strong><\/p>\n<p data-mce-fragment=\"1\">Ces limes \u00e0 section triangulaire sont d&rsquo;une<span class=\"text-bold\">\u00a0excellente flexibilit\u00e9<\/span>\u00a0gr\u00e2ce \u00e0 leur manche cylindrique et leur coupe optimis\u00e9e. Ces limes sont fabriqu\u00e9es\u00a0<span class=\"text-bold\">en acier inoxydable<\/span>\u00a0pour une\u00a0<span class=\"text-bold\">r\u00e9sistance in\u00e9gal\u00e9e,<\/span>\u00a0elles poss\u00e8dent des stops en silicone int\u00e9gr\u00e9. Son manche plastique est st\u00e9rilisable \u00e0 135\u00b0C.<\/p>\n<p data-mce-fragment=\"1\">L\u2019exploration d\u2019un canal radiculaire avec une lime K fournit des renseignements \u00e0 la fois sur son diam\u00e8tre, sa courbure et son \u00e9tat de min\u00e9ralisation. Une lime K permet d\u2019\u00e9valuer la difficult\u00e9 du traitement et donc de s\u00e9lectionner le choix de la s\u00e9quence instrumentale la plus adapt\u00e9e, tout en \u00e9liminant les premi\u00e8res contraintes m\u00e9caniques.<\/p>\n<p data-mce-fragment=\"1\">Une lime K permet d\u2019estimer la longueur de travail durant l\u2019exploration initiale, avec ou sans localisateur d\u2019apex \u00e9lectronique.<\/p>\n<p data-mce-fragment=\"1\">L\u2019utilisation de limes K pour r\u00e9capituler apr\u00e8s chaque action effectu\u00e9e avec une lime en NiTi m\u00e9canis\u00e9e permet de suivre le bon chemin de descente, r\u00e9duit le risque de fracture instrumentale, explore soigneusement le tiers apical et garantit sa perm\u00e9abilit\u00e9.<\/p>\n<ul>\n<li>\n<strong>Instruments pr\u00e9 st\u00e9rilis\u00e9s durant le cycle industriel :<span>\u00a0<\/span><\/strong>pr\u00eats \u00e0 l\u2019emploi, st\u00e9rilisation conforme des recommandations en vigueur en mati\u00e8re de contr\u00f4le des infections, renforc\u00e9es dans le contexte de pand\u00e9mie de la COVID-19<\/li>\n<li>\n<strong>Usage multiple\u00a0:<\/strong><span>\u00a0<\/span>selon la taille des limes et l\u2019aspect visuel apr\u00e8s chaque usage, les limes peuvent \u00eatre r\u00e9utilis\u00e9es apr\u00e8s un cycle d\u2019autoclave \u00e0 134\u00b0C, de 2 \u00e0 5 fois<\/li>\n<li>\n<strong>Manche ergonomique :<\/strong><span>\u00a0<\/span>bonne pr\u00e9hension de la lime pour faciliter le parcours dans des canaux calcifi\u00e9s et incurv\u00e9s<\/li>\n<li>\n<strong>Identification claire :<span>\u00a0<\/span><\/strong>marquage permanent du num\u00e9ro de la lime et de la forme de sa section, manche color\u00e9 selon le codage standard ISO, marqueur sp\u00e9cifique utilisable pour rep\u00e9rer l\u2019emplacement de la pr\u00e9-courbure \u00e9ventuelle<\/li>\n<li>\n<strong>Bague silicone radio-opaque<\/strong><span>\u00a0<\/span>permettant un ajustement parfait \u00e0 la longueur de travail<\/li>\n<li>\n<strong>Processus de fabrication et de contr\u00f4le de haute qualit\u00e9:<\/strong><span>\u00a0<\/span>machines automatis\u00e9es en interne et \u00e0 la pointe de la technologie, expertise historique de MicroMega en terme d\u2019op\u00e9rations de rectification, respect des normes de qualit\u00e9 et de contr\u00f4le les plus exigeantes, \u00e0 chaque \u00e9tape du processus de fabrication\u00a0\u00a0<\/li>\n<\/ul>\n","protected":false},"excerpt":{"rendered":"<p>Limes K (MicroMega K-Files) de conicit\u00e9 2%, conditionn\u00e9es en blisters st\u00e9riles de 6 Ces limes \u00e0 section triangulaire sont d&rsquo;une\u00a0excellente flexibilit\u00e9\u00a0gr\u00e2ce \u00e0 leur manche cylindrique et leur coupe optimis\u00e9e. Ces limes sont fabriqu\u00e9es\u00a0en acier inoxydable\u00a0pour une\u00a0r\u00e9sistance in\u00e9gal\u00e9e,\u00a0elles poss\u00e8dent des stops en silicone int\u00e9gr\u00e9. Son manche plastique est st\u00e9rilisable \u00e0 135\u00b0C. L\u2019exploration d\u2019un canal radiculaire avec [&hellip;]<\/p>\n","protected":false},"featured_media":42632,"comment_status":"open","ping_status":"closed","template":"","meta":[],"product_cat":[1444],"product_tag":[1473,1459,1490,593,1704,1452,595,1453,1468,1460,1646],"class_list":{"0":"post-42152","1":"product","2":"type-product","3":"status-publish","4":"has-post-thumbnail","6":"product_cat-non-classe","7":"product_tag-consommables","8":"product_tag-endodontie","9":"product_tag-lime","10":"product_tag-longueur-de-lime_21mm","11":"product_tag-marque_micro-mega","12":"product_tag-omnipratique","13":"product_tag-outil-dendodontie_lime-type-k","14":"product_tag-produits-annexes","15":"product_tag-safe-implant","16":"product_tag-specialite_endodontie","17":"product_tag-type_outils-dendodontie","19":"first","20":"outofstock","21":"shipping-taxable","22":"purchasable","23":"product-type-variable"},"_links":{"self":[{"href":"https:\/\/dentafrica.com\/index.php?rest_route=\/wp\/v2\/product\/42152","targetHints":{"allow":["GET"]}}],"collection":[{"href":"https:\/\/dentafrica.com\/index.php?rest_route=\/wp\/v2\/product"}],"about":[{"href":"https:\/\/dentafrica.com\/index.php?rest_route=\/wp\/v2\/types\/product"}],"replies":[{"embeddable":true,"href":"https:\/\/dentafrica.com\/index.php?rest_route=%2Fwp%2Fv2%2Fcomments&post=42152"}],"wp:featuredmedia":[{"embeddable":true,"href":"https:\/\/dentafrica.com\/index.php?rest_route=\/wp\/v2\/media\/42632"}],"wp:attachment":[{"href":"https:\/\/dentafrica.com\/index.php?rest_route=%2Fwp%2Fv2%2Fmedia&parent=42152"}],"wp:term":[{"taxonomy":"product_cat","embeddable":true,"href":"https:\/\/dentafrica.com\/index.php?rest_route=%2Fwp%2Fv2%2Fproduct_cat&post=42152"},{"taxonomy":"product_tag","embeddable":true,"href":"https:\/\/dentafrica.com\/index.php?rest_route=%2Fwp%2Fv2%2Fproduct_tag&post=42152"}],"curies":[{"name":"wp","href":"https:\/\/api.w.org\/{rel}","templated":true}]}}