{"id":41698,"date":"2023-06-26T15:31:47","date_gmt":"2023-06-26T15:31:47","guid":{"rendered":"https:\/\/dentafrica.com\/?product=boite-de-100-cupules-de-prophylaxie"},"modified":"2024-04-25T17:43:00","modified_gmt":"2024-04-25T17:43:00","slug":"boite-de-100-cupules-de-prophylaxie","status":"publish","type":"product","link":"https:\/\/dentafrica.com\/?product=boite-de-100-cupules-de-prophylaxie","title":{"rendered":"Bo\u00eete de 100 cupules de prophylaxie"},"content":{"rendered":"<p><span style=\"font-size: 10pt;\"><strong><span style=\"font-family: Arial; text-align: center;\"><font style=\"vertical-align: inherit;\"><font style=\"vertical-align: inherit;\">100 Cupules en m\u00e9tal et silicone de prophylaxie<\/font><\/font><\/span><\/strong><\/span><\/p>\n<p><span style=\"font-size: 10pt; font-family: Arial; text-align: center;\"><font style=\"vertical-align: inherit;\"><font style=\"vertical-align: inherit;\">Le bout en m\u00e9tal se connecte \u00e0 la pi\u00e8ce \u00e0 main. <\/font><\/font><\/span><\/p>\n<p><span style=\"font-size: 10pt; font-family: Arial; text-align: center;\"><font style=\"vertical-align: inherit;\"><font style=\"vertical-align: inherit;\">Non st\u00e9riles, ne contiennent pas de mat\u00e9riaux abrasifs de polissage. <\/font><\/font><\/span><\/p>\n<p><span style=\"font-size: 10pt; font-family: Arial; text-align: center;\"><font style=\"vertical-align: inherit;\"><font style=\"vertical-align: inherit;\">La t\u00eate est faite en silicone, et la tige de cuivre plaqu\u00e9 nickel. <\/font><\/font><\/span><\/p>\n<p><span style=\"font-size: 10pt; font-family: Arial; text-align: center;\"><font style=\"vertical-align: inherit;\"><font style=\"vertical-align: inherit;\">Recommand\u00e9s pour le polissage, \u00f4ter les mat\u00e9riaux de restauration en exc\u00e8s, nettoyer les implants.<\/font><\/font><\/span><\/p>\n<p><span style=\"font-size: 10pt; font-family: Arial; text-align: center;\"><font style=\"vertical-align: inherit;\"><font style=\"vertical-align: inherit;\"> Aussi utilis\u00e9 pour polir et d\u00e9tartrer la surface dentaire. <\/font><\/font><\/span><\/p>\n<p><span style=\"font-size: 10pt; font-family: Arial; text-align: center;\"><font style=\"vertical-align: inherit;\"><font style=\"vertical-align: inherit;\">Vendus par bo\u00eete de 100 pi\u00e8ces. <\/font><\/font><\/span><\/p>\n<p><span style=\"font-size: 10pt; font-family: Arial; text-align: center;\"><font style=\"vertical-align: inherit;\"><font style=\"vertical-align: inherit;\">Dimensions tige: 14,5mm <\/font><\/font><\/span><\/p>\n<p><span style=\"font-size: 10pt; font-family: Arial; text-align: center;\"><font style=\"vertical-align: inherit;\"><font style=\"vertical-align: inherit;\">Dimensions t\u00eate en silicone: 8mm<\/font><\/font><\/span><\/p>\n","protected":false},"excerpt":{"rendered":"<p>100 Cupules en m\u00e9tal et silicone de prophylaxie Le bout en m\u00e9tal se connecte \u00e0 la pi\u00e8ce \u00e0 main. Non st\u00e9riles, ne contiennent pas de mat\u00e9riaux abrasifs de polissage. La t\u00eate est faite en silicone, et la tige de cuivre plaqu\u00e9 nickel. Recommand\u00e9s pour le polissage, \u00f4ter les mat\u00e9riaux de restauration en exc\u00e8s, nettoyer les [&hellip;]<\/p>\n","protected":false},"featured_media":42179,"comment_status":"open","ping_status":"closed","template":"","meta":[],"product_cat":[1444],"product_tag":[1548,1522,1523,1660,1495,1476,1452,1453,1484,504,1468,1567,1501],"class_list":{"0":"post-41698","1":"product","2":"type-product","3":"status-publish","4":"has-post-thumbnail","6":"product_cat-non-classe","7":"product_tag-fraise_ra","8":"product_tag-fraises-inserts","9":"product_tag-fraises-polissage","10":"product_tag-instrumentation-omnipratique","11":"product_tag-instruments","12":"product_tag-marque_sans-marque","13":"product_tag-omnipratique","14":"product_tag-produits-annexes","15":"product_tag-prophylaxie","16":"product_tag-prophylaxie_cupules-et-brossettes","17":"product_tag-safe-implant","18":"product_tag-specialite_omnipratique","19":"product_tag-toutes-pratiques","21":"first","22":"instock","23":"shipping-taxable","24":"purchasable","25":"product-type-variable"},"_links":{"self":[{"href":"https:\/\/dentafrica.com\/index.php?rest_route=\/wp\/v2\/product\/41698","targetHints":{"allow":["GET"]}}],"collection":[{"href":"https:\/\/dentafrica.com\/index.php?rest_route=\/wp\/v2\/product"}],"about":[{"href":"https:\/\/dentafrica.com\/index.php?rest_route=\/wp\/v2\/types\/product"}],"replies":[{"embeddable":true,"href":"https:\/\/dentafrica.com\/index.php?rest_route=%2Fwp%2Fv2%2Fcomments&post=41698"}],"wp:featuredmedia":[{"embeddable":true,"href":"https:\/\/dentafrica.com\/index.php?rest_route=\/wp\/v2\/media\/42179"}],"wp:attachment":[{"href":"https:\/\/dentafrica.com\/index.php?rest_route=%2Fwp%2Fv2%2Fmedia&parent=41698"}],"wp:term":[{"taxonomy":"product_cat","embeddable":true,"href":"https:\/\/dentafrica.com\/index.php?rest_route=%2Fwp%2Fv2%2Fproduct_cat&post=41698"},{"taxonomy":"product_tag","embeddable":true,"href":"https:\/\/dentafrica.com\/index.php?rest_route=%2Fwp%2Fv2%2Fproduct_tag&post=41698"}],"curies":[{"name":"wp","href":"https:\/\/api.w.org\/{rel}","templated":true}]}}